{"id":1236,"date":"2017-05-29T10:53:47","date_gmt":"2017-05-29T10:53:47","guid":{"rendered":"https:\/\/gimsoaragon.com\/francisco-bartol-puyal\/"},"modified":"2017-09-21T08:09:24","modified_gmt":"2017-09-21T08:09:24","slug":"francisco-bartol-puyal","status":"publish","type":"page","link":"https:\/\/gimsoaragon.com\/en\/curriculum-vitae\/francisco-bartol-puyal\/","title":{"rendered":"Francisco Bartol-Puyal"},"content":{"rendered":"<h4>FORMACI\u00d3N<\/h4>\n<ul>\n<li>M\u00e9dico Interno Residente en Oftalmolog\u00eda desde 2014 en Hospital Universitario Miguel Servet de Zaragoza.<\/li>\n<li>Estancia en centro internacional Universit\u00e4tsaugenklinik Bonn, Alemania (abril-mayo 2017).<\/li>\n<\/ul>\n<h4>L\u00cdNEAS DE INVESTIGACI\u00d3N<\/h4>\n<ul>\n<li>Participaci\u00f3n en 2 proyectos de investigaci\u00f3n.<\/li>\n<\/ul>\n<h4>PRINCIPALES M\u00c9RITOS<\/h4>\n<ul>\n<li>Autor de 2 art\u00edculos cient\u00edficos (1 como autor principal; incluidos en Pubmed), 2 cap\u00edtulos de libros.<\/li>\n<li>Participaci\u00f3n en congresos cient\u00edficos: 14 comunicaciones en congresos nacionales y 10 en congresos internacionales.<\/li>\n<\/ul>\n<p><a href=\"\/wp-content\/uploads\/cvbartol.pdf\" target=\"_blank\" rel=\"noopener noreferrer\"><i class=\"uk-icon-cloud-download\"><\/i> Descargar CV de\u00a0Francisco Bartol-Puyal<\/a><\/p>\n<p>&nbsp;<\/p>\n","protected":false},"excerpt":{"rendered":"<p>FORMACI\u00d3N M\u00e9dico Interno Residente en Oftalmolog\u00eda desde 2014 en Hospital Universitario Miguel Servet de Zaragoza. Estancia en centro internacional Universit\u00e4tsaugenklinik Bonn, Alemania (abril-mayo 2017). L\u00cdNEAS DE INVESTIGACI\u00d3N Participaci\u00f3n en 2&#8230; <a style=\"color: #e4262b\" class=\"read-more\" href=\"https:\/\/gimsoaragon.com\/en\/curriculum-vitae\/francisco-bartol-puyal\/\">more<\/a><\/p>\n","protected":false},"author":1,"featured_media":0,"parent":1275,"menu_order":0,"comment_status":"closed","ping_status":"closed","template":"","meta":{"_acf_changed":false,"footnotes":""},"class_list":["post-1236","page","type-page","status-publish","hentry"],"acf":[],"_links":{"self":[{"href":"https:\/\/gimsoaragon.com\/en\/wp-json\/wp\/v2\/pages\/1236","targetHints":{"allow":["GET"]}}],"collection":[{"href":"https:\/\/gimsoaragon.com\/en\/wp-json\/wp\/v2\/pages"}],"about":[{"href":"https:\/\/gimsoaragon.com\/en\/wp-json\/wp\/v2\/types\/page"}],"author":[{"embeddable":true,"href":"https:\/\/gimsoaragon.com\/en\/wp-json\/wp\/v2\/users\/1"}],"replies":[{"embeddable":true,"href":"https:\/\/gimsoaragon.com\/en\/wp-json\/wp\/v2\/comments?post=1236"}],"version-history":[{"count":1,"href":"https:\/\/gimsoaragon.com\/en\/wp-json\/wp\/v2\/pages\/1236\/revisions"}],"predecessor-version":[{"id":1288,"href":"https:\/\/gimsoaragon.com\/en\/wp-json\/wp\/v2\/pages\/1236\/revisions\/1288"}],"up":[{"embeddable":true,"href":"https:\/\/gimsoaragon.com\/en\/wp-json\/wp\/v2\/pages\/1275"}],"wp:attachment":[{"href":"https:\/\/gimsoaragon.com\/en\/wp-json\/wp\/v2\/media?parent=1236"}],"curies":[{"name":"wp","href":"https:\/\/api.w.org\/{rel}","templated":true}]}}