{"id":1237,"date":"2017-05-29T10:37:28","date_gmt":"2017-05-29T10:37:28","guid":{"rendered":"https:\/\/gimsoaragon.com\/esther-prieto-calvo\/"},"modified":"2017-09-21T08:09:24","modified_gmt":"2017-09-21T08:09:24","slug":"esther-prieto-calvo","status":"publish","type":"page","link":"https:\/\/gimsoaragon.com\/en\/curriculum-vitae\/esther-prieto-calvo\/","title":{"rendered":"Esther Prieto Calvo"},"content":{"rendered":"<h4>FORMACI\u00d3N<\/h4>\n<ul>\n<li>Licenciada en Medicina por la Universidad de Salamanca (2000 &#8211; 2006).<\/li>\n<li>M\u00e9dico Interno Residente de Oftalmolog\u00eda en el Hospital Universitario Miguel Servet de Zaragoza (2007 &#8211; 2011).<\/li>\n<li>Facultativo Especialista de \u00c1rea en Oftalmolog\u00eda desde 2011. Subespecializaci\u00f3n en Oftalmolog\u00eda Pedi\u00e1trica.<\/li>\n<li>Cursos de Doctorado dentro del Programa de Cirug\u00eda de Especialidades, Dpto. Cirug\u00eda, Ginecolog\u00eda y Obstetricia de la Universidad de Zaragoza (Plan 778\/1998). Periodo docente (curso 2007 &#8211; 2008), periodo investigador (curso 2008 -2009).<\/li>\n<li>Diploma de Estudios Avanzados con acreditaci\u00f3n de la suficiencia investigadora en el \u00c1rea de conocimiento de Oftalmolog\u00eda (16 de Septiembre de 2009).<\/li>\n<li>Doctora por la Universidad de Zaragoza con menci\u00f3n \u201cCUM LAUDE\u201d (19 de octubre de 2012).<\/li>\n<li>Estancia Internship en la Unidad de Oftalmolog\u00eda Pedi\u00e1trica del Hospital Universitario La Paz de Madrid en 2015.<\/li>\n<\/ul>\n<h4>L\u00cdNEAS DE INVESTIGACI\u00d3N<\/h4>\n<ul>\n<li>Estudio de biodisponibilidad ocular de nuevas formulaciones de liberaci\u00f3n sostenida para uso oftalmol\u00f3gico.<\/li>\n<li>Desarrollo de nueva herramienta digital para la evaluaci\u00f3n de la funci\u00f3n visual en ni\u00f1os.<\/li>\n<\/ul>\n<h4>PRINCIPALES M\u00c9RITOS<\/h4>\n<ul>\n<li>Miembro investigador de la Red Tem\u00e1tica de Investigaci\u00f3n cooperativa en Salud RETICS-Oftared RD12\/0034 Enfermedades oculares: \u201cPrevenci\u00f3n, detecci\u00f3n precoz y tratamiento de la patolog\u00eda ocular prevalente degenerativa y cr\u00f3nica\u201d.<\/li>\n<li>Colaborador Docente Extraordinario del Departamento de Cirug\u00eda, Ginecolog\u00eda y Obstetricia de la Facultad de Medicina, en el \u00e1rea Oftalmolog\u00eda, desde el curso 2011-2012.<\/li>\n<li>Participaci\u00f3n como miembro del equipo investigador en 3 proyectos de investigaci\u00f3n financiados por organismos oficiales.<\/li>\n<li>Participaci\u00f3n en proyecto de Incentivaci\u00f3n a la Innovaci\u00f3n Docente de la UZ (convocatoria 2015-2016).<\/li>\n<li>Cursos monogr\u00e1ficos\/Talleres de formaci\u00f3n en oftalmolog\u00eda infantil: 6.<\/li>\n<li>Publicaciones en revistas cient\u00edficas nacionales e internacionales: 16 (6 como primer autor).<\/li>\n<li>Cap\u00edtulos de libro: 8.<\/li>\n<li>Participaci\u00f3n en conferencias y mesas redondas en congresos de sociedades cient\u00edficas como ponente: 4.<\/li>\n<li>Comunicaciones en congresos: 48 de \u00e1mbito nacional y 54 de \u00e1mbito internacional.<\/li>\n<li>Miembro de la Sociedad Espa\u00f1ola de Oftalmolog\u00eda Pedi\u00e1trica (SEDOP).<\/li>\n<\/ul>\n<p><a href=\"\/wp-content\/uploads\/cvprieto.pdf\" target=\"_blank\"><i class=\"uk-icon-cloud-download\"><\/i> Descargar CV de\u00a0Esther Prieto Calvo<\/a><\/p>\n<p>&nbsp;<\/p>\n","protected":false},"excerpt":{"rendered":"<p>FORMACI\u00d3N Licenciada en Medicina por la Universidad de Salamanca (2000 &#8211; 2006). M\u00e9dico Interno Residente de Oftalmolog\u00eda en el Hospital Universitario Miguel Servet de Zaragoza (2007 &#8211; 2011). Facultativo Especialista&#8230; <a style=\"color: #e4262b\" class=\"read-more\" href=\"https:\/\/gimsoaragon.com\/en\/curriculum-vitae\/esther-prieto-calvo\/\">more<\/a><\/p>\n","protected":false},"author":1,"featured_media":0,"parent":1275,"menu_order":0,"comment_status":"closed","ping_status":"closed","template":"","meta":{"_acf_changed":false,"footnotes":""},"class_list":["post-1237","page","type-page","status-publish","hentry"],"acf":[],"_links":{"self":[{"href":"https:\/\/gimsoaragon.com\/en\/wp-json\/wp\/v2\/pages\/1237","targetHints":{"allow":["GET"]}}],"collection":[{"href":"https:\/\/gimsoaragon.com\/en\/wp-json\/wp\/v2\/pages"}],"about":[{"href":"https:\/\/gimsoaragon.com\/en\/wp-json\/wp\/v2\/types\/page"}],"author":[{"embeddable":true,"href":"https:\/\/gimsoaragon.com\/en\/wp-json\/wp\/v2\/users\/1"}],"replies":[{"embeddable":true,"href":"https:\/\/gimsoaragon.com\/en\/wp-json\/wp\/v2\/comments?post=1237"}],"version-history":[{"count":1,"href":"https:\/\/gimsoaragon.com\/en\/wp-json\/wp\/v2\/pages\/1237\/revisions"}],"predecessor-version":[{"id":1286,"href":"https:\/\/gimsoaragon.com\/en\/wp-json\/wp\/v2\/pages\/1237\/revisions\/1286"}],"up":[{"embeddable":true,"href":"https:\/\/gimsoaragon.com\/en\/wp-json\/wp\/v2\/pages\/1275"}],"wp:attachment":[{"href":"https:\/\/gimsoaragon.com\/en\/wp-json\/wp\/v2\/media?parent=1237"}],"curies":[{"name":"wp","href":"https:\/\/api.w.org\/{rel}","templated":true}]}}