{"id":1238,"date":"2017-05-25T15:40:29","date_gmt":"2017-05-25T15:40:29","guid":{"rendered":"https:\/\/gimsoaragon.com\/victoria-pueyo-royo\/"},"modified":"2017-09-21T08:10:24","modified_gmt":"2017-09-21T08:10:24","slug":"victoria-pueyo-royo","status":"publish","type":"page","link":"https:\/\/gimsoaragon.com\/en\/curriculum-vitae\/victoria-pueyo-royo\/","title":{"rendered":"Victoria Pueyo Royo"},"content":{"rendered":"<h4>FORMACI\u00d3N<\/h4>\n<ul>\n<li>Oftalm\u00f3logo Pedi\u00e1trico en el Hospital Materno-Infantil y Profesora Asociada del Grado de \u00d3ptica y Optometr\u00eda de la Universidad de Zaragoza.<\/li>\n<li>Hizo la residencia de Oftalmolog\u00eda en el Hospital Miguel Servet. Durante la misma realiz\u00f3 una estancia de 2 meses en el Wills Eye Hospital de Philadelphia, en Estados Unidos, para completar su formaci\u00f3n en Neurooftalmolog\u00eda y Oculoplastia. Una vez concluida la formaci\u00f3n MIR realiz\u00f3 dos estancias en la Unidad de Neurooftalmolog\u00eda del Hospital Bellvitge de Barcelona y la Unidad de Estrabismos del Hospital San Carlos de Madrid.<\/li>\n<li>En 2006 defendi\u00f3 su tesis doctoral sobre neuropat\u00eda \u00f3ptica glaucomatosa en la Universidad de Zaragoza. Durante los a\u00f1os 2006-2011 realiz\u00f3 un M\u00e1ster en Metodolog\u00eda de la Investigaci\u00f3n en Ciencias de la Salud, en la Universidad Aut\u00f3noma de Barcelona.<\/li>\n<li>Desde el a\u00f1o 2008 forma parte de la Unidad de Oftalmolog\u00eda Pedi\u00e1trica del Hospital Materno-Infantil. En el a\u00f1o 2016 realiz\u00f3 una estancia de investigaci\u00f3n de 3 meses en el Departamento de Psicolog\u00eda Experimental de la Universidad de Oxford, en Reino Unido.<\/li>\n<\/ul>\n<h4>L\u00cdNEAS DE INVESTIGACI\u00d3N<\/h4>\n<ul>\n<li>Su actividad investigadora se centra en la visi\u00f3n y el neurodesarrollo.<\/li>\n<li>Forma parte de la RETICS SAMID (Red de Salud Materno-infantil y del Desarrollo).<\/li>\n<li>En los \u00faltimos 10 a\u00f1os ha participado en 3 proyectos con financiaci\u00f3n privada y 5 proyectos financiados por el Instituto de Salud Carlos III, siendo investigadora principal de 3 de ellos.<\/li>\n<li>Su principal \u00e1rea de inter\u00e9s en este momento es el desarrollo de la visi\u00f3n desde el nacimiento a lo largo de la infancia. Para ello trabaja en colaboraci\u00f3n con otros grupos de investigaci\u00f3n multidisciplinares en el dise\u00f1o y validaci\u00f3n de nuevos test visuales que permitan evaluar las distintas habilidades visuales en ni\u00f1os de cualquier edad.<\/li>\n<\/ul>\n<h4>PRINCIPALES M\u00c9RITOS<\/h4>\n<ul>\n<li>Como resultado de esta actividad investigadora ha dirigido 4 tesis doctorales y ha publicado m\u00e1s de 40 art\u00edculos en revistas cient\u00edficas indexadas.<\/li>\n<li>En el a\u00f1o 2014 fue galardonada con el Premio Hermenegildo Arruga concedido por la Sociedad Espa\u00f1ola de Oftalmolog\u00eda, a la mejor trayectoria cient\u00edfica de un oftalm\u00f3logo menor de 40 a\u00f1os.<\/li>\n<\/ul>\n<p><a href=\"\/wp-content\/uploads\/cvpueyo.pdf\" target=\"_blank\"><i class=\"uk-icon-cloud-download\"><\/i> Descargar CV de\u00a0Victoria Pueyo Royo<\/a><\/p>\n<p>&nbsp;<\/p>\n","protected":false},"excerpt":{"rendered":"<p>FORMACI\u00d3N Oftalm\u00f3logo Pedi\u00e1trico en el Hospital Materno-Infantil y Profesora Asociada del Grado de \u00d3ptica y Optometr\u00eda de la Universidad de Zaragoza. Hizo la residencia de Oftalmolog\u00eda en el Hospital Miguel&#8230; <a style=\"color: #e4262b\" class=\"read-more\" href=\"https:\/\/gimsoaragon.com\/en\/curriculum-vitae\/victoria-pueyo-royo\/\">more<\/a><\/p>\n","protected":false},"author":1,"featured_media":0,"parent":1275,"menu_order":0,"comment_status":"closed","ping_status":"closed","template":"","meta":{"_acf_changed":false,"footnotes":""},"class_list":["post-1238","page","type-page","status-publish","hentry"],"acf":[],"_links":{"self":[{"href":"https:\/\/gimsoaragon.com\/en\/wp-json\/wp\/v2\/pages\/1238","targetHints":{"allow":["GET"]}}],"collection":[{"href":"https:\/\/gimsoaragon.com\/en\/wp-json\/wp\/v2\/pages"}],"about":[{"href":"https:\/\/gimsoaragon.com\/en\/wp-json\/wp\/v2\/types\/page"}],"author":[{"embeddable":true,"href":"https:\/\/gimsoaragon.com\/en\/wp-json\/wp\/v2\/users\/1"}],"replies":[{"embeddable":true,"href":"https:\/\/gimsoaragon.com\/en\/wp-json\/wp\/v2\/comments?post=1238"}],"version-history":[{"count":1,"href":"https:\/\/gimsoaragon.com\/en\/wp-json\/wp\/v2\/pages\/1238\/revisions"}],"predecessor-version":[{"id":1313,"href":"https:\/\/gimsoaragon.com\/en\/wp-json\/wp\/v2\/pages\/1238\/revisions\/1313"}],"up":[{"embeddable":true,"href":"https:\/\/gimsoaragon.com\/en\/wp-json\/wp\/v2\/pages\/1275"}],"wp:attachment":[{"href":"https:\/\/gimsoaragon.com\/en\/wp-json\/wp\/v2\/media?parent=1238"}],"curies":[{"name":"wp","href":"https:\/\/api.w.org\/{rel}","templated":true}]}}