{"id":1239,"date":"2017-05-25T15:34:16","date_gmt":"2017-05-25T15:34:16","guid":{"rendered":"https:\/\/gimsoaragon.com\/teresa-perez-roche\/"},"modified":"2017-09-21T08:10:24","modified_gmt":"2017-09-21T08:10:24","slug":"teresa-perez-roche","status":"publish","type":"page","link":"https:\/\/gimsoaragon.com\/en\/curriculum-vitae\/teresa-perez-roche\/","title":{"rendered":"Teresa P\u00e9rez Roche"},"content":{"rendered":"<h4>FORMACI\u00d3N<\/h4>\n<ul>\n<li>M\u00e9dico Interno Residente en Pediatr\u00eda y sus \u00e1reas espec\u00edficas. Hospital Cl\u00ednico Universitario Lozano Blesa. Zaragoza, (2007-2011).<\/li>\n<li>Facultativo Especialista de \u00c1rea. Pediatra. Obispo Polanco Hospital. Teruel, (2011-2012).<\/li>\n<li>M\u00e9dico Interno Residente en Oftalmolog\u00eda. Hospital Universitario Miguel Servet. Zaragoza. (2012-2016).<\/li>\n<li>Facultativo Especialista de \u00c1rea. Oftalm\u00f3loga. Hospital Universitario Miguel Servet. (2016-).<\/li>\n<\/ul>\n<h4>PUBLICACIONES<\/h4>\n<ul>\n<li>Bueno G, Moreno LA, Bueno O, Morales J, P\u00e9rez-Roche T, Garagorri JM, Bueno M. Metabolic risk-factor clustering estimation in obese children. J Physiol Biochem 2007 Dec; 63(4):347-355.<\/li>\n<li>Mateo Gab\u00e1s J, P\u00e9rez Roche MT, Exploraci\u00f3n oftalmol\u00f3gica. In: Semiolog\u00eda b\u00e1sica y procedimientos comunes en urgencias pedi\u00e1tricas. Gonz\u00e1lez Garc\u00eda G, Rodr\u00edguez Mart\u00ednez G. Madrid. Ergon; 2012.<\/li>\n<li>P\u00e9rez Roche MT, Sanz de Miguel MP, Mu\u00f1oz Albillos M. Neuroftalmolog\u00eda. In: Manual de Urgencias Neurol\u00f3gicas. Coordinadores: Borruel M, Mart\u00ednez A, Estaben V, Morte A. Hospital Obispo Polanco. Teruel. 2013.<\/li>\n<li>P\u00e9rez Roche MT, Abad\u00eda \u00c1lvarez B, Satu\u00e9 Palaci\u00e1n M, Ferr\u00e1ndez Arenas B, Ara Gabarre M, Scalcione C, S\u00e1nchez P\u00e9rez A. Escleritis necrosante grave en una paciente con porfiria hepatoeritr ocitaria. In: Casos cl\u00ednicos en superf\u00edcie ocular. Ed Glosa. Barcelona; 2014.<\/li>\n<li>Pueyo V, Gonz\u00e1lez I, Altemir I, P\u00e9rez T, G\u00f3mez G, Prieto E, Oros D. Microstructural Changes in the Retina Related to Prematurity. Am J Ophthalmol. 2015 Apr;159(4):797-802.<\/li>\n<li>Perez-Roche T, Altemir I, Gim\u00e9nez G, Prieto E, G onz\u00e1lez I, Pe\u00f1a-Segura JL, Castillo O, Pueyo V. Effect of prematurity and low birth weight in visual abilities and school performance. Res Dev Disabil. 2016 Dec;59:451-457.<\/li>\n<li>Perez-Roche T, Altemir I, Gim\u00e9nez G, Prieto E, Gonz\u00e1lez I, L\u00f3pez Pis\u00f3n J, Pueyo V. Face recognition impairment in small for gestational age and preterm children. Res Dev Disabil. 2017 Mar;62:166-173.<\/li>\n<li>Pueyo V, P\u00e9rez T, Gonz\u00e1lez I, Altemir I, Gimenez G, Prieto E, Paules C, Oros D, Lopez-Pison J, Fayed N, Garcia-Mart\u00ed G, Sanz-Requena R, Marin MA. Retinal structure assessed by OCT as a biomarker of brain development in children born small for gestational age. Br J Ophthalmol. 2017 Feb 9. [Epub ahead of print].<\/li>\n<\/ul>\n<p><a href=\"\/wp-content\/uploads\/cvperezroche.pdf\" target=\"_blank\"><i class=\"uk-icon-cloud-download\"><\/i> Descargar CV de\u00a0Teresa P\u00e9rez Roche<\/a><\/p>\n<p>&nbsp;<\/p>\n","protected":false},"excerpt":{"rendered":"<p>FORMACI\u00d3N M\u00e9dico Interno Residente en Pediatr\u00eda y sus \u00e1reas espec\u00edficas. Hospital Cl\u00ednico Universitario Lozano Blesa. Zaragoza, (2007-2011). Facultativo Especialista de \u00c1rea. Pediatra. Obispo Polanco Hospital. Teruel, (2011-2012). M\u00e9dico Interno Residente&#8230; <a style=\"color: #e4262b\" class=\"read-more\" href=\"https:\/\/gimsoaragon.com\/en\/curriculum-vitae\/teresa-perez-roche\/\">more<\/a><\/p>\n","protected":false},"author":1,"featured_media":0,"parent":1275,"menu_order":0,"comment_status":"closed","ping_status":"closed","template":"","meta":{"_acf_changed":false,"footnotes":""},"class_list":["post-1239","page","type-page","status-publish","hentry"],"acf":[],"_links":{"self":[{"href":"https:\/\/gimsoaragon.com\/en\/wp-json\/wp\/v2\/pages\/1239","targetHints":{"allow":["GET"]}}],"collection":[{"href":"https:\/\/gimsoaragon.com\/en\/wp-json\/wp\/v2\/pages"}],"about":[{"href":"https:\/\/gimsoaragon.com\/en\/wp-json\/wp\/v2\/types\/page"}],"author":[{"embeddable":true,"href":"https:\/\/gimsoaragon.com\/en\/wp-json\/wp\/v2\/users\/1"}],"replies":[{"embeddable":true,"href":"https:\/\/gimsoaragon.com\/en\/wp-json\/wp\/v2\/comments?post=1239"}],"version-history":[{"count":1,"href":"https:\/\/gimsoaragon.com\/en\/wp-json\/wp\/v2\/pages\/1239\/revisions"}],"predecessor-version":[{"id":1311,"href":"https:\/\/gimsoaragon.com\/en\/wp-json\/wp\/v2\/pages\/1239\/revisions\/1311"}],"up":[{"embeddable":true,"href":"https:\/\/gimsoaragon.com\/en\/wp-json\/wp\/v2\/pages\/1275"}],"wp:attachment":[{"href":"https:\/\/gimsoaragon.com\/en\/wp-json\/wp\/v2\/media?parent=1239"}],"curies":[{"name":"wp","href":"https:\/\/api.w.org\/{rel}","templated":true}]}}