{"id":1240,"date":"2017-05-25T14:03:44","date_gmt":"2017-05-25T14:03:44","guid":{"rendered":"https:\/\/gimsoaragon.com\/elvira-orduna\/"},"modified":"2017-09-21T08:09:24","modified_gmt":"2017-09-21T08:09:24","slug":"elvira-orduna","status":"publish","type":"page","link":"https:\/\/gimsoaragon.com\/en\/curriculum-vitae\/elvira-orduna\/","title":{"rendered":"Elvira Orduna"},"content":{"rendered":"<h4>FORMACI\u00d3N<\/h4>\n<ul>\n<li>Graduada en \u00d3ptica y Optometr\u00eda por la Universidad de Zaragoza. (2009-2013).<\/li>\n<li>M\u00e1ster oficial en Investigaci\u00f3n en Ciencias de la Visi\u00f3n por la Universidad de Valladolid, Universidad de Santiago de Compostela, Universidad Complutense de Madrid, Universidad de Navarra, Universidad de Alcal\u00e1 y Universidad de Murcia (2013-2014).<\/li>\n<li>Actualmente cursando el Doctorado en Ciencias Biom\u00e9dicas y Biotecnol\u00f3gicas a trav\u00e9s de la Universidad de Zaragoza. (Noviembre 2014-Actualmente).<\/li>\n<\/ul>\n<h4>L\u00cdNEAS DE INVESTIGACI\u00d3N<\/h4>\n<ul>\n<li>Participaci\u00f3n en diferentes proyectos de Investigaci\u00f3n de la Secci\u00f3n de Neuro-Oftalmolog\u00eda del Hospital Universitario Miguel Servet de Zaragoza.<\/li>\n<li>Grupo de investigaci\u00f3n en Retina de Arag\u00f3n del Instituto Aragon\u00e9s de Ciencias de la Salud (IACS).<\/li>\n<\/ul>\n<h4>PRINCIPALES M\u00c9RITOS<\/h4>\n<ul>\n<li>Colaborador docente de la Universidad de Zaragoza (Curso 2016-2017).<\/li>\n<li>Co-autora de 2 Art\u00edculos Cient\u00edficos: \u201cThickness And Volume In Healthy Young Whites And Their Relationship With Axial Length, Ammetropy And Sex\u201d 2014 y \u201cEvaluation of Total Corneal Thickness and Corneal Layers With Spectral-Domain Optical Coherence Tomography\u201d 2015<\/li>\n<li>Participaci\u00f3n en congresos cient\u00edficos: 12 comunicaciones orales y 20 comunicaciones en panel.<\/li>\n<li>Otros cursos:<\/li>\n<ul>\n<li>Curso \u201cInteligencia emocional, psicolog\u00eda positiva, coaching de equipos y emprendimiento\u201d Actividad de Formaci\u00f3n transversal de la Escuela de Doctorado de la Universidad de Zaragoza. 2017<\/li>\n<li>Curso \u201cIngl\u00e9s Acad\u00e9mico: Ciencias Biom\u00e9dicas\u201d Actividad de Formaci\u00f3n transversal de la Escuela de Doctorado de la Universidad de Zaragoza. 2017<\/li>\n<li>Curso Manipulaci\u00f3n de animales. Funci\u00f3n C. 2016.<\/li>\n<li>Curso \u201cAcreditaci\u00f3n CRT\u201d de Lenticon para adaptaci\u00f3n de Lentes de Contacto para Terapia Refractiva Corneal (Ortoqueratolog\u00eda) 2014<\/li>\n<\/ul>\n<\/ul>\n<p><a href=\"\/wp-content\/uploads\/cvorduna.pdf\" target=\"_blank\"><i class=\"uk-icon-cloud-download\"><\/i> Descargar CV de\u00a0Elvira Orduna<\/a><\/p>\n<p>&nbsp;<\/p>\n","protected":false},"excerpt":{"rendered":"<p>FORMACI\u00d3N Graduada en \u00d3ptica y Optometr\u00eda por la Universidad de Zaragoza. (2009-2013). M\u00e1ster oficial en Investigaci\u00f3n en Ciencias de la Visi\u00f3n por la Universidad de Valladolid, Universidad de Santiago de&#8230; <a style=\"color: #e4262b\" class=\"read-more\" href=\"https:\/\/gimsoaragon.com\/en\/curriculum-vitae\/elvira-orduna\/\">more<\/a><\/p>\n","protected":false},"author":1,"featured_media":0,"parent":1275,"menu_order":0,"comment_status":"closed","ping_status":"closed","template":"","meta":{"_acf_changed":false,"footnotes":""},"class_list":["post-1240","page","type-page","status-publish","hentry"],"acf":[],"_links":{"self":[{"href":"https:\/\/gimsoaragon.com\/en\/wp-json\/wp\/v2\/pages\/1240","targetHints":{"allow":["GET"]}}],"collection":[{"href":"https:\/\/gimsoaragon.com\/en\/wp-json\/wp\/v2\/pages"}],"about":[{"href":"https:\/\/gimsoaragon.com\/en\/wp-json\/wp\/v2\/types\/page"}],"author":[{"embeddable":true,"href":"https:\/\/gimsoaragon.com\/en\/wp-json\/wp\/v2\/users\/1"}],"replies":[{"embeddable":true,"href":"https:\/\/gimsoaragon.com\/en\/wp-json\/wp\/v2\/comments?post=1240"}],"version-history":[{"count":1,"href":"https:\/\/gimsoaragon.com\/en\/wp-json\/wp\/v2\/pages\/1240\/revisions"}],"predecessor-version":[{"id":1285,"href":"https:\/\/gimsoaragon.com\/en\/wp-json\/wp\/v2\/pages\/1240\/revisions\/1285"}],"up":[{"embeddable":true,"href":"https:\/\/gimsoaragon.com\/en\/wp-json\/wp\/v2\/pages\/1275"}],"wp:attachment":[{"href":"https:\/\/gimsoaragon.com\/en\/wp-json\/wp\/v2\/media?parent=1240"}],"curies":[{"name":"wp","href":"https:\/\/api.w.org\/{rel}","templated":true}]}}