{"id":1241,"date":"2017-05-25T13:59:38","date_gmt":"2017-05-25T13:59:38","guid":{"rendered":"https:\/\/gimsoaragon.com\/jose-manuel-larrosa-poves\/"},"modified":"2017-09-21T08:09:53","modified_gmt":"2017-09-21T08:09:53","slug":"jose-manuel-larrosa-poves","status":"publish","type":"page","link":"https:\/\/gimsoaragon.com\/en\/curriculum-vitae\/jose-manuel-larrosa-poves\/","title":{"rendered":"Jos\u00e9 Manuel Larrosa Poves"},"content":{"rendered":"<h4>FORMACI\u00d3N<\/h4>\n<ul>\n<li>Profesor Titular de Oftalmolog\u00eda Universidad de Zaragoza.<\/li>\n<li>Research Fellowship, Schepens Eye Research Institute, Harvard University, Boston, USA.<\/li>\n<li>Oftalm\u00f3logo Especialista Unidad de Glaucoma, Hospital Universitario Miguel Servet, Zaragoza.<\/li>\n<li>Presidente de la Comisi\u00f3n de Investigaci\u00f3n e Innovaci\u00f3n, Hospital Universitario Miguel Servet y su Sector Sanitario.<\/li>\n<li>Coordinador Departamental del \u00c1rea de Oftalmolog\u00eda, Universidad de Zaragoza.<\/li>\n<li>Jefe de Secci\u00f3n de Alta Resoluci\u00f3n en Cirug\u00eda de Catarata \u2013ARCCA-.<\/li>\n<\/ul>\n<h4>M\u00c9RITOS Y L\u00cdNEAS DE INVESTIGACI\u00d3N<\/h4>\n<ul>\n<li>Desde su formaci\u00f3n como oftalm\u00f3logo en el Hospital Universitario Miguel Servet de Zaragoza, ha dedicado una especial actividad investigadora sobre las enfermedades neurodegenerativas del nervio \u00f3ptico y glaucoma, tanto en su vertiente diagn\u00f3stica, como terape\u00fatica.<\/li>\n<li>Desde su doctorado, centrado en el an\u00e1lisis planim\u00e9trico de la papila \u00f3ptica en el glaucoma, que anticipaba la evoluci\u00f3n digital de estas t\u00e9cnicas de an\u00e1lisis y los estudios fotogr\u00e1ficos de la capa de fibras nerviosas de la retina, ha estado involucrado en diversos proyectos de desarrollo de nuevas tecnolog\u00edas de estudio del nervio \u00f3ptico, como son las t\u00e9cnicas de laser confocal de barrido de la cabeza del nervio \u00f3ptico, estudios mediante polarimetr\u00eda l\u00e1ser de la capa de fibras nerviosas de la retina hasta las recientes t\u00e9cnicas de an\u00e1lisis mediante tomograg\u00eda \u00f3ptica de baja coherencia.<\/li>\n<li>En su vertiente funcional, ha contribuido al desarrollo de diversas t\u00e9cnicas de evaluaci\u00f3n del campo visual mediante perimetr\u00eda convencional y otras tecnolog\u00edas como la perimetr\u00eda automatizade de longitud de onda corta y perimetr\u00edas de duplicaci\u00f3n de frecuencia, entre otras, as\u00ed como su correlaci\u00f3n con los estudios estructurales de la capa de fibras nerviosas de la retina y del nervio \u00f3ptico.<\/li>\n<li>En la vertiente terape\u00fatica ha participado y sigue involucrado en diversos ensayos y desarrollos t\u00e9cnicos en relaci\u00f3n con nuevas t\u00e9cnicas quir\u00fargicas para glaucoma de abordaje angular y ab externo, tratando de minimizar el riesgo quir\u00fargico del paciente, manteniendo los resultados de reducci\u00f3n de presi\u00f3n intraocular.<\/li>\n<li>En la actualidad, junto con su actividad asistencial e investigadora en el Grupo de Investigaci\u00f3n de Oftalmolog\u00eda del Hospital Universitario Miguel Servet (Instituto de Investigaciones Sanitarias de Arag\u00f3n), mantiene un decidido compromiso docente a trav\u00e9s de la Universidad de Zaragoza y las diversas actividades de formaci\u00f3n continuada en Oftalmolog\u00eda promovidas desde el Grupo de Investigaci\u00f3n, de la Universidad de Zaragoza o del Hospital Universitario Miguel Servet.<\/li>\n<\/ul>\n<p><a href=\"\/wp-content\/uploads\/cvlarrosa.pdf\" target=\"_blank\"><i class=\"uk-icon-cloud-download\"><\/i> Descargar CV de\u00a0Jos\u00e9 Manuel Larrosa Poves<\/a><\/p>\n<p>&nbsp;<\/p>\n","protected":false},"excerpt":{"rendered":"<p>FORMACI\u00d3N Profesor Titular de Oftalmolog\u00eda Universidad de Zaragoza. Research Fellowship, Schepens Eye Research Institute, Harvard University, Boston, USA. Oftalm\u00f3logo Especialista Unidad de Glaucoma, Hospital Universitario Miguel Servet, Zaragoza. Presidente de&#8230; <a style=\"color: #e4262b\" class=\"read-more\" href=\"https:\/\/gimsoaragon.com\/en\/curriculum-vitae\/jose-manuel-larrosa-poves\/\">more<\/a><\/p>\n","protected":false},"author":1,"featured_media":0,"parent":1275,"menu_order":0,"comment_status":"closed","ping_status":"closed","template":"","meta":{"_acf_changed":false,"footnotes":""},"class_list":["post-1241","page","type-page","status-publish","hentry"],"acf":[],"_links":{"self":[{"href":"https:\/\/gimsoaragon.com\/en\/wp-json\/wp\/v2\/pages\/1241","targetHints":{"allow":["GET"]}}],"collection":[{"href":"https:\/\/gimsoaragon.com\/en\/wp-json\/wp\/v2\/pages"}],"about":[{"href":"https:\/\/gimsoaragon.com\/en\/wp-json\/wp\/v2\/types\/page"}],"author":[{"embeddable":true,"href":"https:\/\/gimsoaragon.com\/en\/wp-json\/wp\/v2\/users\/1"}],"replies":[{"embeddable":true,"href":"https:\/\/gimsoaragon.com\/en\/wp-json\/wp\/v2\/comments?post=1241"}],"version-history":[{"count":1,"href":"https:\/\/gimsoaragon.com\/en\/wp-json\/wp\/v2\/pages\/1241\/revisions"}],"predecessor-version":[{"id":1296,"href":"https:\/\/gimsoaragon.com\/en\/wp-json\/wp\/v2\/pages\/1241\/revisions\/1296"}],"up":[{"embeddable":true,"href":"https:\/\/gimsoaragon.com\/en\/wp-json\/wp\/v2\/pages\/1275"}],"wp:attachment":[{"href":"https:\/\/gimsoaragon.com\/en\/wp-json\/wp\/v2\/media?parent=1241"}],"curies":[{"name":"wp","href":"https:\/\/api.w.org\/{rel}","templated":true}]}}