{"id":1242,"date":"2017-05-25T13:50:47","date_gmt":"2017-05-25T13:50:47","guid":{"rendered":"https:\/\/gimsoaragon.com\/hector-gracia-cabrera\/"},"modified":"2017-09-21T08:09:24","modified_gmt":"2017-09-21T08:09:24","slug":"hector-gracia-cabrera","status":"publish","type":"page","link":"https:\/\/gimsoaragon.com\/en\/curriculum-vitae\/hector-gracia-cabrera\/","title":{"rendered":"H\u00e9ctor Gracia Cabrera"},"content":{"rendered":"<h4>FORMACI\u00d3N<\/h4>\n<ul>\n<li>Curso on-line: Introducci\u00f3n a la ciencia de datos (Data science), Universidad de Washington.<\/li>\n<li>M\u00e1ster en Ingenier\u00eda Biom\u00e9dica, Escuela de Ingenier\u00eda y Arquitectura de la Universidad de Zaragoza (EINA).<\/li>\n<li>Ingenier\u00eda Inform\u00e1tica, Centro Polit\u00e9cnico Superior de la Universidad de Zaragoza (CPS).<\/li>\n<li>Bachillerato Cient\u00edfico \u2013 Tecnol\u00f3gico y en Ciencias Naturales y de la Salud (doble v\u00eda), IES. Comunidad de Daroca.<\/li>\n<\/ul>\n<h4>L\u00cdNEAS DE INVESTIGACI\u00d3N<\/h4>\n<ul>\n<li>Trabajo de fin de master: An\u00e1lisis de datos obtenidos por tomograf\u00eda \u00f3ptica de retina y su posible relaci\u00f3n con la Esclerosis M\u00faltiple y el Parkinson, (2012-2013).<\/li>\n<li>H-Inception: Simulador microfuildico, proyecto de colaboraci\u00f3n internacional realizado en Alphasip (2015).<\/li>\n<li>Publicaci\u00f3n en la revista Microprocessors and Microsystems. T\u00edtulo:Virtual Prototyping of Pressure Driven Microfluidic Systems with SystemC-AMS Extensions Autores: V\u00edctor Fern\u00e1ndez, H\u00e9ctor Gracia, C\u00e9dric Ben Aoun, Fran\u00e7ois P\u00eacheux, Luis J. Fern\u00e1ndez. Indice de Impacto: 0.43 DOI: 10.1016\/j.micpro.2015.07.007.<\/li>\n<li>Article: Assessment of visual function and structural retinal changes in Zen meditators. Autores: Garcia-Martin E. M Satue, MJ Rodrigo, Obis J, M. Cipres Alastuey, E. Vilades, S. Otin, Vicente Polo, Jose M Larrosa, L. Pablo, H\u00e9ctor Gracia.<\/li>\n<li>Publicaci\u00f3n en la revista J Ophthalmol. Title: Optical Coherence Tomography as a Biomarker for Diagnosis, Progression, and Prognosis of Neurodegenerative Diseases. Autores: Satue M1, Obis J1, Rodrigo MJ1, Otin S1, Fuertes MI1, Vilades E1, Gracia H1, Ara JR2, Alarcia R2, Polo V1, Larrosa JM1, Pablo LE1, Garcia-Martin E1.<\/li>\n<li>Publicaci\u00f3n en la revista Invest Ophthalmol Vis Sci. Title: Evaluation of progressive visual dysfunction and retinal degeneration in patients with Parkinson\u2019s disease. AUTHORS: Maria Satue, Maria J Rodrigo, Javier Obis, Elisa Vilades, Hector Gracia, Sofia Otin, Maria I Fuertes, Raquel Alarcia, Jose A Crespo, Vicente Polo, Jose M Larrosa, Luis E Pablo, Elena Garcia-Martin. Factor de impacto: 3.427 Q1. 2016 (en prensa).<\/li>\n<\/ul>\n<h4>PRINCIPALES M\u00c9RITOS<\/h4>\n<ul>\n<li>Developer &#8211; Big Data in Cancer (Bioinformatics) (de Marzo 2017 hasta ahora).<\/li>\n<li>Barcelona Supercomputing Center (BSC), Cancer genomics.<\/li>\n<li>Ingeniero de Software (de Enero 2015 hasta Marzo 2016).<\/li>\n<li>Alphasip, desarrollo de software, i+D+I, C++, Arduino, Linux, BeagleBone, simulaci\u00f3n microflu\u00eddica.<\/li>\n<li>Profesor de JAVA (de Noviembre 2014 hasta Febrero 2015).<\/li>\n<li>Academia AINARA, antigua Academia T\u00e9cnica Universitar\u00eda (ATU).<\/li>\n<li>Practicas universitarias (UNIVERSA)(de Junio 2013 hasta Octubre 2013).<\/li>\n<li>Instituto Aragon\u00e9s de Ciencias de la Salud, Centro de Investigaci\u00f3n Biom\u00e9dica de Arag\u00f3n (CIBA).<\/li>\n<li>Desarrollos inform\u00e1ticos y estad\u00edstica de I+D+I de evaluaci\u00f3n de tecnolog\u00edas diagn\u00f3sticas.<\/li>\n<li>Programador Inform\u00e1tico(de Abril 2012 hasta Agosto 2012).<\/li>\n<li>ADVANTIA Global Solutions, Programador de aplicaciones m\u00f3viles (iPad).<\/li>\n<li>Practicas universitarias (UNIVERSA)(de Febrero 2012 hasta Abril 2012).<\/li>\n<li>Geospatiumlab S.L., Desarrollo de software para dispositivos m\u00f3viles en relaci\u00f3n con visualizaci\u00f3n de mapas.<\/li>\n<\/ul>\n<p><a href=\"\/wp-content\/uploads\/cvgracia.pdf\" target=\"_blank\" rel=\"noopener noreferrer\"><i class=\"uk-icon-cloud-download\"><\/i> Descargar CV de\u00a0H\u00e9ctor Gracia Cabrera<\/a><\/p>\n<p>&nbsp;<\/p>\n","protected":false},"excerpt":{"rendered":"<p>FORMACI\u00d3N Curso on-line: Introducci\u00f3n a la ciencia de datos (Data science), Universidad de Washington. M\u00e1ster en Ingenier\u00eda Biom\u00e9dica, Escuela de Ingenier\u00eda y Arquitectura de la Universidad de Zaragoza (EINA). Ingenier\u00eda&#8230; <a style=\"color: #e4262b\" class=\"read-more\" href=\"https:\/\/gimsoaragon.com\/en\/curriculum-vitae\/hector-gracia-cabrera\/\">more<\/a><\/p>\n","protected":false},"author":1,"featured_media":0,"parent":1275,"menu_order":0,"comment_status":"closed","ping_status":"closed","template":"","meta":{"_acf_changed":false,"footnotes":""},"class_list":["post-1242","page","type-page","status-publish","hentry"],"acf":[],"_links":{"self":[{"href":"https:\/\/gimsoaragon.com\/en\/wp-json\/wp\/v2\/pages\/1242","targetHints":{"allow":["GET"]}}],"collection":[{"href":"https:\/\/gimsoaragon.com\/en\/wp-json\/wp\/v2\/pages"}],"about":[{"href":"https:\/\/gimsoaragon.com\/en\/wp-json\/wp\/v2\/types\/page"}],"author":[{"embeddable":true,"href":"https:\/\/gimsoaragon.com\/en\/wp-json\/wp\/v2\/users\/1"}],"replies":[{"embeddable":true,"href":"https:\/\/gimsoaragon.com\/en\/wp-json\/wp\/v2\/comments?post=1242"}],"version-history":[{"count":1,"href":"https:\/\/gimsoaragon.com\/en\/wp-json\/wp\/v2\/pages\/1242\/revisions"}],"predecessor-version":[{"id":1290,"href":"https:\/\/gimsoaragon.com\/en\/wp-json\/wp\/v2\/pages\/1242\/revisions\/1290"}],"up":[{"embeddable":true,"href":"https:\/\/gimsoaragon.com\/en\/wp-json\/wp\/v2\/pages\/1275"}],"wp:attachment":[{"href":"https:\/\/gimsoaragon.com\/en\/wp-json\/wp\/v2\/media?parent=1242"}],"curies":[{"name":"wp","href":"https:\/\/api.w.org\/{rel}","templated":true}]}}