{"id":1243,"date":"2017-05-25T13:41:56","date_gmt":"2017-05-25T13:41:56","guid":{"rendered":"https:\/\/gimsoaragon.com\/inmaculada-gonzalez-viejo\/"},"modified":"2017-09-21T08:09:24","modified_gmt":"2017-09-21T08:09:24","slug":"inmaculada-gonzalez-viejo","status":"publish","type":"page","link":"https:\/\/gimsoaragon.com\/en\/curriculum-vitae\/inmaculada-gonzalez-viejo\/","title":{"rendered":"Inmaculada Gonz\u00e1lez Viejo"},"content":{"rendered":"<h4>FORMACI\u00d3N<\/h4>\n<ul>\n<li>Licenciatura en Medicina y Cirug\u00eda por la Universidad de Zaragoza (1983-1989).<\/li>\n<li>Doctora en Medicina y Cirug\u00eda por la Universidad de Zaragoza, 1994.<\/li>\n<li>Especialista en Oftalmolog\u00eda. MIR en el Hospital Universitario Miguel Servet 1990-1993.<\/li>\n<li>Facultativo Especialista de \u00c1rea en Oftalmolog\u00eda desde 1994. (Subespecialista en Oftalmolog\u00eda Pedi\u00e1trica).<\/li>\n<\/ul>\n<h4>L\u00cdNEAS DE INVESTIGACI\u00d3N<\/h4>\n<ul>\n<li>Proyectos de innovaci\u00f3n docente: 2.<\/li>\n<li>Proyectos de Investigaci\u00f3n financiados por organismos oficiales: 4.<\/li>\n<\/ul>\n<h4>PRINCIPALES M\u00c9RITOS<\/h4>\n<ul>\n<li>Profesor Asociado en Ciencias de la Salud de la Universidad de Zaragoza (2011-2013).<\/li>\n<li>Profesora de Master Propio en Oftalmolog\u00eda CEU Cardenal Herrera.<\/li>\n<li>Directora de Jornadas y Cursos de Formaci\u00f3n: 6.<\/li>\n<li>Ponente en Cursos Monogr\u00e1ficos del Doctorado: 20.<\/li>\n<li>Ponencias de trabajos acreditados por Sociedades Cient\u00edficas o agencias externas nacionales e internacionales: 100.<\/li>\n<li>Publicaciones en revistas cient\u00edficas nacionales e internacionales: 75 (16 como primera autora).<\/li>\n<li>Cap\u00edtulos de libros o monograf\u00edas: 6.<\/li>\n<li>Vocal de la Junta de la Sociedad Espa\u00f1ola de Oftalmolog\u00eda Pedi\u00e1trica.<\/li>\n<li>Miembro de la Sociedad Espa\u00f1ola de Oftalmolog\u00eda.<\/li>\n<li>Miembro de la Sociedad Espa\u00f1ola de Estrabolog\u00eda.<\/li>\n<\/ul>\n<p><a href=\"\/wp-content\/uploads\/cvgonzalez.pdf\" target=\"_blank\" rel=\"noopener noreferrer\"><i class=\"uk-icon-cloud-download\"><\/i> Descargar CV de\u00a0Inmaculada Gonz\u00e1lez Viejo<\/a><\/p>\n<p>&nbsp;<\/p>\n","protected":false},"excerpt":{"rendered":"<p>FORMACI\u00d3N Licenciatura en Medicina y Cirug\u00eda por la Universidad de Zaragoza (1983-1989). Doctora en Medicina y Cirug\u00eda por la Universidad de Zaragoza, 1994. Especialista en Oftalmolog\u00eda. MIR en el Hospital&#8230; <a style=\"color: #e4262b\" class=\"read-more\" href=\"https:\/\/gimsoaragon.com\/en\/curriculum-vitae\/inmaculada-gonzalez-viejo\/\">more<\/a><\/p>\n","protected":false},"author":1,"featured_media":0,"parent":1275,"menu_order":0,"comment_status":"closed","ping_status":"closed","template":"","meta":{"_acf_changed":false,"footnotes":""},"class_list":["post-1243","page","type-page","status-publish","hentry"],"acf":[],"_links":{"self":[{"href":"https:\/\/gimsoaragon.com\/en\/wp-json\/wp\/v2\/pages\/1243","targetHints":{"allow":["GET"]}}],"collection":[{"href":"https:\/\/gimsoaragon.com\/en\/wp-json\/wp\/v2\/pages"}],"about":[{"href":"https:\/\/gimsoaragon.com\/en\/wp-json\/wp\/v2\/types\/page"}],"author":[{"embeddable":true,"href":"https:\/\/gimsoaragon.com\/en\/wp-json\/wp\/v2\/users\/1"}],"replies":[{"embeddable":true,"href":"https:\/\/gimsoaragon.com\/en\/wp-json\/wp\/v2\/comments?post=1243"}],"version-history":[{"count":1,"href":"https:\/\/gimsoaragon.com\/en\/wp-json\/wp\/v2\/pages\/1243\/revisions"}],"predecessor-version":[{"id":1291,"href":"https:\/\/gimsoaragon.com\/en\/wp-json\/wp\/v2\/pages\/1243\/revisions\/1291"}],"up":[{"embeddable":true,"href":"https:\/\/gimsoaragon.com\/en\/wp-json\/wp\/v2\/pages\/1275"}],"wp:attachment":[{"href":"https:\/\/gimsoaragon.com\/en\/wp-json\/wp\/v2\/media?parent=1243"}],"curies":[{"name":"wp","href":"https:\/\/api.w.org\/{rel}","templated":true}]}}