{"id":1244,"date":"2017-05-25T13:34:28","date_gmt":"2017-05-25T13:34:28","guid":{"rendered":"https:\/\/gimsoaragon.com\/laura-gil-arribas\/"},"modified":"2017-09-21T08:09:53","modified_gmt":"2017-09-21T08:09:53","slug":"laura-gil-arribas","status":"publish","type":"page","link":"https:\/\/gimsoaragon.com\/en\/curriculum-vitae\/laura-gil-arribas\/","title":{"rendered":"Laura Gil Arribas"},"content":{"rendered":"<h4>FORMACI\u00d3N<\/h4>\n<ul>\n<li>Licenciada en Medicina y Cirug\u00eda en la Universidad de Zaragoza 1996-2002.<\/li>\n<li>Especialista en Medicina Familiar y Comunitaria en el Hospital Universitario Miguel Servet de Zaragoza 2003-2006.<\/li>\n<li>Especialista en Oftalmolog\u00eda en el Hospital Universitario Miguel Servet de Zaragoza 2007-2011.<\/li>\n<li>Doctora en Medicina con menci\u00f3n internacional por la Universidad de Zaragoza 2013.<\/li>\n<li>Especialista en Neuroftalmolog\u00eda y anejos oculares 2011 \u2013 actualidad.<\/li>\n<\/ul>\n<h4>L\u00cdNEAS DE INVESTIGACI\u00d3N<\/h4>\n<ul>\n<li>Coordinadora de Ensayos Cl\u00ednicos en Oftalmolog\u00eda en el Hospital Universitario Miguel Servet de Zaragoza 2011 \u2013 actualidad.<\/li>\n<li>Participaci\u00f3n en 18 Ensayos Cl\u00ednicos de Oftalmolog\u00eda.<\/li>\n<li>M\u00e1ster en Ensayos cl\u00ednicos por la Universidad de Valencia (ADEIT-Fundaci\u00f3n Universidad Empresa) 2016.<\/li>\n<li>Colaboradora de varios Proyectos de Investigaci\u00f3n de car\u00e1cter p\u00fablico.<\/li>\n<\/ul>\n<h4>PRINCIPALES M\u00c9RITOS<\/h4>\n<ul>\n<li>Profesora asociada P04 (\u00c1rea Oftalmolog\u00eda, Dpto. Cirug\u00eda, Ginecolog\u00eda y Obstetricia. Facultad de Ciencias) Octubre 2012 &#8211; Febrero 2013.<\/li>\n<li>Profesora asociada en ciencias de la salud P04 (\u00c1rea Oftalmolog\u00eda, Facultad de Ciencias) Octubre 2016 &#8211; Febrero 2017.<\/li>\n<li>Colaboradora docente extraordinaria en la Universidad de Zaragoza (\u00c1rea Oftalmolog\u00eda y \u00d3ptica) 2011 \u2013 actualidad.<\/li>\n<li>Directora y tutora de varias ediciones de cursos FOCCUS 2011 \u2013 2014.<\/li>\n<li>Directora y profesora de cursos para m\u00e9dicos de atenci\u00f3n primaria 2011-2012.<\/li>\n<li>Premio de la Academia Americana de Oftalmolog\u00eda. \u201cBest Poster\u201d Award of \u201cAmerican Academy of Ophthalmology\u201d, San Francisco, USA, 2009.<\/li>\n<li>Publicaci\u00f3n de 8 art\u00edculos en revistas cient\u00edficas (referenciados en pubmed).<\/li>\n<li>Publicaci\u00f3n de 6 cap\u00edtulos de libro.<\/li>\n<\/ul>\n<p><a href=\"\/wp-content\/uploads\/cvgil.pdf\" target=\"_blank\"><i class=\"uk-icon-cloud-download\"><\/i> Descargar CV de\u00a0Laura Gil Arribas<\/a><\/p>\n<p>&nbsp;<\/p>\n","protected":false},"excerpt":{"rendered":"<p>FORMACI\u00d3N Licenciada en Medicina y Cirug\u00eda en la Universidad de Zaragoza 1996-2002. Especialista en Medicina Familiar y Comunitaria en el Hospital Universitario Miguel Servet de Zaragoza 2003-2006. Especialista en Oftalmolog\u00eda&#8230; <a style=\"color: #e4262b\" class=\"read-more\" href=\"https:\/\/gimsoaragon.com\/en\/curriculum-vitae\/laura-gil-arribas\/\">more<\/a><\/p>\n","protected":false},"author":1,"featured_media":0,"parent":1275,"menu_order":0,"comment_status":"closed","ping_status":"closed","template":"","meta":{"_acf_changed":false,"footnotes":""},"class_list":["post-1244","page","type-page","status-publish","hentry"],"acf":[],"_links":{"self":[{"href":"https:\/\/gimsoaragon.com\/en\/wp-json\/wp\/v2\/pages\/1244","targetHints":{"allow":["GET"]}}],"collection":[{"href":"https:\/\/gimsoaragon.com\/en\/wp-json\/wp\/v2\/pages"}],"about":[{"href":"https:\/\/gimsoaragon.com\/en\/wp-json\/wp\/v2\/types\/page"}],"author":[{"embeddable":true,"href":"https:\/\/gimsoaragon.com\/en\/wp-json\/wp\/v2\/users\/1"}],"replies":[{"embeddable":true,"href":"https:\/\/gimsoaragon.com\/en\/wp-json\/wp\/v2\/comments?post=1244"}],"version-history":[{"count":1,"href":"https:\/\/gimsoaragon.com\/en\/wp-json\/wp\/v2\/pages\/1244\/revisions"}],"predecessor-version":[{"id":1299,"href":"https:\/\/gimsoaragon.com\/en\/wp-json\/wp\/v2\/pages\/1244\/revisions\/1299"}],"up":[{"embeddable":true,"href":"https:\/\/gimsoaragon.com\/en\/wp-json\/wp\/v2\/pages\/1275"}],"wp:attachment":[{"href":"https:\/\/gimsoaragon.com\/en\/wp-json\/wp\/v2\/media?parent=1244"}],"curies":[{"name":"wp","href":"https:\/\/api.w.org\/{rel}","templated":true}]}}