{"id":1245,"date":"2017-05-25T13:28:36","date_gmt":"2017-05-25T13:28:36","guid":{"rendered":"https:\/\/gimsoaragon.com\/pilar-calvo-perez\/"},"modified":"2017-09-21T08:09:54","modified_gmt":"2017-09-21T08:09:54","slug":"pilar-calvo-perez","status":"publish","type":"page","link":"https:\/\/gimsoaragon.com\/en\/curriculum-vitae\/pilar-calvo-perez\/","title":{"rendered":"Pilar Calvo P\u00e9rez"},"content":{"rendered":"<h4>FORMACI\u00d3N<\/h4>\n<ul>\n<li>Especialista Europeo de Oftalmolog\u00eda (FEBO). Par\u00eds, 2015.<\/li>\n<li>Fellowship en Retina M\u00e9dica (Universidad de Toronto, 01\/06\/2012-30\/06\/2013).<\/li>\n<li>T\u00edtulo de Doctor en Medicina y Cirug\u00eda (Zaragoza, 2012).<\/li>\n<li>M\u00e9dico Especialista en Oftalmolog\u00eda (Zaragoza, 2008-2012).<\/li>\n<li>Licenciado en Medicina y Cirug\u00eda (Zaragoza, 2001-2007).<\/li>\n<li>FEA Oftalmolog\u00eda, Secci\u00f3n Retina M\u00e9dica (Hospital Universitario Miguel Servet, 01\/07\/2013- presente).<\/li>\n<\/ul>\n<h4>L\u00cdNEAS DE INVESTIGACI\u00d3N<\/h4>\n<ul>\n<li>Proyectos de investigaci\u00f3n de financiaci\u00f3n p\u00fablica: 11 (3 Proyectos de Investigaci\u00f3n FIS, 1 proyecto PIPAMER, RETICS desde 2012 y 6 proyectos auton\u00f3micos -3 como Investigador Principal-).<\/li>\n<li>Ensayos cl\u00ednicos en colaboraci\u00f3n con entidades privadas: 21 (5 como Investigador Principal).<\/li>\n<\/ul>\n<h4>PRINCIPALES M\u00c9RITOS<\/h4>\n<ul>\n<li>Profesora Asociada en Ciencias de la Salud, Universidad de Zaragoza (25\/11\/2015-actualidad).<\/li>\n<li>Colaborador Docente Extraordinario Universidad de Zaragoza. (2013-2015).<\/li>\n<li>Tutora en el 2\u00ba a\u00f1o de \u201cArt and Science of Clinical Medicine\u201d. Universidad de Toronto. Curso 2012-2013.<\/li>\n<li>Directora de 5 tesis doctorales (3 con Menci\u00f3n Europea).<\/li>\n<li>23 Publicaciones indexadas (PubMed) con factor de impacto.<\/li>\n<li>Premios: 10 (\u00daltimo recibido: Premio Arruga 2016 al Mejor CV en oftalmol\u00f3gos menores de 40 a\u00f1os. Sociedad Espa\u00f1ola de Oftalmolog\u00eda, Malaga 2016.<\/li>\n<\/ul>\n<p><a href=\"\/wp-content\/uploads\/cvcalvo.pdf\" target=\"_blank\"><i class=\"uk-icon-cloud-download\"><\/i> Descargar CV de\u00a0Pilar Calvo P\u00e9rez<\/a><\/p>\n<p>&nbsp;<\/p>\n","protected":false},"excerpt":{"rendered":"<p>FORMACI\u00d3N Especialista Europeo de Oftalmolog\u00eda (FEBO). Par\u00eds, 2015. Fellowship en Retina M\u00e9dica (Universidad de Toronto, 01\/06\/2012-30\/06\/2013). T\u00edtulo de Doctor en Medicina y Cirug\u00eda (Zaragoza, 2012). M\u00e9dico Especialista en Oftalmolog\u00eda (Zaragoza,&#8230; <a style=\"color: #e4262b\" class=\"read-more\" href=\"https:\/\/gimsoaragon.com\/en\/curriculum-vitae\/pilar-calvo-perez\/\">more<\/a><\/p>\n","protected":false},"author":1,"featured_media":0,"parent":1275,"menu_order":0,"comment_status":"closed","ping_status":"closed","template":"","meta":{"_acf_changed":false,"footnotes":""},"class_list":["post-1245","page","type-page","status-publish","hentry"],"acf":[],"_links":{"self":[{"href":"https:\/\/gimsoaragon.com\/en\/wp-json\/wp\/v2\/pages\/1245","targetHints":{"allow":["GET"]}}],"collection":[{"href":"https:\/\/gimsoaragon.com\/en\/wp-json\/wp\/v2\/pages"}],"about":[{"href":"https:\/\/gimsoaragon.com\/en\/wp-json\/wp\/v2\/types\/page"}],"author":[{"embeddable":true,"href":"https:\/\/gimsoaragon.com\/en\/wp-json\/wp\/v2\/users\/1"}],"replies":[{"embeddable":true,"href":"https:\/\/gimsoaragon.com\/en\/wp-json\/wp\/v2\/comments?post=1245"}],"version-history":[{"count":1,"href":"https:\/\/gimsoaragon.com\/en\/wp-json\/wp\/v2\/pages\/1245\/revisions"}],"predecessor-version":[{"id":1308,"href":"https:\/\/gimsoaragon.com\/en\/wp-json\/wp\/v2\/pages\/1245\/revisions\/1308"}],"up":[{"embeddable":true,"href":"https:\/\/gimsoaragon.com\/en\/wp-json\/wp\/v2\/pages\/1275"}],"wp:attachment":[{"href":"https:\/\/gimsoaragon.com\/en\/wp-json\/wp\/v2\/media?parent=1245"}],"curies":[{"name":"wp","href":"https:\/\/api.w.org\/{rel}","templated":true}]}}