{"id":1246,"date":"2017-05-25T07:58:28","date_gmt":"2017-05-25T07:58:28","guid":{"rendered":"https:\/\/gimsoaragon.com\/maria-satue-palacian\/"},"modified":"2017-09-21T08:09:54","modified_gmt":"2017-09-21T08:09:54","slug":"maria-satue-palacian","status":"publish","type":"page","link":"https:\/\/gimsoaragon.com\/en\/curriculum-vitae\/maria-satue-palacian\/","title":{"rendered":"Mar\u00eda Satu\u00e9 Palaci\u00e1n"},"content":{"rendered":"<h4>FORMACI\u00d3N<\/h4>\n<ul>\n<li>M\u00e1ster Introducci\u00f3n a la Investigaci\u00f3n en Medicina (2010-2012) por la Universidad de Zaragoza.<\/li>\n<li>Especialista en Oftalmolog\u00eda v\u00eda MIR (2010-14) en el Hospital Universitario Miguel Servet de Zaragoza.<\/li>\n<li>Estancia en Centro Internacional \u201cMoorfields Eye Hospital\u201d (2013), de Londres, Reino Unido.<\/li>\n<li>Estancia en Centro Investigador Internacional \u201cInstitute for Innovative Ocular Surgery (NIIOS)\u201d (2014) en R\u00f3terdam, Pa\u00edses Bajos.<\/li>\n<li>Doctora en Medicina (2014) en la Universidad de Zaragoza, con calificaci\u00f3n Cum Laude.<\/li>\n<li>Fellowship en C\u00f3rnea-Trasplante endotelial (2014) en el Institute for Innovative Ocular Surgery (NIIOS), en R\u00f3terdam, Pa\u00edses Bajos.<\/li>\n<li>Facultativo Especialista en Oftalmolog\u00eda (desde 2015) en Hospital Universitario Miguel Servet de Zaragoza.<\/li>\n<li>Contratada R\u00edo Hortega (2015-2017) en el Instituto Aragon\u00e9s de Ciencias de la Salud (IACS) para investigaci\u00f3n de proyectos.<\/li>\n<\/ul>\n<h4>L\u00cdNEAS DE INVESTIGACI\u00d3N<\/h4>\n<ul>\n<li>Participaci\u00f3n en 4 proyectos de investigaci\u00f3n (2010-presente), como investigador colaborador.<\/li>\n<li>Participaci\u00f3n en 3 ensayos cl\u00ednicos (2016-presente) como investigador colaborador.<\/li>\n<li>Coordinadora de la l\u00ednea de investigaci\u00f3n de Trasplante endotelial (DMEK) en el Hospital Universitario Miguel Servet.<\/li>\n<\/ul>\n<h4>PRINCIPALES M\u00c9RITOS<\/h4>\n<ul>\n<li>Autora de 33 art\u00edculos cient\u00edficos, de los cuales 17 como autora principal y\/o correspondencia, 28 indexados en PubMed. Ocho cap\u00edtulos de libro.<\/li>\n<li>2014 Concesi\u00f3n de Ayuda para contrato R\u00edo Hortega. Instituto de Salud Carlos III.<\/li>\n<li>Instructora en 8 cursos WetLab sobre Queratoplastia endotelial de membrana de Descemet (DMEK) en congresos y cursos nacionales e internacionales.<\/li>\n<li>Colaborador extraordinario docente en la Universidad de Zaragoza, del grado de \u00d3ptica y optometr\u00eda (2015-presente).<\/li>\n<li>Directora del curso \u201cDMEK paso a paso\u201d para oftalm\u00f3logos, de la Sociedad Espa\u00f1ola de Oftalmolog\u00eda (2014-presente).<\/li>\n<li>Participaci\u00f3n en congresos cient\u00edficos: 66 presentaciones en congresos nacionales, 46 presentaciones en congresos internacionales. Ponente invitada en 5 congresos, 3 nacionales y 2 internacionales. Ponente invitada en la reuni\u00f3n internacional anual \u201cNIIOS Meeting on Descemet Membrane Endothelial Keratoplasty (DMEK)\u201d acreditada con cr\u00e9ditos de la ECMEC.<\/li>\n<li>Colaboradora docente en la preparaci\u00f3n y correcci\u00f3n de 6 trabajos de Fin de Grado de alumnos de \u00d3ptica y optometr\u00eda y de Grado de Medicina, con calificaciones notable-sobresaliente. Directora de 1 trabajo de fin de Grado de \u00d3ptica y optometr\u00eda con calificaci\u00f3n Notable.<\/li>\n<li>Cinco premios de investigaci\u00f3n, entre ellos el Primer premio Investigaci\u00f3n para residentes en oftalmolog\u00eda \u201cCastroviejo\u201d (2013) y el Premio de investigaci\u00f3n \u201cfinal de residencia\u201d 2014.<\/li>\n<\/ul>\n<p><a href=\"\/wp-content\/uploads\/cvsatue-.pdf\" target=\"_blank\" rel=\"noopener noreferrer\"><i class=\"uk-icon-cloud-download\"><\/i> Descargar CV de\u00a0Mar\u00eda Satu\u00e9 Palaci\u00e1n<\/a><\/p>\n<p>&nbsp;<\/p>\n","protected":false},"excerpt":{"rendered":"<p>FORMACI\u00d3N M\u00e1ster Introducci\u00f3n a la Investigaci\u00f3n en Medicina (2010-2012) por la Universidad de Zaragoza. Especialista en Oftalmolog\u00eda v\u00eda MIR (2010-14) en el Hospital Universitario Miguel Servet de Zaragoza. Estancia en&#8230; <a style=\"color: #e4262b\" class=\"read-more\" href=\"https:\/\/gimsoaragon.com\/en\/curriculum-vitae\/maria-satue-palacian\/\">more<\/a><\/p>\n","protected":false},"author":1,"featured_media":0,"parent":1275,"menu_order":0,"comment_status":"closed","ping_status":"closed","template":"","meta":{"_acf_changed":false,"footnotes":""},"class_list":["post-1246","page","type-page","status-publish","hentry"],"acf":[],"_links":{"self":[{"href":"https:\/\/gimsoaragon.com\/en\/wp-json\/wp\/v2\/pages\/1246","targetHints":{"allow":["GET"]}}],"collection":[{"href":"https:\/\/gimsoaragon.com\/en\/wp-json\/wp\/v2\/pages"}],"about":[{"href":"https:\/\/gimsoaragon.com\/en\/wp-json\/wp\/v2\/types\/page"}],"author":[{"embeddable":true,"href":"https:\/\/gimsoaragon.com\/en\/wp-json\/wp\/v2\/users\/1"}],"replies":[{"embeddable":true,"href":"https:\/\/gimsoaragon.com\/en\/wp-json\/wp\/v2\/comments?post=1246"}],"version-history":[{"count":1,"href":"https:\/\/gimsoaragon.com\/en\/wp-json\/wp\/v2\/pages\/1246\/revisions"}],"predecessor-version":[{"id":1305,"href":"https:\/\/gimsoaragon.com\/en\/wp-json\/wp\/v2\/pages\/1246\/revisions\/1305"}],"up":[{"embeddable":true,"href":"https:\/\/gimsoaragon.com\/en\/wp-json\/wp\/v2\/pages\/1275"}],"wp:attachment":[{"href":"https:\/\/gimsoaragon.com\/en\/wp-json\/wp\/v2\/media?parent=1246"}],"curies":[{"name":"wp","href":"https:\/\/api.w.org\/{rel}","templated":true}]}}