{"id":1247,"date":"2017-05-25T07:51:13","date_gmt":"2017-05-25T07:51:13","guid":{"rendered":"https:\/\/gimsoaragon.com\/ma-jesus-rodrigo-sanjuan\/"},"modified":"2022-03-23T16:57:31","modified_gmt":"2022-03-23T15:57:31","slug":"ma-jesus-rodrigo-sanjuan","status":"publish","type":"page","link":"https:\/\/gimsoaragon.com\/en\/curriculum-vitae\/ma-jesus-rodrigo-sanjuan\/","title":{"rendered":"M\u00aa Jes\u00fas Rodrigo Sanju\u00e1n"},"content":{"rendered":"<h4>FORMACI\u00d3N<\/h4>\n<ul>\n<li>Licenciada en Medicina (2006-2012) por la Facultad de Medicina de la Universidad de Zaragoza.<\/li>\n<li>Especialista en oftalmolog\u00eda v\u00eda MIR (2013-2017) en el Hospital Universitario Miguel Servet de Zaragoza.<\/li>\n<li>Facultativo Especialista de \u00c1rea en Oftalmolog\u00eda (desde 2017) en el Hospital Universitario Miguel Servet, unidades de glaucoma y neuroftalmolog\u00eda. Contrato Rio Hortega (2018-2020). Estatutaria fija especialista en Oftalmolog\u00eda (2022).<\/li>\n<li>Doctora en Medicina y Cirug\u00eda (Abril 2017), por la Universidad de Zaragoza, con calificaci\u00f3n Sobresaliente \u201cCum Laude\u201d.<\/li>\n<li>T\u00edtulo de experto universitario en Metodolog\u00eda Cl\u00ednica y Pr\u00e1ctica en Cirug\u00eda Refractiva, de Cataratas y Corneal, universidad Miguel Hern\u00e1ndez (2017).T\u00edtulo propio universitario con Diploma de Especializaci\u00f3n en Neurociencias, Universidad de Salamanca (2018). Capacitaci\u00f3n para manejar animales utilizados, criados o suministrados con fines de experimentaci\u00f3n y otros fines cient\u00edficos, incluyendo la docencia con funciones B y C (2018), D y E (2019).<\/li>\n<li>Estancias en centros internacionales: Langone Medical Center (Dysautonom\u00eda Center), New York University y New England Eye Center, Tufts Medical Center, Universidad de Boston (EEUU) (2016). Schepens Eye Research Institute, Universidad de Harvard (EEUU) (2016).<\/li>\n<\/ul>\n<h4>L\u00cdNEAS DE INVESTIGACI\u00d3N<\/h4>\n<ul>\n<li>Participaci\u00f3n en 12 proyectos de investigaci\u00f3n (investigadora colaboradora) (9 nacionales\/3 internacionales).<\/li>\n<li>Participaci\u00f3n en 5 ensayos cl\u00ednicos.<\/li>\n<\/ul>\n<h4>PRINCIPALES M\u00c9RITOS<\/h4>\n<ul>\n<li><b>16 premios de investigaci\u00f3n:<\/b>\n<ul>\n<li> Beca-contrato R\u00edo Hortega (2018)<\/li>\n<li> Primer premio THEA-S.E.G.(2022) a la mejor publicaci\u00f3n en Glaucoma de 2021 de la Sociedad Espa\u00f1ola de Glaucoma<\/li>\n<li> Premio a la mejor comunicaci\u00f3n oral en el congreso EVER (2021)<\/li>\n<li> Primer premio a la mejor comunicaci\u00f3n oral en la Jornada de Investigaci\u00f3n para Residentes de Arag\u00f3n (2020)<\/li>\n<li> Travel award (2018) para el simposium anual Ocular Regeneration (Universidad de Harvard, EEUU)<\/li>\n<li> Premio de Investigaci\u00f3n Final de Residencia  HUMS (2017)<\/li>\n<li> \u00c1ccesit (votaci\u00f3n online doctorandos) durante las V Jornadas Doctorales del G9 (2017)<\/li>\n<li> Beca UMH (2017), 9) Ayuda al Residente Investigador IIS-A (2016)<\/li>\n<li> Beca Sociedad Aragonesa de Oftalmolog\u00eda (2016)<\/li>\n<li> Beca Colegio de M\u00e9dicos de Zaragoza (2016)<\/li>\n<li> Premio especial \u201cMejor caso en el \u00e1rea de Ojo Seco\u201d en el congreso de la Sociedad Espa\u00f1ola de Oftalmolog\u00eda (2015)<\/li>\n<li> Premio 2\u00ba en Superficie Ocular en el congreso de la Sociedad Espa\u00f1ola de Oftalmolog\u00eda (2014)<\/li>\n<li> Premio al mejor trabajo en el Congreso ASETCIRC (2014)<\/li>\n<li> Beca de colaboraci\u00f3n MEC  para Proyecto de Innovaci\u00f3n Docente (2011-12)<\/li>\n<li> Beca cooperaci\u00f3n internacional  de la UZ (2011).<\/li>\n<\/ul>\n<li><b>Patente europea licenciada:<\/b> A non-human animal mammalian model of chronic glaucoma. Inventores: N\u00famero de aplicaci\u00f3n: PCT\/EP2020\/087153. Depositada en European Patent Office (La Haya, Pa\u00edses Bajos). Fecha de recepci\u00f3n: 18.diciembre.2020<\/li>\n<li><b>Publicaci\u00f3n de 30 art\u00edculos en revistas indexadas en JCR:<\/b> D1: 3 (1\u00aa, \u00faltima o ac: 2). Q1:14 (1\u00aa, \u00faltima o ac: 11). Q2: 9 (1\u00aa, \u00faltima o ac: 4). Q3: 3 (1\u00aa, \u00faltima o ac: 0) Publicaciones Q4:1 (1\u00aa, \u00faltima o ac: 0), 5 en no indexadas y 10 cap\u00edtulos de libros. <b>Revisora<\/b> en Mult SclerJournal, Therap Adv in Chro Dis, Mov Dis, Front. Aging Neurosci (Q1).  <b>Editora<\/b> de special issue en Pharmaceutics (Q1).<\/li>\n<li><b>Docencia:<\/b> Colaboradora en 2 proyectos de innovaci\u00f3n docente (2010-2012);  Participaci\u00f3n en examen ECOE (2015, 2018); Colaboradora docente en el desarrollo de programas formativos de los residentes de oftalmolog\u00eda HUMS (desde 2017); Colaboradora docente en el Grado en \u00d3ptica y Optometr\u00eda, de la UZ (2017-2020); Docente de 6 cursos formativos impartidos (2020-2021). Direcci\u00f3n de 4 tesis doctorales, 2 TFG (en curso)  y 1 tribunal (secretaria).<\/li>\n<li>Pertenencia en el <b>grupo de mejora<\/b> del servicio de oftalmolog\u00eda del HUMS (desde 2016), del grupo de trabajo de Neuroftalmolog\u00eda (desde 2020) y grupo interdisciplinar de Enfermedades Hereditarias de la Retina y Nervio \u00d3ptico (desde 2021).<\/li>\n<li><b>Asistencia<\/b> a 24 congresos nacionales y 13 internacionales. Participaci\u00f3n en <b>congresos cient\u00edficos<\/b> con 67comunicaciones nacionales y 88 internacionales y ponente invitada en 2 congresos. <b>Cursos formativos<\/b> recibidos: 54 nacionales y 27 internacionales.<\/li>\n<\/ul>\n<p><a href=\"\/wp-content\/uploads\/CV_MARIA-JESUS-RODRIGO.pdf\" target=\"_blank\" rel=\"noopener noreferrer\"><i class=\"uk-icon-cloud-download\"><\/i> Descargar CV de\u00a0M\u00aa Jes\u00fas Rodrigo Sanju\u00e1n<\/a><\/p>\n<p>&nbsp;<\/p>\n","protected":false},"excerpt":{"rendered":"<p>FORMACI\u00d3N Licenciada en Medicina (2006-2012) por la Facultad de Medicina de la Universidad de Zaragoza. Especialista en oftalmolog\u00eda v\u00eda MIR (2013-2017) en el Hospital Universitario Miguel Servet de Zaragoza. Facultativo&#8230; <a style=\"color: #e4262b\" class=\"read-more\" href=\"https:\/\/gimsoaragon.com\/en\/curriculum-vitae\/ma-jesus-rodrigo-sanjuan\/\">more<\/a><\/p>\n","protected":false},"author":1,"featured_media":0,"parent":1275,"menu_order":0,"comment_status":"closed","ping_status":"closed","template":"","meta":{"_acf_changed":false,"footnotes":""},"class_list":["post-1247","page","type-page","status-publish","hentry"],"acf":[],"_links":{"self":[{"href":"https:\/\/gimsoaragon.com\/en\/wp-json\/wp\/v2\/pages\/1247","targetHints":{"allow":["GET"]}}],"collection":[{"href":"https:\/\/gimsoaragon.com\/en\/wp-json\/wp\/v2\/pages"}],"about":[{"href":"https:\/\/gimsoaragon.com\/en\/wp-json\/wp\/v2\/types\/page"}],"author":[{"embeddable":true,"href":"https:\/\/gimsoaragon.com\/en\/wp-json\/wp\/v2\/users\/1"}],"replies":[{"embeddable":true,"href":"https:\/\/gimsoaragon.com\/en\/wp-json\/wp\/v2\/comments?post=1247"}],"version-history":[{"count":3,"href":"https:\/\/gimsoaragon.com\/en\/wp-json\/wp\/v2\/pages\/1247\/revisions"}],"predecessor-version":[{"id":2475,"href":"https:\/\/gimsoaragon.com\/en\/wp-json\/wp\/v2\/pages\/1247\/revisions\/2475"}],"up":[{"embeddable":true,"href":"https:\/\/gimsoaragon.com\/en\/wp-json\/wp\/v2\/pages\/1275"}],"wp:attachment":[{"href":"https:\/\/gimsoaragon.com\/en\/wp-json\/wp\/v2\/media?parent=1247"}],"curies":[{"name":"wp","href":"https:\/\/api.w.org\/{rel}","templated":true}]}}