{"id":1248,"date":"2017-05-25T07:43:38","date_gmt":"2017-05-25T07:43:38","guid":{"rendered":"https:\/\/gimsoaragon.com\/juan-pinilla-borobia\/"},"modified":"2017-09-21T08:09:53","modified_gmt":"2017-09-21T08:09:53","slug":"juan-pinilla-borobia","status":"publish","type":"page","link":"https:\/\/gimsoaragon.com\/en\/curriculum-vitae\/juan-pinilla-borobia\/","title":{"rendered":"Juan Pinilla Borobia"},"content":{"rendered":"<h4>FORMACI\u00d3N<\/h4>\n<ul>\n<li>Licenciado en Medicina, en la Universidad de Zaragoza. 2008-2009 A\u00f1o acad\u00e9mico como estudiante internacional de Erasmus en la Universidad de Kuopio (Finlandia).<\/li>\n<li>Especialista en Oftalmolog\u00eda v\u00eda MIR (2012-2016) en Hospital Universitario Miguel Servet de Zaragoza.<\/li>\n<li>Facultativo especialista en Oftalmolog\u00eda (desde 2016) en Hospital Nuestra Se\u00f1ora de Gracia.<\/li>\n<li>Doctor en Medicina y Cirug\u00eda (2016) en la Universidad de Zaragoza con calificaci\u00f3n \u201ccum laude\u201d.<\/li>\n<li>M\u00e1ster. Iniciaci\u00f3n a la Investigaci\u00f3n en Medicina (2014).<\/li>\n<li>EBO. European Board of Ophthalmology. 9 de mayo de 2015, Par\u00eds.<\/li>\n<li>Estancia en centro internacional Will\u00b4s Eye Hospital (Philadelphia).<\/li>\n<li>Nivel B2 en ingl\u00e9s (2011).<\/li>\n<\/ul>\n<h4>L\u00cdNEAS DE INVESTIGACI\u00d3N<\/h4>\n<ul>\n<li>Pertenencia al Grupo de Investigaci\u00f3n en Neuroftalmolog\u00eda.<\/li>\n<li>5 art\u00edculos en revistas indexadas en PubMed.<\/li>\n<li>4 Cap\u00edtulos de libros.<\/li>\n<\/ul>\n<h4>PRINCIPALES M\u00c9RITOS<\/h4>\n<ul>\n<li>50 comunicaciones en congresos cient\u00edficos.<\/li>\n<\/ul>\n<p><a href=\"\/wp-content\/uploads\/cvpinilla.pdf\" target=\"_blank\"><i class=\"uk-icon-cloud-download\"><\/i> Descargar CV de\u00a0Juan Pinilla Borobia<\/a><\/p>\n<p>&nbsp;<\/p>\n","protected":false},"excerpt":{"rendered":"<p>FORMACI\u00d3N Licenciado en Medicina, en la Universidad de Zaragoza. 2008-2009 A\u00f1o acad\u00e9mico como estudiante internacional de Erasmus en la Universidad de Kuopio (Finlandia). Especialista en Oftalmolog\u00eda v\u00eda MIR (2012-2016) en&#8230; <a style=\"color: #e4262b\" class=\"read-more\" href=\"https:\/\/gimsoaragon.com\/en\/curriculum-vitae\/juan-pinilla-borobia\/\">more<\/a><\/p>\n","protected":false},"author":1,"featured_media":0,"parent":1275,"menu_order":0,"comment_status":"closed","ping_status":"closed","template":"","meta":{"_acf_changed":false,"footnotes":""},"class_list":["post-1248","page","type-page","status-publish","hentry"],"acf":[],"_links":{"self":[{"href":"https:\/\/gimsoaragon.com\/en\/wp-json\/wp\/v2\/pages\/1248","targetHints":{"allow":["GET"]}}],"collection":[{"href":"https:\/\/gimsoaragon.com\/en\/wp-json\/wp\/v2\/pages"}],"about":[{"href":"https:\/\/gimsoaragon.com\/en\/wp-json\/wp\/v2\/types\/page"}],"author":[{"embeddable":true,"href":"https:\/\/gimsoaragon.com\/en\/wp-json\/wp\/v2\/users\/1"}],"replies":[{"embeddable":true,"href":"https:\/\/gimsoaragon.com\/en\/wp-json\/wp\/v2\/comments?post=1248"}],"version-history":[{"count":1,"href":"https:\/\/gimsoaragon.com\/en\/wp-json\/wp\/v2\/pages\/1248\/revisions"}],"predecessor-version":[{"id":1298,"href":"https:\/\/gimsoaragon.com\/en\/wp-json\/wp\/v2\/pages\/1248\/revisions\/1298"}],"up":[{"embeddable":true,"href":"https:\/\/gimsoaragon.com\/en\/wp-json\/wp\/v2\/pages\/1275"}],"wp:attachment":[{"href":"https:\/\/gimsoaragon.com\/en\/wp-json\/wp\/v2\/media?parent=1248"}],"curies":[{"name":"wp","href":"https:\/\/api.w.org\/{rel}","templated":true}]}}