{"id":1249,"date":"2017-05-25T07:37:39","date_gmt":"2017-05-25T07:37:39","guid":{"rendered":"https:\/\/gimsoaragon.com\/sofia-otin\/"},"modified":"2017-09-21T08:10:23","modified_gmt":"2017-09-21T08:10:23","slug":"sofia-otin","status":"publish","type":"page","link":"https:\/\/gimsoaragon.com\/en\/curriculum-vitae\/sofia-otin\/","title":{"rendered":"Sof\u00eda Ot\u00edn"},"content":{"rendered":"<h4>FORMACI\u00d3N<\/h4>\n<ul>\n<li>Diplomada en \u00d3ptica y Optometr\u00eda por la Universidad de Zaragoza en 2008 y graduada en \u00d3ptica y Optometr\u00eda por la misma universidad en 2015.<\/li>\n<li>Posgrado \u201cMaster en Investigaci\u00f3n en Ciencias de la Visi\u00f3n\u201d por la Universidad de Murcia en 2011.<\/li>\n<li>Miembro del equipo de oftalmolog\u00eda del Hospital Universitario Miguel Servet desde 2011 como optometrista cl\u00ednico. Investigador pre-Doctoral de 2012-2016. Beca PFIS 2012 del Instituto de Salud Carlos III.<\/li>\n<li>Doctora por la Universidad de Zaragoza en 2015. T\u00edtulo de la Tesis Doctoral: Evaluaci\u00f3n de la capacidad diagn\u00f3stica de instrumentos de detecci\u00f3n precoz en el Glaucoma. Calificaci\u00f3n Cum Laude.<\/li>\n<\/ul>\n<h4>L\u00cdNEAS DE INVESTIGACI\u00d3N<\/h4>\n<ul>\n<li>Miembro del Grupo consolidado de Investigaci\u00f3n \u201cPrevenci\u00f3n de la Ceguera\u201d del Hospital Universitario Miguel Servet de Zaragoza. Participaci\u00f3n como investigador colaborador en 7 proyectos de investigaci\u00f3n subvencionados y 9 ensayos cl\u00ednicos privados.<\/li>\n<li>Miembro de la red tem\u00e1tica de investigaci\u00f3n y cooperativa en salud (RETICS) RD12\/0034 Enfermedades oculares OFTARED desde 2013.<\/li>\n<\/ul>\n<h4>PRINCIPALES M\u00c9RITOS<\/h4>\n<ul>\n<li>Participaci\u00f3n en la redacci\u00f3n de la GPC (Gu\u00eda de Pr\u00e1cticas Cl\u00ednicas) en el Glaucoma Cr\u00f3nico de \u00c1ngulo Abierto solicitada por el Ministerio de Sanidad y gestionada por la Ag\u00e8ncia de Qualitat i Avaluati\u00f3 Sanit\u00e0ries de Catalunya (AQuAS).<\/li>\n<li>Co-autora en 20 art\u00edculos cient\u00edficos indexados a \u201cpubmed\u201d en revistas en el primer cuartil del JCR, dos cap\u00edtulos de libro y tres art\u00edculos en revistas no indexadas.<\/li>\n<li>Participaci\u00f3n en congresos cient\u00edficos nacionales e internacionales con m\u00e1s de 150 comunicaciones de investigaci\u00f3n.<\/li>\n<\/ul>\n<p><a href=\"\/wp-content\/uploads\/cvotin.pdf\" target=\"_blank\" rel=\"noopener noreferrer\"><i class=\"uk-icon-cloud-download\"><\/i> Descargar CV de\u00a0Sof\u00eda Ot\u00edn<\/a><\/p>\n<p>&nbsp;<\/p>\n","protected":false},"excerpt":{"rendered":"<p>FORMACI\u00d3N Diplomada en \u00d3ptica y Optometr\u00eda por la Universidad de Zaragoza en 2008 y graduada en \u00d3ptica y Optometr\u00eda por la misma universidad en 2015. Posgrado \u201cMaster en Investigaci\u00f3n en&#8230; <a style=\"color: #e4262b\" class=\"read-more\" href=\"https:\/\/gimsoaragon.com\/en\/curriculum-vitae\/sofia-otin\/\">more<\/a><\/p>\n","protected":false},"author":1,"featured_media":0,"parent":1275,"menu_order":0,"comment_status":"closed","ping_status":"closed","template":"","meta":{"_acf_changed":false,"footnotes":""},"class_list":["post-1249","page","type-page","status-publish","hentry"],"acf":[],"_links":{"self":[{"href":"https:\/\/gimsoaragon.com\/en\/wp-json\/wp\/v2\/pages\/1249","targetHints":{"allow":["GET"]}}],"collection":[{"href":"https:\/\/gimsoaragon.com\/en\/wp-json\/wp\/v2\/pages"}],"about":[{"href":"https:\/\/gimsoaragon.com\/en\/wp-json\/wp\/v2\/types\/page"}],"author":[{"embeddable":true,"href":"https:\/\/gimsoaragon.com\/en\/wp-json\/wp\/v2\/users\/1"}],"replies":[{"embeddable":true,"href":"https:\/\/gimsoaragon.com\/en\/wp-json\/wp\/v2\/comments?post=1249"}],"version-history":[{"count":1,"href":"https:\/\/gimsoaragon.com\/en\/wp-json\/wp\/v2\/pages\/1249\/revisions"}],"predecessor-version":[{"id":1310,"href":"https:\/\/gimsoaragon.com\/en\/wp-json\/wp\/v2\/pages\/1249\/revisions\/1310"}],"up":[{"embeddable":true,"href":"https:\/\/gimsoaragon.com\/en\/wp-json\/wp\/v2\/pages\/1275"}],"wp:attachment":[{"href":"https:\/\/gimsoaragon.com\/en\/wp-json\/wp\/v2\/media?parent=1249"}],"curies":[{"name":"wp","href":"https:\/\/api.w.org\/{rel}","templated":true}]}}