{"id":1250,"date":"2017-05-25T07:30:41","date_gmt":"2017-05-25T07:30:41","guid":{"rendered":"https:\/\/gimsoaragon.com\/javier-obis-alfaro\/"},"modified":"2017-09-21T08:09:53","modified_gmt":"2017-09-21T08:09:53","slug":"javier-obis-alfaro","status":"publish","type":"page","link":"https:\/\/gimsoaragon.com\/en\/curriculum-vitae\/javier-obis-alfaro\/","title":{"rendered":"Javier Obis Alfaro"},"content":{"rendered":"<h4>FORMACI\u00d3N<\/h4>\n<ul>\n<li>Licenciado en Medicina y Cirug\u00eda en la Universidad de Zaragoza (2013).<\/li>\n<li>M\u00e9dico Interno Residente en Oftalmolog\u00eda en el Hospital Universitario Miguel Servet de Zaragoza (2014 \u2013 hasta la fecha)<\/li>\n<li>Doctorando en Medicina y Cirug\u00eda en la Universidad de Zaragoza (2016 \u2013 hasta la fecha).<\/li>\n<\/ul>\n<h4>L\u00cdNEAS DE INVESTIGACI\u00d3N<\/h4>\n<ul>\n<li>Miembro de dos grupos de investigaci\u00f3n del Instituto de Investigaci\u00f3n Sanitaria de Arag\u00f3n.<\/li>\n<\/ul>\n<h4>PRINCIPALES M\u00c9RITOS<\/h4>\n<ul>\n<li>Coautor de un art\u00edculo incluido en Pubmed, autor de un art\u00edculo publicado en libro con ISBN, coautor de un cap\u00edtulo publicado en un libro con ISBN.<\/li>\n<li>18 comunicaciones en congresos nacionales, 8 comunicaciones en congresos internacionales.<\/li>\n<\/ul>\n<p><a href=\"\/wp-content\/uploads\/cvobis.pdf\" target=\"_blank\" rel=\"noopener noreferrer\"><i class=\"uk-icon-cloud-download\"><\/i> Descargar CV de\u00a0Javier Obis Alfaro<\/a><\/p>\n<p>&nbsp;<\/p>\n","protected":false},"excerpt":{"rendered":"<p>FORMACI\u00d3N Licenciado en Medicina y Cirug\u00eda en la Universidad de Zaragoza (2013). M\u00e9dico Interno Residente en Oftalmolog\u00eda en el Hospital Universitario Miguel Servet de Zaragoza (2014 \u2013 hasta la fecha)&#8230; <a style=\"color: #e4262b\" class=\"read-more\" href=\"https:\/\/gimsoaragon.com\/en\/curriculum-vitae\/javier-obis-alfaro\/\">more<\/a><\/p>\n","protected":false},"author":1,"featured_media":0,"parent":1275,"menu_order":0,"comment_status":"closed","ping_status":"closed","template":"","meta":{"_acf_changed":false,"footnotes":""},"class_list":["post-1250","page","type-page","status-publish","hentry"],"acf":[],"_links":{"self":[{"href":"https:\/\/gimsoaragon.com\/en\/wp-json\/wp\/v2\/pages\/1250","targetHints":{"allow":["GET"]}}],"collection":[{"href":"https:\/\/gimsoaragon.com\/en\/wp-json\/wp\/v2\/pages"}],"about":[{"href":"https:\/\/gimsoaragon.com\/en\/wp-json\/wp\/v2\/types\/page"}],"author":[{"embeddable":true,"href":"https:\/\/gimsoaragon.com\/en\/wp-json\/wp\/v2\/users\/1"}],"replies":[{"embeddable":true,"href":"https:\/\/gimsoaragon.com\/en\/wp-json\/wp\/v2\/comments?post=1250"}],"version-history":[{"count":1,"href":"https:\/\/gimsoaragon.com\/en\/wp-json\/wp\/v2\/pages\/1250\/revisions"}],"predecessor-version":[{"id":1295,"href":"https:\/\/gimsoaragon.com\/en\/wp-json\/wp\/v2\/pages\/1250\/revisions\/1295"}],"up":[{"embeddable":true,"href":"https:\/\/gimsoaragon.com\/en\/wp-json\/wp\/v2\/pages\/1275"}],"wp:attachment":[{"href":"https:\/\/gimsoaragon.com\/en\/wp-json\/wp\/v2\/media?parent=1250"}],"curies":[{"name":"wp","href":"https:\/\/api.w.org\/{rel}","templated":true}]}}