{"id":1251,"date":"2017-05-25T07:26:48","date_gmt":"2017-05-25T07:26:48","guid":{"rendered":"https:\/\/gimsoaragon.com\/miriam-idoipe-corta\/"},"modified":"2017-09-21T08:09:54","modified_gmt":"2017-09-21T08:09:54","slug":"miriam-idoipe-corta","status":"publish","type":"page","link":"https:\/\/gimsoaragon.com\/en\/curriculum-vitae\/miriam-idoipe-corta\/","title":{"rendered":"Miriam Idoipe Corta"},"content":{"rendered":"<h4>FORMACI\u00d3N<\/h4>\n<ul>\n<li>1999-2005: Licenciatura en Medicina y Cirug\u00eda General. Universidad de Zaragoza.<\/li>\n<li>2006-2010: Residencia en Oftalmolog\u00eda en Hospital Universitario Miguel Servet, Zaragoza.<\/li>\n<li>2012 Obtenci\u00f3n de t\u00edtulo de Doctor en Medicina mediante la Lectura de tesis doctoral: \u201cEstudio funcional y estructural del nervio \u00f3ptico y de la retina en pacientes con Diabetes Mellitus tipo 1 sin retinopat\u00eda\u201d.<\/li>\n<li>2010-Actualidad: Colaborador Docente Extraordinario.<\/li>\n<li>Septiembre de 2015-Actualidad:Nombramiento como tutor de residentes de la especialidad de Oftalmolog\u00eda.<\/li>\n<\/ul>\n<h4>L\u00cdNEAS DE INVESTIGACI\u00d3N<\/h4>\n<ul>\n<li>\u201cCaracterizaci\u00f3n inmunocitoqu\u00edmica y mediante microscopia electr\u00f3nica \u201c. Beca PAMER del Instituto Aragon\u00e9s de Ciencias de la Salud (IACS).<\/li>\n<li>\u201cCaracterizaci\u00f3n inmunocitoqu\u00edmica, mediante microscopia de barrido y microscopia electr\u00f3nica de los esferoides de epitelio pigmentario retiniano. Valoraci\u00f3n de la posibilidad de realizar trasplantes de precursores de epitelio pigmentario en modelos degenerativos retinianos\u201d. Beca PAMER del Instituto Aragon\u00e9s de Ciencias de la Salud (IACS)<\/li>\n<li>\u201cCaracterizaci\u00f3n inmunocitoqu\u00edmica de las neuroesferas y esferoides de epitelio pigmentario retiniano de procedentes de c\u00e9lulas pluripotenciales inducidas y comparaci\u00f3n con el desarrollo prenatal. Terapia celular en modelos degenerativos retinianos\u201d. Beca PAMER del Instituto Aragon\u00e9s de Ciencias de la Salud (IACS).<\/li>\n<li>\u201cTerapia celular de las degeneraciones retinianas con c\u00e9lulas precursoras del epitelio pigmentario retiniano humano\u201d. Beca FIS del Instituto Aragon\u00e9s de Ciencias de la Salud (IACS).<\/li>\n<li>\u201cDiferencias en el desarrollo retiniano en las neuroesferas de c\u00e9lulas pluripotenciales inducidas\u201d. Instituto Aragon\u00e9s de Ciencias de la Salud.<\/li>\n<li>\u201cLiberaci\u00f3n sostenida de Factor Neurotr\u00f3fico derivado del cerebro (BDNF) tras administraci\u00f3n supracoroidea: Estudio de penetrancia, seguridad y tolerancia en modelo animal\u201d. Beca FIS del Instituto Aragon\u00e9s de Ciencias de la Salud (IACS).<\/li>\n<\/ul>\n<h4>PRINCIPALES M\u00c9RITOS<\/h4>\n<ul>\n<li>Publicaciones:<\/li>\n<ul>\n<li>Efficacy And Tolerability Of Imiquimod 5% Cream To Treat Periocular Basal Cell Carcinomas\u201d. Revista: Journal of Ocular Pharmacology and Therapeutics. 2010 Aug; 26(4):373-9.<\/li>\n<li>\u201cAbility of Heidelberg Retina Tomograph III to predict progression in patients with early glaucoma or suspected primary open-angle glaucoma\u201dRevista: Arch Soc Esp Oftalmol. 2010; 85(1): 138-143.<\/li>\n<li>\u201cComparison Of Imiquimod 5% Cream Versus Radiotherapy As Treatment Of Basal Cell Carcinomas In The Eyelids\u201d. Revista: Arch Soc Esp Oftalmol. 2010; 85(1): 138-143. Autores: Garcia-Martin E, Gil-Arribas L, Idoipe M, Alfaro J, Pueyo V, Pablo LE, Fernandez FJ.<\/li>\n<li>&#8220;Intra And Interoperator Reproducibility Of Retinal Nerve Fibre And Macular Thickness Measurements Using Cirrus Fourier-Domain Oct\u201d Garcia-Martin E, Pinilla I, Idoipe M, Fuertes I, Pueyo V. Acta Ophthalmol. 2011 Feb;89(1):e23-9.<\/li>\n<li>\u201cComparison Of Retinal Nerve Fiber Layer Thickness Measurements In Healthy Subjects Using Fourier And Time Domain Optical Coherence Tomography\u201d. Pinilla I, Garcia-Martin E, Idoipe M, Sancho E, Fuertes I. J Ophthalmol. 2012;2012:107053.<\/li>\n<li>\u201cDescemetorhexis And Corneal Clearing: A New Perspective On The Treatment Of Endothelial Diseases\u201d. Satu\u00e9 Palaci\u00e1n M, S\u00e1nchez P\u00e9rez A, Idoipe Corta M, Brito Su\u00e1rez C, Pablo Julvez LE, Garc\u00eda Mart\u00edn E. Arch Soc Esp Oftalmol. 2014 Jan;89(1):1-3. doi: 10.1016\/j.oftal.2013.09.009.<\/li>\n<li>\u201cOjo Seco En El Contexto Del S\u00edndrome De Agenesia De Gl\u00e1ndulas Lagrimal Y Salival\u201d en el IX Certamen de \u201cCasos Cl\u00ednicos en Superficie Ocular 2015\u201d. Barcelona: Editorial Glosa. 2015. ISBN: 978-84-7429-616-7.<\/li>\n<li>\u201cManejo De Queratitis Ulcerativa Perif\u00e9rica Con Parche Col\u00e1geno Y Membrana Amni\u00f3tica\u201d en el X Certamen de \u201cCasos Cl\u00ednicos en Superficie Ocular 2016\u201d. Barcelona: Editorial Glosa. 2016. ISBN: 978-84-7429-662-4.<\/li>\n<li>\u201cInsuficiencia Limbar Completa Secundaria A Causticaci\u00f3n Ocular\u201d en el X Certamen de \u201cCasos Cl\u00ednicos en Superficie Ocular 2016\u201d. Barcelona: Editorial Glosa. 2016. ISBN: 978-84-7429-662-4.<\/li>\n<\/ul>\n<\/ul>\n<p><a href=\"\/wp-content\/uploads\/cvidoipe-.pdf\" target=\"_blank\"><i class=\"uk-icon-cloud-download\"><\/i> Descargar CV de\u00a0Miriam Idoipe Corta<\/a><\/p>\n<p>&nbsp;<\/p>\n","protected":false},"excerpt":{"rendered":"<p>FORMACI\u00d3N 1999-2005: Licenciatura en Medicina y Cirug\u00eda General. Universidad de Zaragoza. 2006-2010: Residencia en Oftalmolog\u00eda en Hospital Universitario Miguel Servet, Zaragoza. 2012 Obtenci\u00f3n de t\u00edtulo de Doctor en Medicina mediante&#8230; <a style=\"color: #e4262b\" class=\"read-more\" href=\"https:\/\/gimsoaragon.com\/en\/curriculum-vitae\/miriam-idoipe-corta\/\">more<\/a><\/p>\n","protected":false},"author":1,"featured_media":0,"parent":1275,"menu_order":0,"comment_status":"closed","ping_status":"closed","template":"","meta":{"_acf_changed":false,"footnotes":""},"class_list":["post-1251","page","type-page","status-publish","hentry"],"acf":[],"_links":{"self":[{"href":"https:\/\/gimsoaragon.com\/en\/wp-json\/wp\/v2\/pages\/1251","targetHints":{"allow":["GET"]}}],"collection":[{"href":"https:\/\/gimsoaragon.com\/en\/wp-json\/wp\/v2\/pages"}],"about":[{"href":"https:\/\/gimsoaragon.com\/en\/wp-json\/wp\/v2\/types\/page"}],"author":[{"embeddable":true,"href":"https:\/\/gimsoaragon.com\/en\/wp-json\/wp\/v2\/users\/1"}],"replies":[{"embeddable":true,"href":"https:\/\/gimsoaragon.com\/en\/wp-json\/wp\/v2\/comments?post=1251"}],"version-history":[{"count":1,"href":"https:\/\/gimsoaragon.com\/en\/wp-json\/wp\/v2\/pages\/1251\/revisions"}],"predecessor-version":[{"id":1306,"href":"https:\/\/gimsoaragon.com\/en\/wp-json\/wp\/v2\/pages\/1251\/revisions\/1306"}],"up":[{"embeddable":true,"href":"https:\/\/gimsoaragon.com\/en\/wp-json\/wp\/v2\/pages\/1275"}],"wp:attachment":[{"href":"https:\/\/gimsoaragon.com\/en\/wp-json\/wp\/v2\/media?parent=1251"}],"curies":[{"name":"wp","href":"https:\/\/api.w.org\/{rel}","templated":true}]}}