{"id":1252,"date":"2017-05-25T07:11:20","date_gmt":"2017-05-25T07:11:20","guid":{"rendered":"https:\/\/gimsoaragon.com\/ruben-hernandez\/"},"modified":"2017-09-21T08:09:54","modified_gmt":"2017-09-21T08:09:54","slug":"ruben-hernandez","status":"publish","type":"page","link":"https:\/\/gimsoaragon.com\/en\/curriculum-vitae\/ruben-hernandez\/","title":{"rendered":"Rub\u00e9n Hern\u00e1ndez"},"content":{"rendered":"<h4>FORMACI\u00d3N<\/h4>\n<ul>\n<li>Diplomado en \u00d3ptica y Optometr\u00eda por la UCM (2004).<\/li>\n<li>M\u00e1ster en Optometr\u00eda y Ciencias de la Visi\u00f3n por la UCM, Universidad Complutense de Madrid (2009).<\/li>\n<li>Optometrista en el servicio de Oftalmolog\u00eda del Hospital Universitario Miguel Servet de Zaragoza desde 2015.<\/li>\n<\/ul>\n<h4>L\u00cdNEAS DE INVESTIGACI\u00d3N<\/h4>\n<ul>\n<li>Participaci\u00f3n en 5 proyectos de investigaci\u00f3n.<\/li>\n<li>Integrante de los Grupos de investigaci\u00f3n en Glaucoma y Cirug\u00eda del Hospital Universitario Miguel Servet desde 2016.<\/li>\n<\/ul>\n<h4>PRINCIPALES M\u00c9RITOS<\/h4>\n<ul>\n<li>Profesor asociado del Departamento de F\u00edsica en el \u00e1rea de \u00d3ptica durante el curso 2015\/16.<\/li>\n<li>Participaci\u00f3n en congresos cient\u00edficos: 7 comunicaciones en congresos internacionales.<\/li>\n<\/ul>\n<p><a href=\"\/wp-content\/uploads\/cvhernandez.pdf\" target=\"_blank\" rel=\"noopener noreferrer\"><i class=\"uk-icon-cloud-download\"><\/i> Descargar CV de\u00a0Rub\u00e9n Hern\u00e1ndez<\/a><\/p>\n<p>&nbsp;<\/p>\n","protected":false},"excerpt":{"rendered":"<p>FORMACI\u00d3N Diplomado en \u00d3ptica y Optometr\u00eda por la UCM (2004). M\u00e1ster en Optometr\u00eda y Ciencias de la Visi\u00f3n por la UCM, Universidad Complutense de Madrid (2009). Optometrista en el servicio&#8230; <a style=\"color: #e4262b\" class=\"read-more\" href=\"https:\/\/gimsoaragon.com\/en\/curriculum-vitae\/ruben-hernandez\/\">more<\/a><\/p>\n","protected":false},"author":1,"featured_media":0,"parent":1275,"menu_order":0,"comment_status":"closed","ping_status":"closed","template":"","meta":{"_acf_changed":false,"footnotes":""},"class_list":["post-1252","page","type-page","status-publish","hentry"],"acf":[],"_links":{"self":[{"href":"https:\/\/gimsoaragon.com\/en\/wp-json\/wp\/v2\/pages\/1252","targetHints":{"allow":["GET"]}}],"collection":[{"href":"https:\/\/gimsoaragon.com\/en\/wp-json\/wp\/v2\/pages"}],"about":[{"href":"https:\/\/gimsoaragon.com\/en\/wp-json\/wp\/v2\/types\/page"}],"author":[{"embeddable":true,"href":"https:\/\/gimsoaragon.com\/en\/wp-json\/wp\/v2\/users\/1"}],"replies":[{"embeddable":true,"href":"https:\/\/gimsoaragon.com\/en\/wp-json\/wp\/v2\/comments?post=1252"}],"version-history":[{"count":1,"href":"https:\/\/gimsoaragon.com\/en\/wp-json\/wp\/v2\/pages\/1252\/revisions"}],"predecessor-version":[{"id":1309,"href":"https:\/\/gimsoaragon.com\/en\/wp-json\/wp\/v2\/pages\/1252\/revisions\/1309"}],"up":[{"embeddable":true,"href":"https:\/\/gimsoaragon.com\/en\/wp-json\/wp\/v2\/pages\/1275"}],"wp:attachment":[{"href":"https:\/\/gimsoaragon.com\/en\/wp-json\/wp\/v2\/media?parent=1252"}],"curies":[{"name":"wp","href":"https:\/\/api.w.org\/{rel}","templated":true}]}}