{"id":1253,"date":"2017-05-24T14:38:44","date_gmt":"2017-05-24T14:38:44","guid":{"rendered":"https:\/\/gimsoaragon.com\/noemi-guerri-monclus\/"},"modified":"2017-09-21T08:09:54","modified_gmt":"2017-09-21T08:09:54","slug":"noemi-guerri-monclus","status":"publish","type":"page","link":"https:\/\/gimsoaragon.com\/en\/curriculum-vitae\/noemi-guerri-monclus\/","title":{"rendered":"Noem\u00ed G\u00fcerri Moncl\u00fas"},"content":{"rendered":"<h4>FORMACI\u00d3N<\/h4>\n<ul>\n<li>Licenciada en Medicina y Cirug\u00eda. Universidad de Zaragoza. 1998-2004.<\/li>\n<li>Formaci\u00f3n como Especialista en Oftalmolog\u00eda v\u00eda MIR (2005-2009). Hospital Universitario Miguel Servet de Zaragoza.<\/li>\n<li>Facultativo especialista en Oftalmolog\u00eda (desde 2009-actualidad): Unidad de Glaucoma. Servicio de Oftalmolog\u00eda del Hospital Universitario Miguel Servet de Zaragoza.<\/li>\n<li>Doctora en Medicina y Cirug\u00eda (2009) por la Universidad de Zaragoza, tras realizaci\u00f3n de tesis doctoral con calificaci\u00f3n Sobresaliente \u201ccum laude\u201d.<\/li>\n<li>Especializaci\u00f3n oftalmol\u00f3gica: Cursos en Manejo y Cirug\u00eda de Glaucoma: 50 cursos nacionales avalados por la Sociedad Espa\u00f1ola de Oftalmolog\u00eda y Sociedad Espa\u00f1ola de Glaucoma y 13 cursos internacionales avalados por la European Glaucoma Society e International Society of Glaucoma Surgery.<\/li>\n<\/ul>\n<h4>L\u00cdNEAS DE INVESTIGACI\u00d3N<\/h4>\n<ul>\n<li>Participaci\u00f3n en 22 proyectos de investigaci\u00f3n en Oftalmolog\u00eda (2 de ellos como Investigadora Principal y 1 como Coordinadora de estudio).<\/li>\n<\/ul>\n<h4>PRINCIPALES M\u00c9RITOS<\/h4>\n<ul>\n<li>Autora de 17 art\u00edculos cient\u00edficos (de los cuales 11 incluidos en Pubmed), 13 cap\u00edtulos de libro, 3 monograf\u00edas y 1 libro.<\/li>\n<li>Congresos cient\u00edficos: Ponente invitado en 30 congresos (5 de ellos internacionales); 82 comunicaciones en congresos nacionales y 65 en congresos internacionales.<\/li>\n<li>Universidad de Zaragoza (Departamento de Cirug\u00eda, Ginecolog\u00eda y Obstetricia-\u00e1rea Oftalmolog\u00eda): Colaboradora Docente Extraordinaria (2010-2012), Profesora Asociada (2012), profesora Asociada en C\u00aa de la Salud desde 2012 y en la actualidad.Universidad de Zaragoza (Departamento de Cirug\u00eda, Ginecolog\u00eda y Obstetricia-\u00e1rea Oftalmolog\u00eda): Colaboradora Docente Extraordinaria (2010-2012), Profesora Asociada (2012), profesora Asociada en C\u00aa de la Salud desde 2012 y en la actualidad.<\/li>\n<li>Universidad CEU Cardenal Herrera (Valencia): Docente del \u201cMaster propio en Oftalmolog\u00eda\u201d (2016).<\/li>\n<li>Docente en cursos dirigidos a profesionales oftalm\u00f3logos: 28 (14 de ellos acreditados por la Comisi\u00f3n de Formaci\u00f3n Continuada de las Profesiones Sanitarias).<\/li>\n<li>Colaboradora en la elaboraci\u00f3n de Protocolos Cl\u00ednicos del Sector Sanitario Zaragoza II (2016).<\/li>\n<li>Integrante del equipo de investigaci\u00f3n del proyecto OFTARED-Prevenci\u00f3n, detecci\u00f3n precoz y tratamiento de la patolog\u00eda ocular prevalente, degenerativa y cr\u00f3nica. IP: Luis E. Pablo J\u00falvez. C\u00f3digo expediente: RD12\/0034\/0012.<\/li>\n<\/ul>\n<p><a href=\"\/wp-content\/uploads\/cvguerri.pdf\" target=\"_blank\"><i class=\"uk-icon-cloud-download\"><\/i> Descargar CV de\u00a0Noem\u00ed G\u00fcerri Moncl\u00fas<\/a><\/p>\n<p>&nbsp;<\/p>\n","protected":false},"excerpt":{"rendered":"<p>FORMACI\u00d3N Licenciada en Medicina y Cirug\u00eda. Universidad de Zaragoza. 1998-2004. Formaci\u00f3n como Especialista en Oftalmolog\u00eda v\u00eda MIR (2005-2009). Hospital Universitario Miguel Servet de Zaragoza. Facultativo especialista en Oftalmolog\u00eda (desde 2009-actualidad):&#8230; <a style=\"color: #e4262b\" class=\"read-more\" href=\"https:\/\/gimsoaragon.com\/en\/curriculum-vitae\/noemi-guerri-monclus\/\">more<\/a><\/p>\n","protected":false},"author":1,"featured_media":0,"parent":1275,"menu_order":0,"comment_status":"closed","ping_status":"closed","template":"","meta":{"_acf_changed":false,"footnotes":""},"class_list":["post-1253","page","type-page","status-publish","hentry"],"acf":[],"_links":{"self":[{"href":"https:\/\/gimsoaragon.com\/en\/wp-json\/wp\/v2\/pages\/1253","targetHints":{"allow":["GET"]}}],"collection":[{"href":"https:\/\/gimsoaragon.com\/en\/wp-json\/wp\/v2\/pages"}],"about":[{"href":"https:\/\/gimsoaragon.com\/en\/wp-json\/wp\/v2\/types\/page"}],"author":[{"embeddable":true,"href":"https:\/\/gimsoaragon.com\/en\/wp-json\/wp\/v2\/users\/1"}],"replies":[{"embeddable":true,"href":"https:\/\/gimsoaragon.com\/en\/wp-json\/wp\/v2\/comments?post=1253"}],"version-history":[{"count":1,"href":"https:\/\/gimsoaragon.com\/en\/wp-json\/wp\/v2\/pages\/1253\/revisions"}],"predecessor-version":[{"id":1307,"href":"https:\/\/gimsoaragon.com\/en\/wp-json\/wp\/v2\/pages\/1253\/revisions\/1307"}],"up":[{"embeddable":true,"href":"https:\/\/gimsoaragon.com\/en\/wp-json\/wp\/v2\/pages\/1275"}],"wp:attachment":[{"href":"https:\/\/gimsoaragon.com\/en\/wp-json\/wp\/v2\/media?parent=1253"}],"curies":[{"name":"wp","href":"https:\/\/api.w.org\/{rel}","templated":true}]}}