{"id":1254,"date":"2017-05-24T14:25:55","date_gmt":"2017-05-24T14:25:55","guid":{"rendered":"https:\/\/gimsoaragon.com\/ma-isabel-fuertes-lazaro\/"},"modified":"2017-09-21T08:09:53","modified_gmt":"2017-09-21T08:09:53","slug":"ma-isabel-fuertes-lazaro","status":"publish","type":"page","link":"https:\/\/gimsoaragon.com\/en\/curriculum-vitae\/ma-isabel-fuertes-lazaro\/","title":{"rendered":"M\u00aa Isabel Fuertes L\u00e1zaro"},"content":{"rendered":"<h4>FORMACI\u00d3N<\/h4>\n<ul>\n<li>Licenciada en Ciencias F\u00edsicas &#8211; Especialidad \u00d3ptica (1999). Facultad de Ciencias. Universidad de Zaragoza.<\/li>\n<li>Doctora en Medicina y Cirug\u00eda (2010), con calificaci\u00f3n sobresaliente \u201ccum laude\u201d. Universidad de Zaragoza.<\/li>\n<li>260 horas en cursos de formaci\u00f3n espec\u00edficos para profesores universitarios. Instituto de Ciencias de la Educaci\u00f3n. Universidad de Zaragoza.<\/li>\n<li>235 horas en cursos de especializaci\u00f3n en herramientas inform\u00e1ticas para el manejo de grandes bases de datos, tratamiento de encuestas y estad\u00edstica aplicada.<\/li>\n<li>50 cr\u00e9ditos de formaci\u00f3n en materia de oftalmolog\u00eda acreditados por la European Accreditation Council for Continuing Medical Education (ECMEC).<\/li>\n<\/ul>\n<h4>L\u00cdNEAS DE INVESTIGACI\u00d3N<\/h4>\n<ul>\n<li>Participaci\u00f3n en 23 proyectos de investigaci\u00f3n.<\/li>\n<\/ul>\n<h4>PRINCIPALES M\u00c9RITOS<\/h4>\n<ul>\n<li>Autora de 30 art\u00edculos cient\u00edficos.<\/li>\n<li>Participaci\u00f3n en congresos cient\u00edficos: 50 comunicaciones en congresos nacionales y 45 en congresos internacionales.<\/li>\n<li>Profesora asociada del Departamento de Cirug\u00eda, Ginecolog\u00eda y Obstetricia en el \u00e1rea Oftalmolog\u00eda desde el a\u00f1o 2007 hasta el 2013. Universidad de Zaragoza.<\/li>\n<li>Profesora ayudante doctor del Departamento de Cirug\u00eda, Ginecolog\u00eda y Obstetricia en el \u00e1rea Oftalmolog\u00eda desde el a\u00f1o 2013. Universidad de Zaragoza.<\/li>\n<li>Tutora acad\u00e9mica dentro del programa de pr\u00e1cticas acad\u00e9micas externas extracurriculares desde el curso 2012\/2013. Grado de \u00d3ptica y Optometr\u00eda. Universidad de Zaragoza.<\/li>\n<li>Directora de 11 Trabajos Fin de Grado. Facultad de Ciencias y Facultad de Medicina. Universidad de Zaragoza.<\/li>\n<li>Directora de 2 tesis doctorales y miembro de tribunal de 3 tesis doctorales.<\/li>\n<li>Acreditada para la realizaci\u00f3n de exploraciones funcionales, fotograf\u00eda ocular y angiograf\u00eda en 5 ensayos cl\u00ednicos de reconocidos centros internacionales.<\/li>\n<\/ul>\n<p><a href=\"\/wp-content\/uploads\/cvfuertes.pdf\" target=\"_blank\"><i class=\"uk-icon-cloud-download\"><\/i> Descargar CV de\u00a0M\u00aa Isabel Fuertes L\u00e1zaro<\/a><\/p>\n<p>&nbsp;<\/p>\n","protected":false},"excerpt":{"rendered":"<p>FORMACI\u00d3N Licenciada en Ciencias F\u00edsicas &#8211; Especialidad \u00d3ptica (1999). Facultad de Ciencias. Universidad de Zaragoza. Doctora en Medicina y Cirug\u00eda (2010), con calificaci\u00f3n sobresaliente \u201ccum laude\u201d. Universidad de Zaragoza. 260&#8230; <a style=\"color: #e4262b\" class=\"read-more\" href=\"https:\/\/gimsoaragon.com\/en\/curriculum-vitae\/ma-isabel-fuertes-lazaro\/\">more<\/a><\/p>\n","protected":false},"author":1,"featured_media":0,"parent":1275,"menu_order":0,"comment_status":"closed","ping_status":"closed","template":"","meta":{"_acf_changed":false,"footnotes":""},"class_list":["post-1254","page","type-page","status-publish","hentry"],"acf":[],"_links":{"self":[{"href":"https:\/\/gimsoaragon.com\/en\/wp-json\/wp\/v2\/pages\/1254","targetHints":{"allow":["GET"]}}],"collection":[{"href":"https:\/\/gimsoaragon.com\/en\/wp-json\/wp\/v2\/pages"}],"about":[{"href":"https:\/\/gimsoaragon.com\/en\/wp-json\/wp\/v2\/types\/page"}],"author":[{"embeddable":true,"href":"https:\/\/gimsoaragon.com\/en\/wp-json\/wp\/v2\/users\/1"}],"replies":[{"embeddable":true,"href":"https:\/\/gimsoaragon.com\/en\/wp-json\/wp\/v2\/comments?post=1254"}],"version-history":[{"count":1,"href":"https:\/\/gimsoaragon.com\/en\/wp-json\/wp\/v2\/pages\/1254\/revisions"}],"predecessor-version":[{"id":1302,"href":"https:\/\/gimsoaragon.com\/en\/wp-json\/wp\/v2\/pages\/1254\/revisions\/1302"}],"up":[{"embeddable":true,"href":"https:\/\/gimsoaragon.com\/en\/wp-json\/wp\/v2\/pages\/1275"}],"wp:attachment":[{"href":"https:\/\/gimsoaragon.com\/en\/wp-json\/wp\/v2\/media?parent=1254"}],"curies":[{"name":"wp","href":"https:\/\/api.w.org\/{rel}","templated":true}]}}