{"id":1256,"date":"2017-05-24T14:07:33","date_gmt":"2017-05-24T14:07:33","guid":{"rendered":"https:\/\/gimsoaragon.com\/javier-fernandez-tirado\/"},"modified":"2017-09-21T08:09:53","modified_gmt":"2017-09-21T08:09:53","slug":"javier-fernandez-tirado","status":"publish","type":"page","link":"https:\/\/gimsoaragon.com\/en\/curriculum-vitae\/javier-fernandez-tirado\/","title":{"rendered":"Javier Fern\u00e1ndez Tirado"},"content":{"rendered":"<h4>FORMACI\u00d3N<\/h4>\n<ul>\n<li>Licenciado en Medicina y Cirug\u00eda por la Facultad de Medicina de Zaragoza en 1983. Calificaci\u00f3n: Sobresaliente.<\/li>\n<li>Doctor en Medicina y Cirug\u00eda por la Universidad de Zaragoza, en 1993. Calificaci\u00f3n: Sobresaliente \u201cCum Laude\u201d.<\/li>\n<li>M\u00e9dico Especialista de Oftalmolog\u00eda del Hospital Universitario Miguel Servet (HUMS), desde 1991 hasta la actualidad.<\/li>\n<li>Jefe de Secci\u00f3n de Neurooftalmolog\u00eda y anejos oculares del HUMS.<\/li>\n<\/ul>\n<h4>L\u00cdNEAS DE INVESTIGACI\u00d3N<\/h4>\n<ul>\n<li>Miembro del Instituto de Investigaci\u00f3n Sanitaria de Arag\u00f3n (IIS).<\/li>\n<li>Investigador en 9 Proyectos de Investigaci\u00f3n patrocinados por Organismos Oficiales.<\/li>\n<li>Libros, publicaciones y comunicaciones cient\u00edficas nacionales e internacionales.<\/li>\n<\/ul>\n<h4>PRINCIPALES M\u00c9RITOS<\/h4>\n<ul>\n<li>Premio \u201cSalado Mar\u00edn\u201d de La Sociedad Espa\u00f1ola de Oftalmolog\u00eda, Valencia 1992.<\/li>\n<li>\u201cBest Poster Award of American Academy of Ophthalmology. San Francisco (USA). Octubre 2009<\/li>\n<li>Medalla de oro del \u201cForo Europa 2001\u201d. Madrid. Octubre 2011.<\/li>\n<li>Evaluador de la Sociedad Espa\u00f1ola de Oftalmolog\u00eda (SEO).<\/li>\n<li>Director y Miembro de Tribunal de Tesis Doctorales.<\/li>\n<li>Profesor de Cursos Monogr\u00e1ficos<\/li>\n<li>Ponente de Cursos nacionales e internacionales.<\/li>\n<\/ul>\n<p><a href=\"\/wp-content\/uploads\/cvfernandez.pdf\" target=\"_blank\" rel=\"noopener noreferrer\"><i class=\"uk-icon-cloud-download\"><\/i> Descargar CV de\u00a0Javier Fern\u00e1ndez Tirado<\/a><\/p>\n<p>&nbsp;<\/p>\n","protected":false},"excerpt":{"rendered":"<p>FORMACI\u00d3N Licenciado en Medicina y Cirug\u00eda por la Facultad de Medicina de Zaragoza en 1983. Calificaci\u00f3n: Sobresaliente. Doctor en Medicina y Cirug\u00eda por la Universidad de Zaragoza, en 1993. Calificaci\u00f3n:&#8230; <a style=\"color: #e4262b\" class=\"read-more\" href=\"https:\/\/gimsoaragon.com\/en\/curriculum-vitae\/javier-fernandez-tirado\/\">more<\/a><\/p>\n","protected":false},"author":1,"featured_media":0,"parent":1275,"menu_order":0,"comment_status":"closed","ping_status":"closed","template":"","meta":{"_acf_changed":false,"footnotes":""},"class_list":["post-1256","page","type-page","status-publish","hentry"],"acf":[],"_links":{"self":[{"href":"https:\/\/gimsoaragon.com\/en\/wp-json\/wp\/v2\/pages\/1256","targetHints":{"allow":["GET"]}}],"collection":[{"href":"https:\/\/gimsoaragon.com\/en\/wp-json\/wp\/v2\/pages"}],"about":[{"href":"https:\/\/gimsoaragon.com\/en\/wp-json\/wp\/v2\/types\/page"}],"author":[{"embeddable":true,"href":"https:\/\/gimsoaragon.com\/en\/wp-json\/wp\/v2\/users\/1"}],"replies":[{"embeddable":true,"href":"https:\/\/gimsoaragon.com\/en\/wp-json\/wp\/v2\/comments?post=1256"}],"version-history":[{"count":1,"href":"https:\/\/gimsoaragon.com\/en\/wp-json\/wp\/v2\/pages\/1256\/revisions"}],"predecessor-version":[{"id":1294,"href":"https:\/\/gimsoaragon.com\/en\/wp-json\/wp\/v2\/pages\/1256\/revisions\/1294"}],"up":[{"embeddable":true,"href":"https:\/\/gimsoaragon.com\/en\/wp-json\/wp\/v2\/pages\/1275"}],"wp:attachment":[{"href":"https:\/\/gimsoaragon.com\/en\/wp-json\/wp\/v2\/media?parent=1256"}],"curies":[{"name":"wp","href":"https:\/\/api.w.org\/{rel}","templated":true}]}}