{"id":1257,"date":"2017-05-24T14:01:19","date_gmt":"2017-05-24T14:01:19","guid":{"rendered":"https:\/\/gimsoaragon.com\/ma-pilar-bambo-rubio\/"},"modified":"2017-09-21T08:09:54","modified_gmt":"2017-09-21T08:09:54","slug":"ma-pilar-bambo-rubio","status":"publish","type":"page","link":"https:\/\/gimsoaragon.com\/en\/curriculum-vitae\/ma-pilar-bambo-rubio\/","title":{"rendered":"M\u00aa Pilar Bamb\u00f3 Rubio"},"content":{"rendered":"<h4>FORMACI\u00d3N<\/h4>\n<ul>\n<li>Licenciada en Medicina y Cirug\u00eda por la Facultad de Medicina de la Universidad de Zaragoza, con Premio Extraordinario Fin de Carrera en 2010.<\/li>\n<li>Especialista en Oftalmolog\u00eda v\u00eda MIR (2011-15) en el Hospital Universitario Miguel Servet de Zaragoza.<\/li>\n<li>Facultativo Especialista de \u00c1rea en Oftalmolog\u00eda (desde 2015 hasta la actualidad) en la Unidad de Glaucoma del Hospital Universitario Miguel Servet de Zaragoza.<\/li>\n<li>Doctora en Medicina y Cirug\u00eda (Abril 2015) por la Universidad de Zaragoza, con calificaci\u00f3n sobresaliente \u201cCum Laude\u201d.<\/li>\n<li>M\u00e1ster de Iniciaci\u00f3n a la Investigaci\u00f3n en Medicina (2013).<\/li>\n<li>Estancia en Centro Internacional Wills Eye Hospital de Philadelphia (EEUU), durante los meses de Septiembre y Octubre de 2014.<\/li>\n<li>Estancia en Centro Nacional Unidad de Superficie e Inflamaci\u00f3n Ocular (USIO) del Hospital Cl\u00ednico de San Carlos de Madrid, durante Abril de 2013.<\/li>\n<\/ul>\n<h4>L\u00cdNEAS DE INVESTIGACI\u00d3N<\/h4>\n<ul>\n<li>Participaci\u00f3n en 3 proyectos de investigaci\u00f3n financiados por el Instituto de Salud C arlos III.<\/li>\n<li>Miembro del Grupo de Investigaci\u00f3n Consolidado \u201cPrevenci\u00f3n de la Ceguera\u201d, dentro del Programa de Neurociencias y Salud Mental del Instituto de Investigaci\u00f3n Sanitaria de Arag\u00f3n (IISA).<\/li>\n<li>Coordinadora del proyecto \u201cNuevos M\u00e9todos Diagn\u00f3sticos para la detecci\u00f3n y seguimiento del Glaucoma\u201d, aprobado por el CEICA en 2016 (Investigador Principal: Dr Vicente Polo).<\/li>\n<\/ul>\n<h4>PRINCIPALES M\u00c9RITOS<\/h4>\n<ul>\n<li>Premio de Investigaci\u00f3n Final de Residencia del Hospital Universitario Miguel Servet del a\u00f1o 2015.<\/li>\n<li>\u00c1ccesit del Premio Sanitas al Mejor MIR del a\u00f1o 2015, otorgado por la Fundaci\u00f3n Sanitas, el Ministerio de Educaci\u00f3n, Cultura y Deporte, el Ministerio de Sanidad, Servicios Sociales e Igualdad y el Consejo Nacional de Especialidades en Ciencias de la Salud.<\/li>\n<li>Autora de 28 art\u00edculos cient\u00edficos (de los cuales 15 como primera autora) y 7 cap\u00edtulos de libros.<\/li>\n<li>Profesora asociada del Departamento de Cirug\u00eda, Ginecolog\u00eda y Obstetricia en el \u00e1rea Oftalmolog\u00eda.<\/li>\n<li>Participaci\u00f3n en congresos cient\u00edficos: 55 comunicaciones en congresos nacionales y 48 en congresos internacionales.<\/li>\n<li>Participaci\u00f3n en Ensayos Cl\u00ednicos dentro de la Unidad de Glaucoma del Hospital Universitario Miguel Servet.<\/li>\n<li>Vocal de la Comisi\u00f3n de Tecnolog\u00eda y Adecuaci\u00f3n de Recursos del Hospital Universitario Miguel Servet desde el 19 de Junio de 2012 hasta el 20 de enero de 2014.<\/li>\n<li>Participaci\u00f3n en los proyectos de mejora seleccionados para el \u201cPrograma de apoyo a las iniciativas de mejora de la calidad en SALUD\u201d del a\u00f1o 2014 con el proyecto \u201cAbordaje protocolizado del paciente con hipertensi\u00f3n ocular detectada en la atenci\u00f3n urgente\u201d; y en la elaboraci\u00f3n de 3 Protocolos Cl\u00ednicos.<\/li>\n<\/ul>\n<p><a href=\"\/wp-content\/uploads\/cvbambo.pdf\" target=\"_blank\"><i class=\"uk-icon-cloud-download\"><\/i> Descargar CV de\u00a0M\u00aa Pilar Bamb\u00f3 Rubio<\/a><\/p>\n<p>&nbsp;<\/p>\n","protected":false},"excerpt":{"rendered":"<p>FORMACI\u00d3N Licenciada en Medicina y Cirug\u00eda por la Facultad de Medicina de la Universidad de Zaragoza, con Premio Extraordinario Fin de Carrera en 2010. Especialista en Oftalmolog\u00eda v\u00eda MIR (2011-15)&#8230; <a style=\"color: #e4262b\" class=\"read-more\" href=\"https:\/\/gimsoaragon.com\/en\/curriculum-vitae\/ma-pilar-bambo-rubio\/\">more<\/a><\/p>\n","protected":false},"author":1,"featured_media":0,"parent":1275,"menu_order":0,"comment_status":"closed","ping_status":"closed","template":"","meta":{"_acf_changed":false,"footnotes":""},"class_list":["post-1257","page","type-page","status-publish","hentry"],"acf":[],"_links":{"self":[{"href":"https:\/\/gimsoaragon.com\/en\/wp-json\/wp\/v2\/pages\/1257","targetHints":{"allow":["GET"]}}],"collection":[{"href":"https:\/\/gimsoaragon.com\/en\/wp-json\/wp\/v2\/pages"}],"about":[{"href":"https:\/\/gimsoaragon.com\/en\/wp-json\/wp\/v2\/types\/page"}],"author":[{"embeddable":true,"href":"https:\/\/gimsoaragon.com\/en\/wp-json\/wp\/v2\/users\/1"}],"replies":[{"embeddable":true,"href":"https:\/\/gimsoaragon.com\/en\/wp-json\/wp\/v2\/comments?post=1257"}],"version-history":[{"count":1,"href":"https:\/\/gimsoaragon.com\/en\/wp-json\/wp\/v2\/pages\/1257\/revisions"}],"predecessor-version":[{"id":1304,"href":"https:\/\/gimsoaragon.com\/en\/wp-json\/wp\/v2\/pages\/1257\/revisions\/1304"}],"up":[{"embeddable":true,"href":"https:\/\/gimsoaragon.com\/en\/wp-json\/wp\/v2\/pages\/1275"}],"wp:attachment":[{"href":"https:\/\/gimsoaragon.com\/en\/wp-json\/wp\/v2\/media?parent=1257"}],"curies":[{"name":"wp","href":"https:\/\/api.w.org\/{rel}","templated":true}]}}