{"id":1258,"date":"2017-05-24T13:51:18","date_gmt":"2017-05-24T13:51:18","guid":{"rendered":"https:\/\/gimsoaragon.com\/javier-ascaso-puyuelo\/"},"modified":"2017-09-21T08:09:53","modified_gmt":"2017-09-21T08:09:53","slug":"javier-ascaso-puyuelo","status":"publish","type":"page","link":"https:\/\/gimsoaragon.com\/en\/curriculum-vitae\/javier-ascaso-puyuelo\/","title":{"rendered":"Javier Ascaso Puyuelo"},"content":{"rendered":"<h4>FORMACI\u00d3N<\/h4>\n<ul>\n<li>Especialista en Oftalmolog\u00eda v\u00eda MIR (1989-1992) en Hospital Cl\u00ednico Universitario \u201cLozano Blesa\u201d de Zaragoza.<\/li>\n<li>Doctor en Medicina y Cirug\u00eda (1992) en la Universidad de Zaragoza, con calificaci\u00f3n de sobresaliente \u201ccum laude\u201d.<\/li>\n<li>Acad\u00e9mico Correspondiente de la Real Academia de Medicina de Zaragoza. T\u00edtulo concedido el 18 de diciembre de 2014 durante la Sesi\u00f3n Inaugural del curso 2015.<\/li>\n<li>M\u00e1sters: VIII M\u00e1ster en Direcci\u00f3n M\u00e9dica y Gesti\u00f3n Cl\u00ednica, impartido por la Universidad de Educaci\u00f3n a Distancia (UNED), el Instituo de Salud Carlos III y la Escuela Nacional de Salud (Curso 2011-2012); Programa de Gesti\u00f3n Estrat\u00e9gica de Servicios Cl\u00ednicos (09\/04576-MD). Programa de liderazgo impartido por ESADE Business School en Barcelona y Madrid, de marzo de 2012 a abril de 2013 (con un total de 104 horas lectivas); T\u00edtulo de Experto en Farmacolog\u00eda Ocular: Nuevas Formulaciones\u201d (Curso 2011\/2012) expedido por la Comisi\u00f3n de T\u00edtulos Propios de la Universidad Complutense de Madrid.<\/li>\n<li>Estancias en centros sanitarios nacionales o extranjeros por motivos de investigaci\u00f3n\/formaci\u00f3n: \u201cEye Foundation of Kansas City\u201d, Department of Ophthalmology del \u201cTruman Medical Center\u201d y de la Facultad de Medicina de la Universidad de Missouri-Kansas City (USA). St. Luke\u00b4s Hospital of Kansas City, School of Medicine, University of Missouri-Kansas City (USA); Medical Retina Preceptorship en la Universit\u00e4ts Augenklinik de Bonn (Alemania).<\/li>\n<\/ul>\n<h4>L\u00cdNEAS DE INVESTIGACI\u00d3N<\/h4>\n<ul>\n<li>Participaci\u00f3n en 28 proyectos de investigaci\u00f3n (11 de ellos como investigador principal).<\/li>\n<li>Investigador colaborador en el sub-programa Retina de la RETICS en Patolog\u00eda Ocular OFTARED, destinada a la pevenci\u00f3n y detecci\u00f3n precoz y tratamiento de la patolog\u00eda ocular prevalente degenerativa y cr\u00f3nica (G01).<\/li>\n<li>Miembro del Grupo consolidado de prevenci\u00f3n de la ceguera GIC5 DE LA D.G.A., dirigido por el Prof. Luis Pablo, Catedr\u00e1tico de Oftalmolog\u00eda de la Universidad de Zaragoza.<\/li>\n<\/ul>\n<h4>PRINCIPALES M\u00c9RITOS<\/h4>\n<ul>\n<li>13 premios, entre ellos el Premio Extraordinario de Doctorado (1994); Medalla de Oro del Foro Europa 2001 (2014); Premio al Programa de Neurociencias del IIS-Arag\u00f3n en la categor\u00eda \u201cAcci\u00f3n Investigadora\u201d.<\/li>\n<li>Autor de m\u00e1s de 200 art\u00edculos cient\u00edficos (m\u00e1s de la mitad como autor principal; de los cuales 116 est\u00e1n incluidos en Pubmed), 8 libros y 46 cap\u00edtulos de libro.<\/li>\n<li>Director de 8 cursos de doctorado y colaborador en otros 26.<\/li>\n<li>Director de 15 tesis doctorales en Oftalmolog\u00eda, todas ellas calificadas con Cum Laude.<\/li>\n<li>Participaci\u00f3n en congresos cient\u00edficos: Ponente en 20 conferencias y 29 cursos, Moderador y\/o ponente en 31 mesas redondas nacionales y 9 internacionales; 200 comunicaciones en congresos nacionales y 150 en congresos internacionales.<\/li>\n<li>Vocal de las Comisiones de Docencia y de Historias Cl\u00ednicas del HCULB de Zaragoza.<\/li>\n<li>Vicepresidente 1\u00ba del Comit\u00e9 de Direcci\u00f3n del Grupo de Historia y Humanidades en Oftalmolog\u00eda (GHHO) desde septiembre de 2016 hasta la actualidad.<\/li>\n<li>Miembro del grupo de mejora de la calidad que ha colaborado con el Grupo de Asesoramiento de Medicamentos de Arag\u00f3n (Antiguo CEMA) en la elaboraci\u00f3n de protocolos para el manejo de la DMAE y del edema macular diab\u00e9tico.<\/li>\n<li>Coordinador del Programa \u2018\u2019Cribado de la Retinopat\u00eda Diab\u00e9tica a trav\u00e9s de la Retinograf\u00eda Digital y Sistema de lectura a trav\u00e9s de Intranet\u2019\u2019, en el marco de proceso de atenci\u00f3n al paciente diab\u00e9tico del Sector Zaragoza III.<\/li>\n<\/ul>\n<p><a href=\"\/wp-content\/uploads\/cvascaso.pdf\" target=\"_blank\"><i class=\"uk-icon-cloud-download\"><\/i> Descargar CV de\u00a0Javier Ascaso Puyuelo<\/a><\/p>\n<p>&nbsp;<\/p>\n","protected":false},"excerpt":{"rendered":"<p>FORMACI\u00d3N Especialista en Oftalmolog\u00eda v\u00eda MIR (1989-1992) en Hospital Cl\u00ednico Universitario \u201cLozano Blesa\u201d de Zaragoza. Doctor en Medicina y Cirug\u00eda (1992) en la Universidad de Zaragoza, con calificaci\u00f3n de sobresaliente&#8230; <a style=\"color: #e4262b\" class=\"read-more\" href=\"https:\/\/gimsoaragon.com\/en\/curriculum-vitae\/javier-ascaso-puyuelo\/\">more<\/a><\/p>\n","protected":false},"author":1,"featured_media":0,"parent":1275,"menu_order":0,"comment_status":"closed","ping_status":"closed","template":"","meta":{"_acf_changed":false,"footnotes":""},"class_list":["post-1258","page","type-page","status-publish","hentry"],"acf":[],"_links":{"self":[{"href":"https:\/\/gimsoaragon.com\/en\/wp-json\/wp\/v2\/pages\/1258","targetHints":{"allow":["GET"]}}],"collection":[{"href":"https:\/\/gimsoaragon.com\/en\/wp-json\/wp\/v2\/pages"}],"about":[{"href":"https:\/\/gimsoaragon.com\/en\/wp-json\/wp\/v2\/types\/page"}],"author":[{"embeddable":true,"href":"https:\/\/gimsoaragon.com\/en\/wp-json\/wp\/v2\/users\/1"}],"replies":[{"embeddable":true,"href":"https:\/\/gimsoaragon.com\/en\/wp-json\/wp\/v2\/comments?post=1258"}],"version-history":[{"count":1,"href":"https:\/\/gimsoaragon.com\/en\/wp-json\/wp\/v2\/pages\/1258\/revisions"}],"predecessor-version":[{"id":1293,"href":"https:\/\/gimsoaragon.com\/en\/wp-json\/wp\/v2\/pages\/1258\/revisions\/1293"}],"up":[{"embeddable":true,"href":"https:\/\/gimsoaragon.com\/en\/wp-json\/wp\/v2\/pages\/1275"}],"wp:attachment":[{"href":"https:\/\/gimsoaragon.com\/en\/wp-json\/wp\/v2\/media?parent=1258"}],"curies":[{"name":"wp","href":"https:\/\/api.w.org\/{rel}","templated":true}]}}