{"id":1259,"date":"2017-05-24T13:39:12","date_gmt":"2017-05-24T13:39:12","guid":{"rendered":"https:\/\/gimsoaragon.com\/irene-altemir\/"},"modified":"2017-09-21T08:09:53","modified_gmt":"2017-09-21T08:09:53","slug":"irene-altemir","status":"publish","type":"page","link":"https:\/\/gimsoaragon.com\/en\/curriculum-vitae\/irene-altemir\/","title":{"rendered":"Irene Altemir"},"content":{"rendered":"<h4>FORMACI\u00d3N<\/h4>\n<ul>\n<li>2003-2006: Diplomatura en Optica y Optometr\u00eda, Universidad Polit\u00e9cnica de Catalunya.<\/li>\n<li>2009-2011: Master en Optometr\u00eda e Investigaci\u00f3n cl\u00ednica. Msc in Clinical optometry. Universidad Europea de Madrid y Pennsylvania College of Optometry. Nota media: 8.85.<\/li>\n<li>Matr\u00edcula de honor en el trabajo de fin de master titulado \u201cDiagnostic ability for glaucoma with the new Heidelberg Edge Perimetry.<\/li>\n<li>2012: Curso de Experto en optometr\u00eda pedi\u00e1trica y terapia Visual. Universidad Europea de Madrid.<\/li>\n<li>Octubre 2013: Doctora por la Facultad de Medicina en la Universidad de Zaragoza en el Hospital Universitario Miguel Servet de Zaragoza. Nombre del Proyecto \u201cEvaluaci\u00f3n de los factores prenatales en el desarrollo del nervio \u00f3ptico y la retina\u201d. Calificaci\u00f3n Cum Laude<\/li>\n<\/ul>\n<h4>L\u00cdNEAS DE INVESTIGACI\u00d3N<\/h4>\n<ul>\n<li>2013-actualidad : Ensayo cl\u00ednico retina. C\u00f3digo de protocolo: CRFB002A2411 Promotor: NOVARTIS Investigador principal: Pilar Calvo. Situaci\u00f3n: Co-investigador.<\/li>\n<li>2011-2014 Beca FIS. Proyecto: \u201cEvaluaci\u00f3n del da\u00f1o neurol\u00f3gico prenatal a trav\u00e9s del nervio \u00f3ptico\u201d Situaci\u00f3n: Investigador colaborador.<\/li>\n<li>Julio 2011 Proyecto de investigaci\u00f3n de fin de Master. Diagnostic ability for glaucoma with the new Heidelberg Edge Perimetry. Nota: Matr\u00edcula de Honor. Investigador principal: Antonio Ferreras. Investigador colaborador.<\/li>\n<li>2010-2011 Evaluaci\u00f3n de los factores prenatales en el desarrollo del nervio \u00f3ptico. Investigador principal: V. Pueyo. Situaci\u00f3n: Investigador colaborador.<\/li>\n<\/ul>\n<h4>PRINCIPALES M\u00c9RITOS<\/h4>\n<ul>\n<li>3 premios de investigaci\u00f3n: Premio al mejor P\u00f3ster cient\u00edfico del Congreso de la Sociedad Espa\u00f1ola de Oftalmolog\u00eda, Premio al mejor poster, congreso europeo de optometr\u00eda (OPTOM 2014), premio profesor \u201cFrancisco Bonilla Mart\u00ed\u201d a la mejor comunicaci\u00f3n oral elevada a ponencia en el congreso SESEGO.<\/li>\n<li>Autora de 9 art\u00edculos cient\u00edficos, todos incluidos en pubmed.<\/li>\n<li>Profesora asociada del Departamento de F\u00edsica Aplicada en la Facultad de Ciencias, grado de \u00f3ptica y optometr\u00eda 2012-2014.<\/li>\n<li>Colaboradora extraordinaria Departamento de Cirug\u00eda, Ginecolog\u00eda y Obstetricia en el \u00e1rea Oftalmolog\u00eda desde el curso 2011\/12.<\/li>\n<li>Directora de 1 tesis doctoral en Neuro-oftalmolog\u00eda, con calificaci\u00f3n con Cum Laudem; 6 Trabajos de Final de Grado y 2 Trabajos de final de Master.<\/li>\n<li>Participaci\u00f3n en congresos cient\u00edficos: Ponente invitado en 2 congresos; 45 comunicaciones en congresos nacionales y 25 en congresos internacionales.<\/li>\n<\/ul>\n<p><a href=\"\/wp-content\/uploads\/cvaltemir.pdf\" target=\"_blank\"><i class=\"uk-icon-cloud-download\"><\/i> Descargar CV de\u00a0Irene Altemir<\/a><\/p>\n<p>&nbsp;<\/p>\n","protected":false},"excerpt":{"rendered":"<p>FORMACI\u00d3N 2003-2006: Diplomatura en Optica y Optometr\u00eda, Universidad Polit\u00e9cnica de Catalunya. 2009-2011: Master en Optometr\u00eda e Investigaci\u00f3n cl\u00ednica. Msc in Clinical optometry. Universidad Europea de Madrid y Pennsylvania College of&#8230; <a style=\"color: #e4262b\" class=\"read-more\" href=\"https:\/\/gimsoaragon.com\/en\/curriculum-vitae\/irene-altemir\/\">more<\/a><\/p>\n","protected":false},"author":1,"featured_media":0,"parent":1275,"menu_order":0,"comment_status":"closed","ping_status":"closed","template":"","meta":{"_acf_changed":false,"footnotes":""},"class_list":["post-1259","page","type-page","status-publish","hentry"],"acf":[],"_links":{"self":[{"href":"https:\/\/gimsoaragon.com\/en\/wp-json\/wp\/v2\/pages\/1259","targetHints":{"allow":["GET"]}}],"collection":[{"href":"https:\/\/gimsoaragon.com\/en\/wp-json\/wp\/v2\/pages"}],"about":[{"href":"https:\/\/gimsoaragon.com\/en\/wp-json\/wp\/v2\/types\/page"}],"author":[{"embeddable":true,"href":"https:\/\/gimsoaragon.com\/en\/wp-json\/wp\/v2\/users\/1"}],"replies":[{"embeddable":true,"href":"https:\/\/gimsoaragon.com\/en\/wp-json\/wp\/v2\/comments?post=1259"}],"version-history":[{"count":1,"href":"https:\/\/gimsoaragon.com\/en\/wp-json\/wp\/v2\/pages\/1259\/revisions"}],"predecessor-version":[{"id":1292,"href":"https:\/\/gimsoaragon.com\/en\/wp-json\/wp\/v2\/pages\/1259\/revisions\/1292"}],"up":[{"embeddable":true,"href":"https:\/\/gimsoaragon.com\/en\/wp-json\/wp\/v2\/pages\/1275"}],"wp:attachment":[{"href":"https:\/\/gimsoaragon.com\/en\/wp-json\/wp\/v2\/media?parent=1259"}],"curies":[{"name":"wp","href":"https:\/\/api.w.org\/{rel}","templated":true}]}}