{"id":1260,"date":"2017-05-24T11:22:02","date_gmt":"2017-05-24T11:22:02","guid":{"rendered":"https:\/\/gimsoaragon.com\/elisa-vilades\/"},"modified":"2017-09-21T08:09:24","modified_gmt":"2017-09-21T08:09:24","slug":"elisa-vilades","status":"publish","type":"page","link":"https:\/\/gimsoaragon.com\/en\/curriculum-vitae\/elisa-vilades\/","title":{"rendered":"Elisa Vilad\u00e9s"},"content":{"rendered":"<h4>FORMACI\u00d3N<\/h4>\n<ul>\n<li>Grado en \u00d3ptica y Optometr\u00eda (2009-2013). Universidad de Zaragoza.<\/li>\n<li>M\u00e1ster en Optometr\u00eda Cl\u00ednica (2013-2014). Universidad Europea de Madrid.<\/li>\n<li>Estancia en Illinois (Junio-Julio 2014) College of Optometry de Chicago.<\/li>\n<li>Programa de Doctorado en Medicina (Actualmente).<\/li>\n<li>Contrato Predoctoral de Formaci\u00f3n en Investigaci\u00f3n en Salud (Actualmente). Instituto de Salud Carlos III.<\/li>\n<\/ul>\n<h4>L\u00cdNEAS DE INVESTIGACI\u00d3N<\/h4>\n<ul>\n<li>Participaci\u00f3n en diversos proyectos de investigaci\u00f3n del Grupo de Investigaci\u00f3n en Neurooftalmolog\u00eda del Hospital Universitario Miguel Servet.<\/li>\n<li>Participaci\u00f3n en ensayos cl\u00ednicos de la Secci\u00f3n del Retina M\u00e9dica del Hospital Universitario Miguel Servet.<\/li>\n<\/ul>\n<h4>PRINCIPALES M\u00c9RITOS<\/h4>\n<ul>\n<li>Coautora en 20 art\u00edculos cient\u00edficos, 4 de ellos en revistas indexadas en PubMed.<\/li>\n<li>Colaboradora Docente Extraordinaria del Departamento de Cirug\u00eda, Ginecolog\u00eda y Obstetricia durante el curso 2016\/2017.<\/li>\n<li>Codirectora de 2 Trabajos de Fin de Grado de \u00d3ptica y Optometr\u00eda.<\/li>\n<li>Colaboradora en 2 Proyectos de Innovaci\u00f3n Docente de la Universidad de Zaragoza durante el curso 2016\/2017.<\/li>\n<li>Participaci\u00f3n en congresos cient\u00edficos nacionales e internacionales con 23 p\u00f3sters.<\/li>\n<\/ul>\n<p><a href=\"\/wp-content\/uploads\/cvvilades.pdf\" target=\"_blank\"><i class=\"uk-icon-cloud-download\"><\/i> Descargar CV de\u00a0Elisa Vilad\u00e9s<\/a><\/p>\n<p>&nbsp;<\/p>\n","protected":false},"excerpt":{"rendered":"<p>FORMACI\u00d3N Grado en \u00d3ptica y Optometr\u00eda (2009-2013). Universidad de Zaragoza. M\u00e1ster en Optometr\u00eda Cl\u00ednica (2013-2014). Universidad Europea de Madrid. Estancia en Illinois (Junio-Julio 2014) College of Optometry de Chicago. Programa&#8230; <a style=\"color: #e4262b\" class=\"read-more\" href=\"https:\/\/gimsoaragon.com\/en\/curriculum-vitae\/elisa-vilades\/\">more<\/a><\/p>\n","protected":false},"author":1,"featured_media":0,"parent":1275,"menu_order":0,"comment_status":"closed","ping_status":"closed","template":"","meta":{"_acf_changed":false,"footnotes":""},"class_list":["post-1260","page","type-page","status-publish","hentry"],"acf":[],"_links":{"self":[{"href":"https:\/\/gimsoaragon.com\/en\/wp-json\/wp\/v2\/pages\/1260","targetHints":{"allow":["GET"]}}],"collection":[{"href":"https:\/\/gimsoaragon.com\/en\/wp-json\/wp\/v2\/pages"}],"about":[{"href":"https:\/\/gimsoaragon.com\/en\/wp-json\/wp\/v2\/types\/page"}],"author":[{"embeddable":true,"href":"https:\/\/gimsoaragon.com\/en\/wp-json\/wp\/v2\/users\/1"}],"replies":[{"embeddable":true,"href":"https:\/\/gimsoaragon.com\/en\/wp-json\/wp\/v2\/comments?post=1260"}],"version-history":[{"count":1,"href":"https:\/\/gimsoaragon.com\/en\/wp-json\/wp\/v2\/pages\/1260\/revisions"}],"predecessor-version":[{"id":1284,"href":"https:\/\/gimsoaragon.com\/en\/wp-json\/wp\/v2\/pages\/1260\/revisions\/1284"}],"up":[{"embeddable":true,"href":"https:\/\/gimsoaragon.com\/en\/wp-json\/wp\/v2\/pages\/1275"}],"wp:attachment":[{"href":"https:\/\/gimsoaragon.com\/en\/wp-json\/wp\/v2\/media?parent=1260"}],"curies":[{"name":"wp","href":"https:\/\/api.w.org\/{rel}","templated":true}]}}