{"id":1261,"date":"2017-05-24T11:16:06","date_gmt":"2017-05-24T11:16:06","guid":{"rendered":"https:\/\/gimsoaragon.com\/diana-soriano-pina\/"},"modified":"2017-09-21T08:09:24","modified_gmt":"2017-09-21T08:09:24","slug":"diana-soriano-pina","status":"publish","type":"page","link":"https:\/\/gimsoaragon.com\/en\/curriculum-vitae\/diana-soriano-pina\/","title":{"rendered":"Diana Soriano Pina"},"content":{"rendered":"<h4>FORMACI\u00d3N<\/h4>\n<ul>\n<li>Grado Universitario en \u00d3ptica y Optometr\u00eda (2010-2014) por la Universidad de Zaragoza.<\/li>\n<li>M\u00e1ster Universitario en Optometr\u00eda Avanzada y Ciencias de la Visi\u00f3n (2014-2016) por la Universidad de Valencia.<\/li>\n<li>Curso Modular: \u201cGesti\u00f3n Integral de una Unidad de Alta Resoluci\u00f3n de Cirug\u00eda de Catarata\u201d (2016).<\/li>\n<li>Cursos de formaci\u00f3n continuada:<\/li>\n<ul>\n<li>\u201cFundamentos de farmacolog\u00eda, iatrogenia y uso racional de los medicamentos oculares en optometr\u00eda\u201d.<\/li>\n<li>\u201cDiagn\u00f3stico y tratamiento de la insuficiencia de convergencia\u201d.<\/li>\n<li>\u201cCirug\u00eda refractiva para optometristas\u201d.<\/li>\n<li>\u201cOptometr\u00eda pedi\u00e1trica\u201d.<\/li>\n<li>\u201cProblemas de binocularidad. Terapia Visual. Casos pr\u00e1cticos\u201d.<\/li>\n<\/ul>\n<\/ul>\n<h4>L\u00cdNEAS DE INVESTIGACI\u00d3N<\/h4>\n<ul>\n<li>Participaci\u00f3n en la l\u00ednea de investigaci\u00f3n Superficie Ocular y Glaucoma.<\/li>\n<li>Participaci\u00f3n en tres ensayos cl\u00ednicos de superficie ocular, dos de los cuales como \u201cStudy Coordinator\u201d.<\/li>\n<\/ul>\n<h4>PRINCIPALES M\u00c9RITOS<\/h4>\n<ul>\n<li>Participaci\u00f3n en congresos cient\u00edficos: 11 comunicaciones en panel y 3 comunicaciones orales en congresos nacionales; 3 comunicaci\u00f3n en panel y 5 comunicaciones orales en congresos internacionales.<\/li>\n<li>Colaborador docente extraordinario de la Universidad de Zaragoza (2015-2017).<\/li>\n<\/ul>\n<p><a href=\"\/wp-content\/uploads\/cvsoriano-.pdf\" target=\"_blank\"><i class=\"uk-icon-cloud-download\"><\/i> Descargar CV de\u00a0Diana Soriano Pina<\/a><\/p>\n<p>&nbsp;<\/p>\n","protected":false},"excerpt":{"rendered":"<p>FORMACI\u00d3N Grado Universitario en \u00d3ptica y Optometr\u00eda (2010-2014) por la Universidad de Zaragoza. M\u00e1ster Universitario en Optometr\u00eda Avanzada y Ciencias de la Visi\u00f3n (2014-2016) por la Universidad de Valencia. Curso&#8230; <a style=\"color: #e4262b\" class=\"read-more\" href=\"https:\/\/gimsoaragon.com\/en\/curriculum-vitae\/diana-soriano-pina\/\">more<\/a><\/p>\n","protected":false},"author":1,"featured_media":0,"parent":1275,"menu_order":0,"comment_status":"closed","ping_status":"closed","template":"","meta":{"_acf_changed":false,"footnotes":""},"class_list":["post-1261","page","type-page","status-publish","hentry"],"acf":[],"_links":{"self":[{"href":"https:\/\/gimsoaragon.com\/en\/wp-json\/wp\/v2\/pages\/1261","targetHints":{"allow":["GET"]}}],"collection":[{"href":"https:\/\/gimsoaragon.com\/en\/wp-json\/wp\/v2\/pages"}],"about":[{"href":"https:\/\/gimsoaragon.com\/en\/wp-json\/wp\/v2\/types\/page"}],"author":[{"embeddable":true,"href":"https:\/\/gimsoaragon.com\/en\/wp-json\/wp\/v2\/users\/1"}],"replies":[{"embeddable":true,"href":"https:\/\/gimsoaragon.com\/en\/wp-json\/wp\/v2\/comments?post=1261"}],"version-history":[{"count":1,"href":"https:\/\/gimsoaragon.com\/en\/wp-json\/wp\/v2\/pages\/1261\/revisions"}],"predecessor-version":[{"id":1282,"href":"https:\/\/gimsoaragon.com\/en\/wp-json\/wp\/v2\/pages\/1261\/revisions\/1282"}],"up":[{"embeddable":true,"href":"https:\/\/gimsoaragon.com\/en\/wp-json\/wp\/v2\/pages\/1275"}],"wp:attachment":[{"href":"https:\/\/gimsoaragon.com\/en\/wp-json\/wp\/v2\/media?parent=1261"}],"curies":[{"name":"wp","href":"https:\/\/api.w.org\/{rel}","templated":true}]}}