{"id":1262,"date":"2017-05-24T11:10:50","date_gmt":"2017-05-24T11:10:50","guid":{"rendered":"https:\/\/gimsoaragon.com\/antonio-j-mateo-orobia\/"},"modified":"2017-09-21T08:09:00","modified_gmt":"2017-09-21T08:09:00","slug":"antonio-j-mateo-orobia","status":"publish","type":"page","link":"https:\/\/gimsoaragon.com\/en\/curriculum-vitae\/antonio-j-mateo-orobia\/","title":{"rendered":"Antonio J. Mateo Orobia"},"content":{"rendered":"<h4>FORMACI\u00d3N<\/h4>\n<ul>\n<li>1991-1997. Licenciado en Medicina y Cirug\u00eda. Facultad de Medicina. Universidad de C\u00f3rdoba.<\/li>\n<li>1998-2002. M\u00e9dico Interno Residente en la especialidad de Oftalmolog\u00eda en el Hospital Cl\u00ednico Universitario Lozano-Blesa de Zaragoza.<\/li>\n<li>2001. Visiting Observership Program en el servicio de C\u00f3rnea y Enfermedades Externas del Bascom Palmer Eye Institute, tutorizado por Scheffer C.G. Tseng, M.D., Ph.D. en el Department of Ophthalmology of the University of Miami School of Medicine. Miami, Florida, Estados Unidos.<\/li>\n<li>2006. Doctor por la Universidad de Zaragoza. Calificaci\u00f3n: Sobresaliente \u201cCum laude\u201d<\/li>\n<li>2005-2014. Facultativo Especialista de \u00c1rea en el Hospital Cl\u00ednico Universitario Lozano-Blesa de Zaragoza.<\/li>\n<li>2014 hasta la actualidad: Facultativo Especialista de \u00c1rea en la Unidad de C\u00f3rnea y Superficie Ocular del Hospital Universitario Miguel Servet de Zaragoza.<\/li>\n<\/ul>\n<h4>L\u00cdNEAS DE INVESTIGACI\u00d3N<\/h4>\n<ul>\n<li>Grupo de investigaci\u00f3n B02 del Instituto de investigaci\u00f3n sanitaria Arag\u00f3n (IIS-Arag\u00f3n).<\/li>\n<li>Participaci\u00f3n en 10 proyectos de investigaci\u00f3n.<\/li>\n<li>Coordinador del Grupo de investigaci\u00f3n de Superficie Ocular del Hospital Universitario Miguel Servet.<\/li>\n<\/ul>\n<h4>PRINCIPALES M\u00c9RITOS<\/h4>\n<ul>\n<li>Colaborador docente extraordinario en el Grado de Medicina, asignatura de Oftalmolog\u00eda desde el curso 2011- hasta la actualidad, en el Departamento de Cirug\u00eda, Ginecolog\u00eda y Obstetricia, en la Facultad de Medicina de Zaragoza. Durante el curso 2013-2014 fue Profesor asociado a tiempo parcial (6 horas), en el \u00e1rea de Fisiolog\u00eda vinculado al Departamento de Farmacolog\u00eda y Fisiolog\u00eda. Facultad de Ciencias de la Universidad de Zaragoza. Asignatura: Fisiolog\u00eda Ocular y del sistema Visual. Grado de \u00d3ptica.<\/li>\n<li>Ha participado como docente en unos 25 cursos de actualizaci\u00f3n, tiene unas 30 publicaciones en revistas nacionales e internacionales, ha colaborado en la elaboraci\u00f3n de 2 libros, 22 cap\u00edtulos en libros de Oftalmolog\u00eda, ha presentado m\u00e1s de 100 comunicaciones en congresos, tres de ellas han sido premiadas con primeros premios nacionales.<\/li>\n<li>Pertenece a varias sociedades cient\u00edficas: Sociedad Espa\u00f1ola de Oftalmolog\u00eda (SEO), Sociedad Espa\u00f1ola de Cirug\u00eda Ocular Implanto-Refractiva (SECOIR), Grupo Espa\u00f1ol de Superficie Ocular y C\u00f3rnea (GESOC) y Sociedad Aragonesa de Oftalmolog\u00eda (SAO).<\/li>\n<\/ul>\n<p><a href=\"\/wp-content\/uploads\/cvmateo-.pdf\" target=\"_blank\"><i class=\"uk-icon-cloud-download\"><\/i> Descargar CV de\u00a0Antonio J. Mateo Orobia<\/a><\/p>\n<p>&nbsp;<\/p>\n","protected":false},"excerpt":{"rendered":"<p>FORMACI\u00d3N 1991-1997. Licenciado en Medicina y Cirug\u00eda. Facultad de Medicina. Universidad de C\u00f3rdoba. 1998-2002. M\u00e9dico Interno Residente en la especialidad de Oftalmolog\u00eda en el Hospital Cl\u00ednico Universitario Lozano-Blesa de Zaragoza&#8230;. <a style=\"color: #e4262b\" class=\"read-more\" href=\"https:\/\/gimsoaragon.com\/en\/curriculum-vitae\/antonio-j-mateo-orobia\/\">more<\/a><\/p>\n","protected":false},"author":1,"featured_media":0,"parent":1275,"menu_order":0,"comment_status":"closed","ping_status":"closed","template":"","meta":{"_acf_changed":false,"footnotes":""},"class_list":["post-1262","page","type-page","status-publish","hentry"],"acf":[],"_links":{"self":[{"href":"https:\/\/gimsoaragon.com\/en\/wp-json\/wp\/v2\/pages\/1262","targetHints":{"allow":["GET"]}}],"collection":[{"href":"https:\/\/gimsoaragon.com\/en\/wp-json\/wp\/v2\/pages"}],"about":[{"href":"https:\/\/gimsoaragon.com\/en\/wp-json\/wp\/v2\/types\/page"}],"author":[{"embeddable":true,"href":"https:\/\/gimsoaragon.com\/en\/wp-json\/wp\/v2\/users\/1"}],"replies":[{"embeddable":true,"href":"https:\/\/gimsoaragon.com\/en\/wp-json\/wp\/v2\/comments?post=1262"}],"version-history":[{"count":1,"href":"https:\/\/gimsoaragon.com\/en\/wp-json\/wp\/v2\/pages\/1262\/revisions"}],"predecessor-version":[{"id":1278,"href":"https:\/\/gimsoaragon.com\/en\/wp-json\/wp\/v2\/pages\/1262\/revisions\/1278"}],"up":[{"embeddable":true,"href":"https:\/\/gimsoaragon.com\/en\/wp-json\/wp\/v2\/pages\/1275"}],"wp:attachment":[{"href":"https:\/\/gimsoaragon.com\/en\/wp-json\/wp\/v2\/media?parent=1262"}],"curies":[{"name":"wp","href":"https:\/\/api.w.org\/{rel}","templated":true}]}}