{"id":1263,"date":"2017-05-24T11:03:45","date_gmt":"2017-05-24T11:03:45","guid":{"rendered":"https:\/\/gimsoaragon.com\/fernando-gutierrez\/"},"modified":"2017-09-21T08:09:24","modified_gmt":"2017-09-21T08:09:24","slug":"fernando-gutierrez","status":"publish","type":"page","link":"https:\/\/gimsoaragon.com\/en\/curriculum-vitae\/fernando-gutierrez\/","title":{"rendered":"Fernando Guti\u00e9rrez"},"content":{"rendered":"<h4>FORMACI\u00d3N<\/h4>\n<ul>\n<li>2005-2011 Licenciado en Medicina, en la Universidad de Zaragoza.<\/li>\n<li>Mayo 2016: Finalizaci\u00f3n del periodo de formaci\u00f3n de postgraduado como M\u00e9dico Interno Residente en la especialidad de Oftalmolog\u00eda en el Hospital Universitario Miguel Servet de Zaragoza, cumpliendo satisfactoriamente con los objetivos docentes planteados en el programa de formaci\u00f3n de la especialidad.<\/li>\n<li>Mayo 2015: EBO. European Board of Ophthalmology. 9 Mayo. Par\u00eds.<\/li>\n<li>M\u00e1ster: Iniciaci\u00f3n a la Investigaci\u00f3n en Medicina. Universidad de Zaragoza. Facultad de Medicina. Departamento de Cirug\u00eda, Ginecolog\u00eda y Obstetricia.<\/li>\n<\/ul>\n<h4>L\u00cdNEAS DE INVESTIGACI\u00d3N<\/h4>\n<ul>\n<li>Pertenencia al grupo de investigaci\u00f3n consolidado GIIS-029. Prevenci\u00f3n de la Ceguera.<\/li>\n<li>Participaci\u00f3n en Ensayos cl\u00ednicos:<\/li>\n<ul>\n<li>Ensayo HARRIER codigo de protocolo rth-258<\/li>\n<li>Ensayo ARIES<\/li>\n<\/ul>\n<\/ul>\n<h4>PRINCIPALES M\u00c9RITOS<\/h4>\n<ul>\n<li>Publicaciones:<\/li>\n<ul>\n<li>Bambo MP, Garcia-Martin E, Gutierrez-Ruiz F, Pinilla J, Perez-Olivan S, Larrosa JM, Polo V, Pablo L. Analysis of optic disk color changes in Alzheimer\u2019s disease: a potential new biomarker. Clin Neurol Neurosurg. 2015 May;132:68-73.<\/li>\n<li>Pilar Bambo M, Garcia-Martin E, Gutierrez-Ruiz F, Magallon R, Roca M, Garcia- Campayo J, Perez-Olivan S, Polo V, Larrosa JM, Pablo LE. Study of perfusion changes in the optic disc of patients with fibromyalgia syndrome using new colorimetric analysis software. J Fr Ophtalmol. 2015 Sep;38(7):580-7.<\/li>\n<li>Bambo MP, Garcia-Martin E, Larrosa JM, Polo V, Guti\u00e9rrez-Ruiz F, Villades E, Gil-Arribas L, Pablo LE. T\u00edtulo: Retinal and optic disc alterations in Alzheimer\u00b4s disease: the eye as a potential central nervous system window. Revista: Journal of Alzheimers Disease &#038; Parkinsonism 2016; in press.<\/li>\n<li>Garcia-Martin E, Garcia-Campayo J, Puebla-Guedea M, Ascaso FJ, Roca M, Gutierrez-Ruiz F, Vilades E, Polo V, Larrosa JM, Pablo LE, Satue M. Fibromyalgia Is Correlated with Retinal Nerve Fiber Layer Thinning. PLoS One. 2016 Sep 1;11(9):e0161574. doi: 10.1371\/journal.pone.0161574. eCollection 2016.<\/li>\n<\/ul>\n<\/ul>\n<p><a href=\"\/wp-content\/uploads\/cvgutierrez.pdf\" target=\"_blank\"><i class=\"uk-icon-cloud-download\"><\/i> Descargar CV de\u00a0Fernando Guti\u00e9rrez<\/a><\/p>\n<p>&nbsp;<\/p>\n","protected":false},"excerpt":{"rendered":"<p>FORMACI\u00d3N 2005-2011 Licenciado en Medicina, en la Universidad de Zaragoza. Mayo 2016: Finalizaci\u00f3n del periodo de formaci\u00f3n de postgraduado como M\u00e9dico Interno Residente en la especialidad de Oftalmolog\u00eda en el&#8230; <a style=\"color: #e4262b\" class=\"read-more\" href=\"https:\/\/gimsoaragon.com\/en\/curriculum-vitae\/fernando-gutierrez\/\">more<\/a><\/p>\n","protected":false},"author":1,"featured_media":0,"parent":1275,"menu_order":0,"comment_status":"closed","ping_status":"closed","template":"","meta":{"_acf_changed":false,"footnotes":""},"class_list":["post-1263","page","type-page","status-publish","hentry"],"acf":[],"_links":{"self":[{"href":"https:\/\/gimsoaragon.com\/en\/wp-json\/wp\/v2\/pages\/1263","targetHints":{"allow":["GET"]}}],"collection":[{"href":"https:\/\/gimsoaragon.com\/en\/wp-json\/wp\/v2\/pages"}],"about":[{"href":"https:\/\/gimsoaragon.com\/en\/wp-json\/wp\/v2\/types\/page"}],"author":[{"embeddable":true,"href":"https:\/\/gimsoaragon.com\/en\/wp-json\/wp\/v2\/users\/1"}],"replies":[{"embeddable":true,"href":"https:\/\/gimsoaragon.com\/en\/wp-json\/wp\/v2\/comments?post=1263"}],"version-history":[{"count":1,"href":"https:\/\/gimsoaragon.com\/en\/wp-json\/wp\/v2\/pages\/1263\/revisions"}],"predecessor-version":[{"id":1287,"href":"https:\/\/gimsoaragon.com\/en\/wp-json\/wp\/v2\/pages\/1263\/revisions\/1287"}],"up":[{"embeddable":true,"href":"https:\/\/gimsoaragon.com\/en\/wp-json\/wp\/v2\/pages\/1275"}],"wp:attachment":[{"href":"https:\/\/gimsoaragon.com\/en\/wp-json\/wp\/v2\/media?parent=1263"}],"curies":[{"name":"wp","href":"https:\/\/api.w.org\/{rel}","templated":true}]}}