{"id":1264,"date":"2017-05-24T10:53:01","date_gmt":"2017-05-24T10:53:01","guid":{"rendered":"https:\/\/gimsoaragon.com\/galadriel-gimenez-calvo\/"},"modified":"2017-09-21T08:09:24","modified_gmt":"2017-09-21T08:09:24","slug":"galadriel-gimenez-calvo","status":"publish","type":"page","link":"https:\/\/gimsoaragon.com\/en\/curriculum-vitae\/galadriel-gimenez-calvo\/","title":{"rendered":"Galadriel Gim\u00e9nez Calvo"},"content":{"rendered":"<h4>FORMACI\u00d3N<\/h4>\n<ul>\n<li>Diplomada en \u00d3ptica y Optometr\u00eda (2009) en la Universidad de Zaragoza.<\/li>\n<li>M\u00e1ster en Optometr\u00eda Cl\u00ednica Avanzada e Investigaci\u00f3n (2010) en Centro Boston de Optometr\u00eda. Universidad Camilo Jos\u00e9 Cela. Madrid.<\/li>\n<li>Estancia en The New England College of Optometry (2010) en Boston, EEUU.<\/li>\n<li>Diploma en Atenci\u00f3n Optom\u00e9trica Pre y Post Cirug\u00eda Refractiva y de Cataratas. (2011) en la Universidad de Valencia.<\/li>\n<li>M\u00e1ster en Cirug\u00eda Refractiva y de Cataratas (2013) en la Universidad de Valencia.<\/li>\n<li>M\u00e1ster en Atenci\u00f3n Optom\u00e9trica al Paciente con Patolog\u00eda ocular (2014) en la Universidad de Valencia.<\/li>\n<li>M\u00e1ster en Optometr\u00eda Cl\u00ednica y Ciencias de la Visi\u00f3n (2015) en la Universidad de Valencia.<\/li>\n<li>Graduada en \u00d3ptica y Optometr\u00eda (2017) en la Universidad Alfonso X el Sabio.<\/li>\n<li>Cursos de formaci\u00f3n continuada: Protocolo de atenci\u00f3n primaria para optometristas (2012), Manejo optom\u00e9trico de la patolog\u00eda de segmento anterior (2013), P\u00e9rdida Brusca de Agudeza Visual. Puntos Clave (2013), Iniciaci\u00f3n a la Baja Visi\u00f3n (2013), Visi\u00f3n Binocular (2016), Protocolos diagn\u00f3sticos (2017) impartidos por el CNOO en Zaragoza.<\/li>\n<\/ul>\n<h4>L\u00cdNEAS DE INVESTIGACI\u00d3N<\/h4>\n<ul>\n<li>Participaci\u00f3n en 2 proyectos de investigaci\u00f3n.<\/li>\n<\/ul>\n<h4>PRINCIPALES M\u00c9RITOS<\/h4>\n<ul>\n<li>Autora de 4 art\u00edculos cient\u00edficos.<\/li>\n<li>Colaborador docente y tutor empresa del Departamento de Cirug\u00eda, Ginecolog\u00eda y Obstetricia en el \u00e1rea de \u00f3ptica y optometr\u00eda desde el curso 2013\/2014.<\/li>\n<li>Formador del curso del 9\u00ba Programa Focuss del Gobierno de Arag\u00f3n \u201cFundamentos y manejo de equipos de diagn\u00f3stico en Oftalmolog\u00eda\u201d Acreditado por la Comisi\u00f3n de Formaci\u00f3n Continuada en 2013.<\/li>\n<li>Formador del curso para personal sanitario en instrumentaci\u00f3n oftalmol\u00f3gica (2016).<\/li>\n<li>Participaci\u00f3n en congresos cient\u00edficos: 15 comunicaciones en panel en congresos nacionales y 7 comunicaciones orales en congresos nacionales y 2 comunicaciones orales en congresos internacionales.<\/li>\n<\/ul>\n<p><a href=\"\/wp-content\/uploads\/cvgimenez.pdf\" target=\"_blank\" rel=\"noopener noreferrer\"><i class=\"uk-icon-cloud-download\"><\/i> Descargar CV de\u00a0Galadriel Gim\u00e9nez Calvo<\/a><\/p>\n<p>&nbsp;<\/p>\n","protected":false},"excerpt":{"rendered":"<p>FORMACI\u00d3N Diplomada en \u00d3ptica y Optometr\u00eda (2009) en la Universidad de Zaragoza. M\u00e1ster en Optometr\u00eda Cl\u00ednica Avanzada e Investigaci\u00f3n (2010) en Centro Boston de Optometr\u00eda. Universidad Camilo Jos\u00e9 Cela. Madrid&#8230;. <a style=\"color: #e4262b\" class=\"read-more\" href=\"https:\/\/gimsoaragon.com\/en\/curriculum-vitae\/galadriel-gimenez-calvo\/\">more<\/a><\/p>\n","protected":false},"author":1,"featured_media":0,"parent":1275,"menu_order":0,"comment_status":"closed","ping_status":"closed","template":"","meta":{"_acf_changed":false,"footnotes":""},"class_list":["post-1264","page","type-page","status-publish","hentry"],"acf":[],"_links":{"self":[{"href":"https:\/\/gimsoaragon.com\/en\/wp-json\/wp\/v2\/pages\/1264","targetHints":{"allow":["GET"]}}],"collection":[{"href":"https:\/\/gimsoaragon.com\/en\/wp-json\/wp\/v2\/pages"}],"about":[{"href":"https:\/\/gimsoaragon.com\/en\/wp-json\/wp\/v2\/types\/page"}],"author":[{"embeddable":true,"href":"https:\/\/gimsoaragon.com\/en\/wp-json\/wp\/v2\/users\/1"}],"replies":[{"embeddable":true,"href":"https:\/\/gimsoaragon.com\/en\/wp-json\/wp\/v2\/comments?post=1264"}],"version-history":[{"count":1,"href":"https:\/\/gimsoaragon.com\/en\/wp-json\/wp\/v2\/pages\/1264\/revisions"}],"predecessor-version":[{"id":1289,"href":"https:\/\/gimsoaragon.com\/en\/wp-json\/wp\/v2\/pages\/1264\/revisions\/1289"}],"up":[{"embeddable":true,"href":"https:\/\/gimsoaragon.com\/en\/wp-json\/wp\/v2\/pages\/1275"}],"wp:attachment":[{"href":"https:\/\/gimsoaragon.com\/en\/wp-json\/wp\/v2\/media?parent=1264"}],"curies":[{"name":"wp","href":"https:\/\/api.w.org\/{rel}","templated":true}]}}