{"id":1265,"date":"2017-05-24T10:41:24","date_gmt":"2017-05-24T10:41:24","guid":{"rendered":"https:\/\/gimsoaragon.com\/elena-garcia-martin\/"},"modified":"2017-09-21T08:09:24","modified_gmt":"2017-09-21T08:09:24","slug":"elena-garcia-martin","status":"publish","type":"page","link":"https:\/\/gimsoaragon.com\/en\/curriculum-vitae\/elena-garcia-martin\/","title":{"rendered":"Elena Garc\u00eda Mart\u00edn"},"content":{"rendered":"<h4>FORMACI\u00d3N<\/h4>\n<ul>\n<li>Especialista en Oftalmolog\u00eda v\u00eda MIR (2006-10) en Hospital Universitario Miguel Servet de Zaragoza.<\/li>\n<li>Facultativo especialista en Oftalmolog\u00eda (desde 2010) en Hospital Universitario Miguel Servet de Zaragoza. Estatutario fijo desde 2015.<\/li>\n<li>Doctora en Medicina y Cirug\u00eda (2010) en la Universidad de Zaragoza, con calificaci\u00f3n \u201ccum laude\u201d.<\/li>\n<li>M\u00e1sters: Programa modular Herramientas de Gesti\u00f3n e Investigaci\u00f3n Sanitaria (2011-15), Diploma de Especializaci\u00f3n en Gesti\u00f3n Integral de Servicios de Salud (2015), T\u00edtulo de Experto Univesitario en Probabilidad y Estad\u00edstica en Medicina (2011), T\u00edtulo de Experto Universitario en Evaluaci\u00f3n e Investigaci\u00f3n de Servicios de Salud (2013).<\/li>\n<li>Estancia en centro internacional St Paul&#8217;s Eye Unit Royal Liverpool University Hospital en 2010.<\/li>\n<li>Fellowship en Estrabismos y Neuro-oftalmolog\u00eda en el Hospital Cl\u00ednico Universitario San Carlos (Madrid) en 2011.<\/li>\n<li>Fellowship como Oftalm\u00f3logo-Oculopl\u00e1stico en el Instituto Internacional de \u00d3rbita y Oculopl\u00e1stica Moreiras (Santiago de Compostela) en 2012.<\/li>\n<\/ul>\n<h4>L\u00cdNEAS DE INVESTIGACI\u00d3N<\/h4>\n<ul>\n<li>Participaci\u00f3n en 25 proyectos de investigaci\u00f3n (9 de ellos como investigador principal).<\/li>\n<li>Coordinadora del Grupo de investigaci\u00f3n en Neurooftalmolog\u00eda del Hospital Universitario Miguel Servet desde 2010.<\/li>\n<\/ul>\n<h4>PRINCIPALES M\u00c9RITOS<\/h4>\n<ul>\n<li>15 premios de investigaci\u00f3n, entre ellos Premio al mejor P\u00f3ster cient\u00edfico del Congreso de la Sociedad Americana de Oftalmolog\u00eda, Premio de Investigaci\u00f3n Final de Residencia, Premio Arruga 2013 (a la mejor trayectoria cient\u00edfica nacional entre los oftalm\u00f3logos menores de 40 a\u00f1os), Premio Arag\u00f3n Investiga a J\u00f3venes Investigadores 2016.<\/li>\n<li>Autora de 100 art\u00edculos cient\u00edficos (la mitad como autor principal; de los cuales 88 est\u00e1n incluidos en Pubmed), 22 cap\u00edtulos de libros y 1 libro.<\/li>\n<li>Profesora asociada del Departamento de Cirug\u00eda, Ginecolog\u00eda y Obstetricia en el \u00e1rea Oftalmolog\u00eda desde el curso 2010\/11.<\/li>\n<li>Directora de 9 tesis doctorales en Neuro-oftalmolog\u00eda, todas ellas calificadas con Cum Laudem.<\/li>\n<li>Participaci\u00f3n en congresos cient\u00edficos: Ponente invitado en 25 congresos; 200 comunicaciones en congresos nacionales y 175 en congresos internacionales.<\/li>\n<li>Miembro de la Comisi\u00f3n de Formaci\u00f3n en Investigaci\u00f3n del Instituto de Investigaci\u00f3n Sanitaria de Arag\u00f3n (IIS Arag\u00f3n) desde 2010.<\/li>\n<li>Organizadora y coordinadora de los seminarios cient\u00edficos impartidos por el Instituto de Investigaci\u00f3n Sanitaria de Arag\u00f3n (IIS Arag\u00f3n) desde 2014.<\/li>\n<li>Coordinadora de la Red Tem\u00e1tica de Investigaci\u00f3n y Cooperativa en salud RD12\/0034 Enfermedades Oculares (RETICS) desde 2013.<\/li>\n<li>Vocal de la comisi\u00f3n cl\u00ednica de Tecnolog\u00eda y adecuaci\u00f3n de recursos del Sector Zaragoza 2 desde 2016.<\/li>\n<\/ul>\n<p><a href=\"\/wp-content\/uploads\/cvgarciamartin.pdf\" target=\"_blank\" rel=\"noopener noreferrer\"><i class=\"uk-icon-cloud-download\"><\/i> Descargar CV de\u00a0Elena Garc\u00eda Mart\u00edn<\/a><\/p>\n<p>&nbsp;<\/p>\n","protected":false},"excerpt":{"rendered":"<p>FORMACI\u00d3N Especialista en Oftalmolog\u00eda v\u00eda MIR (2006-10) en Hospital Universitario Miguel Servet de Zaragoza. Facultativo especialista en Oftalmolog\u00eda (desde 2010) en Hospital Universitario Miguel Servet de Zaragoza. Estatutario fijo desde&#8230; <a style=\"color: #e4262b\" class=\"read-more\" href=\"https:\/\/gimsoaragon.com\/en\/curriculum-vitae\/elena-garcia-martin\/\">more<\/a><\/p>\n","protected":false},"author":1,"featured_media":0,"parent":1275,"menu_order":0,"comment_status":"closed","ping_status":"closed","template":"","meta":{"_acf_changed":false,"footnotes":""},"class_list":["post-1265","page","type-page","status-publish","hentry"],"acf":[],"_links":{"self":[{"href":"https:\/\/gimsoaragon.com\/en\/wp-json\/wp\/v2\/pages\/1265","targetHints":{"allow":["GET"]}}],"collection":[{"href":"https:\/\/gimsoaragon.com\/en\/wp-json\/wp\/v2\/pages"}],"about":[{"href":"https:\/\/gimsoaragon.com\/en\/wp-json\/wp\/v2\/types\/page"}],"author":[{"embeddable":true,"href":"https:\/\/gimsoaragon.com\/en\/wp-json\/wp\/v2\/users\/1"}],"replies":[{"embeddable":true,"href":"https:\/\/gimsoaragon.com\/en\/wp-json\/wp\/v2\/comments?post=1265"}],"version-history":[{"count":1,"href":"https:\/\/gimsoaragon.com\/en\/wp-json\/wp\/v2\/pages\/1265\/revisions"}],"predecessor-version":[{"id":1283,"href":"https:\/\/gimsoaragon.com\/en\/wp-json\/wp\/v2\/pages\/1265\/revisions\/1283"}],"up":[{"embeddable":true,"href":"https:\/\/gimsoaragon.com\/en\/wp-json\/wp\/v2\/pages\/1275"}],"wp:attachment":[{"href":"https:\/\/gimsoaragon.com\/en\/wp-json\/wp\/v2\/media?parent=1265"}],"curies":[{"name":"wp","href":"https:\/\/api.w.org\/{rel}","templated":true}]}}