{"id":1266,"date":"2017-05-24T10:28:33","date_gmt":"2017-05-24T10:28:33","guid":{"rendered":"https:\/\/gimsoaragon.com\/blanca-ferrandez-arenas\/"},"modified":"2017-09-21T08:09:24","modified_gmt":"2017-09-21T08:09:24","slug":"blanca-ferrandez-arenas","status":"publish","type":"page","link":"https:\/\/gimsoaragon.com\/en\/curriculum-vitae\/blanca-ferrandez-arenas\/","title":{"rendered":"Blanca Ferr\u00e1ndez Arenas"},"content":{"rendered":"<h4>FORMACI\u00d3N<\/h4>\n<ul>\n<li>Especialista en Oftalmolog\u00eda v\u00eda MIR (2010-2014) en Hospital Universitario Miguel Servet de Zaragoza.<\/li>\n<li>Facultativo especialista en Oftalmolog\u00eda (desde 2014) en Hospital Universitario Miguel Servet de Zaragoza.<\/li>\n<li>Especialista en Glaucoma (desde 2014) en Hospital Universitario Miguel Servet de Zaragoza.<\/li>\n<li>Doctora en Medicina y Cirug\u00eda (2016) en la Universidad de Zaragoza, con calificaci\u00f3n \u201ccum laude\u201d.<\/li>\n<li>M\u00e1sters: M\u00e1ster en iniciaci\u00f3n a la investigaci\u00f3n en Medicina. Universidad de Zaragoza (2010-2012). T\u00edtulo de Experto Universitario en Evaluaci\u00f3n e Investigaci\u00f3n de Servicios de Salud. UNED (2012-2013).T\u00edtulo de Especialista Universitario en Gesti\u00f3n Integral de Servicios de Salud. UNED. (2012-2013).<\/li>\n<li>Estancias en centros internacionales: Secci\u00f3n de Glaucoma del Hospital universitario policl\u00ednico Tor Vergata de Roma. Secci\u00f3n de Glaucoma del New York Eye and Ear Infarmary del Mount Sinai de Nueva York.<\/li>\n<li>Estancias en centros nacionales: Instituto de Microcirug\u00eda Ocular (IMO), Barcelona.<\/li>\n<\/ul>\n<h4>L\u00cdNEAS DE INVESTIGACI\u00d3N<\/h4>\n<ul>\n<li>Participaci\u00f3n en 3 proyectos de investigaci\u00f3n.<\/li>\n<li>Participaci\u00f3n en 14 ensayos cl\u00ednicos.<\/li>\n<\/ul>\n<h4>PRINCIPALES M\u00c9RITOS<\/h4>\n<ul>\n<li>BECA de la Sociedad Aragonesa de Oftalmolog\u00eda (SAO) a\u00f1o 2013.<\/li>\n<li>BECA de la Sociedad Espa\u00f1ola de Glaucoma\u00a0(SEG) para j\u00f3venes investigadores, a\u00f1o 2013.<\/li>\n<li>Autora de 12 art\u00edculos cient\u00edficos (3 como primer autor; de los cuales 9 est\u00e1n incluidos en Pubmed), 7 cap\u00edtulos de libros.<\/li>\n<li>Colaboradora docente extraordinaria del Departamento de Cirug\u00eda, Ginecolog\u00eda y Obstetricia en el \u00e1rea Oftalmolog\u00eda desde el curso 2014\/2015.Universidad de Zaragoza.<\/li>\n<li>Profesora asociada del Departamento de Cirug\u00eda, Ginecolog\u00eda y Obstetricia en el \u00e1rea Oftalmolog\u00eda desde el curso 2016\/17. Universidad de Zaragoza.<\/li>\n<li>Participaci\u00f3n en congresos cient\u00edficos: Ponente invitado en 4 congresos; 42 comunicaciones en congresos nacionales y 34 en congresos internacionales.<\/li>\n<\/ul>\n<p><a href=\"\/wp-content\/uploads\/cvferrandez.pdf\" target=\"_blank\" rel=\"noopener noreferrer\"><i class=\"uk-icon-cloud-download\"><\/i> Descargar CV de\u00a0Blanca Ferr\u00e1ndez Arenas<\/a><\/p>\n<p>&nbsp;<\/p>\n","protected":false},"excerpt":{"rendered":"<p>FORMACI\u00d3N Especialista en Oftalmolog\u00eda v\u00eda MIR (2010-2014) en Hospital Universitario Miguel Servet de Zaragoza. Facultativo especialista en Oftalmolog\u00eda (desde 2014) en Hospital Universitario Miguel Servet de Zaragoza. Especialista en Glaucoma&#8230; <a style=\"color: #e4262b\" class=\"read-more\" href=\"https:\/\/gimsoaragon.com\/en\/curriculum-vitae\/blanca-ferrandez-arenas\/\">more<\/a><\/p>\n","protected":false},"author":1,"featured_media":0,"parent":1275,"menu_order":0,"comment_status":"closed","ping_status":"closed","template":"","meta":{"_acf_changed":false,"footnotes":""},"class_list":["post-1266","page","type-page","status-publish","hentry"],"acf":[],"_links":{"self":[{"href":"https:\/\/gimsoaragon.com\/en\/wp-json\/wp\/v2\/pages\/1266","targetHints":{"allow":["GET"]}}],"collection":[{"href":"https:\/\/gimsoaragon.com\/en\/wp-json\/wp\/v2\/pages"}],"about":[{"href":"https:\/\/gimsoaragon.com\/en\/wp-json\/wp\/v2\/types\/page"}],"author":[{"embeddable":true,"href":"https:\/\/gimsoaragon.com\/en\/wp-json\/wp\/v2\/users\/1"}],"replies":[{"embeddable":true,"href":"https:\/\/gimsoaragon.com\/en\/wp-json\/wp\/v2\/comments?post=1266"}],"version-history":[{"count":1,"href":"https:\/\/gimsoaragon.com\/en\/wp-json\/wp\/v2\/pages\/1266\/revisions"}],"predecessor-version":[{"id":1280,"href":"https:\/\/gimsoaragon.com\/en\/wp-json\/wp\/v2\/pages\/1266\/revisions\/1280"}],"up":[{"embeddable":true,"href":"https:\/\/gimsoaragon.com\/en\/wp-json\/wp\/v2\/pages\/1275"}],"wp:attachment":[{"href":"https:\/\/gimsoaragon.com\/en\/wp-json\/wp\/v2\/media?parent=1266"}],"curies":[{"name":"wp","href":"https:\/\/api.w.org\/{rel}","templated":true}]}}