{"id":1267,"date":"2017-05-24T10:08:07","date_gmt":"2017-05-24T10:08:07","guid":{"rendered":"https:\/\/gimsoaragon.com\/ma-isabel-dolz\/"},"modified":"2017-09-21T08:09:53","modified_gmt":"2017-09-21T08:09:53","slug":"ma-isabel-dolz","status":"publish","type":"page","link":"https:\/\/gimsoaragon.com\/en\/curriculum-vitae\/ma-isabel-dolz\/","title":{"rendered":"M\u00aa Isabel Dolz"},"content":{"rendered":"<h4>FORMACI\u00d3N<\/h4>\n<ul>\n<li>Doctora en Medicina y Cirug\u00eda (2016) en la Universidad de Zaragoza, con calificaci\u00f3n Sobresaliente \u201ccum laude\u201d.<\/li>\n<li>Especialista en Neurofisiolog\u00eda Cl\u00ednica v\u00eda MIR (1996-2000) en Hospital Universitario Miguel Servet de Zaragoza.<\/li>\n<li>Facultativo especialista en Neurofisiolog\u00eda Cl\u00ednica (desde 2005) en Hospital Universitario Miguel Servet de Zaragoza.<\/li>\n<li>Licenciada en Medicina y Cirug\u00eda, en la Universidad de Zaragoza (1988-1994). Erasmus en Facultad de Medicina de Tours (Francia) 1991-1992.<\/li>\n<\/ul>\n<h4>L\u00cdNEAS DE INVESTIGACI\u00d3N<\/h4>\n<ul>\n<li>Participaci\u00f3n en 5 proyectos de investigaci\u00f3n.<\/li>\n<li>Miembro del Grupo de investigaci\u00f3n en Neurooftalmolog\u00eda del Hospital Universitario Miguel Servet desde 2010.<\/li>\n<\/ul>\n<h4>PRINCIPALES M\u00c9RITOS<\/h4>\n<ul>\n<li>Responsable de Calidad del Servicio de Neurofisiolog\u00eda Cl\u00ednica desde 2012.<\/li>\n<li>Premio a la Innovaci\u00f3n en 2010 concedido por Atenci\u00f3n Primaria Sector II y HUMS.<\/li>\n<li>Coautora de 20 art\u00edculos cient\u00edficos en el \u00e1rea de Neuroftalmolog\u00eda principalmente. Tambi\u00e9n sobre otros \u00e1mbitos de la Neurofisiolog\u00eda Cl\u00ednica. Autora de un cap\u00edtulo de libro.<\/li>\n<li>Participaci\u00f3n en Congresos Cient\u00edficos. Premio al Mejor P\u00f3ster en Reuni\u00f3n Anual de la SENFC en 2011. Comunicaciones en Congresos de Neurofisiolog\u00eda Cl\u00ednica.<\/li>\n<\/ul>\n<p><a href=\"\/wp-content\/uploads\/cvdolz.pdf\" target=\"_blank\"><i class=\"uk-icon-cloud-download\"><\/i> Descargar CV de\u00a0M\u00aa Isabel Dolz<\/a><\/p>\n<p>&nbsp;<\/p>\n","protected":false},"excerpt":{"rendered":"<p>FORMACI\u00d3N Doctora en Medicina y Cirug\u00eda (2016) en la Universidad de Zaragoza, con calificaci\u00f3n Sobresaliente \u201ccum laude\u201d. Especialista en Neurofisiolog\u00eda Cl\u00ednica v\u00eda MIR (1996-2000) en Hospital Universitario Miguel Servet de&#8230; <a style=\"color: #e4262b\" class=\"read-more\" href=\"https:\/\/gimsoaragon.com\/en\/curriculum-vitae\/ma-isabel-dolz\/\">more<\/a><\/p>\n","protected":false},"author":1,"featured_media":0,"parent":1275,"menu_order":0,"comment_status":"closed","ping_status":"closed","template":"","meta":{"_acf_changed":false,"footnotes":""},"class_list":["post-1267","page","type-page","status-publish","hentry"],"acf":[],"_links":{"self":[{"href":"https:\/\/gimsoaragon.com\/en\/wp-json\/wp\/v2\/pages\/1267","targetHints":{"allow":["GET"]}}],"collection":[{"href":"https:\/\/gimsoaragon.com\/en\/wp-json\/wp\/v2\/pages"}],"about":[{"href":"https:\/\/gimsoaragon.com\/en\/wp-json\/wp\/v2\/types\/page"}],"author":[{"embeddable":true,"href":"https:\/\/gimsoaragon.com\/en\/wp-json\/wp\/v2\/users\/1"}],"replies":[{"embeddable":true,"href":"https:\/\/gimsoaragon.com\/en\/wp-json\/wp\/v2\/comments?post=1267"}],"version-history":[{"count":1,"href":"https:\/\/gimsoaragon.com\/en\/wp-json\/wp\/v2\/pages\/1267\/revisions"}],"predecessor-version":[{"id":1301,"href":"https:\/\/gimsoaragon.com\/en\/wp-json\/wp\/v2\/pages\/1267\/revisions\/1301"}],"up":[{"embeddable":true,"href":"https:\/\/gimsoaragon.com\/en\/wp-json\/wp\/v2\/pages\/1275"}],"wp:attachment":[{"href":"https:\/\/gimsoaragon.com\/en\/wp-json\/wp\/v2\/media?parent=1267"}],"curies":[{"name":"wp","href":"https:\/\/api.w.org\/{rel}","templated":true}]}}