{"id":1268,"date":"2017-05-24T09:33:55","date_gmt":"2017-05-24T09:33:55","guid":{"rendered":"https:\/\/gimsoaragon.com\/alejandro-blasco-martinez\/"},"modified":"2018-01-10T13:32:00","modified_gmt":"2018-01-10T12:32:00","slug":"alejandro-blasco-martinez","status":"publish","type":"page","link":"https:\/\/gimsoaragon.com\/en\/curriculum-vitae\/alejandro-blasco-martinez\/","title":{"rendered":"Alejandro Blasco Mart\u00ednez"},"content":{"rendered":"<h4>FORMACI\u00d3N<\/h4>\n<ul>\n<li>Diplomado \u00d3ptico &#8211; Optometrista por la Universidad de Zaragoza (2008-11).<\/li>\n<li>Graduado en \u00d3ptica y Optometr\u00eda por la Universidad de Santiago de Compostela (2016).<\/li>\n<li>M\u00e1ster Universitario de Investigaci\u00f3n en Ciencias de la Visi\u00f3n por la Universidad de Valladolid \u2013 IOBA (2015).<\/li>\n<\/ul>\n<h4>L\u00cdNEAS DE INVESTIGACI\u00d3N<\/h4>\n<ul>\n<li>Participaci\u00f3n en 3 l\u00edneas de investigaci\u00f3n.<\/li>\n<li>Study Coordinator de 5 ensayos cl\u00ednicos.<\/li>\n<\/ul>\n<h4>PRINCIPALES M\u00c9RITOS<\/h4>\n<ul>\n<li>Coautor de un art\u00edculo cient\u00edfico en revista indexada.<\/li>\n<li>Personal docente extraordinario del Departamento de Cirug\u00eda, Ginecolog\u00eda y Obstetricia en el \u00e1rea \u00f3ptica y optometr\u00eda desde el curso 2013\/14.<\/li>\n<li>Participaci\u00f3n en congresos cient\u00edficos: 26 comunicaciones en congresos internacionales.<\/li>\n<li>Docente en curso de actualizaci\u00f3n Focuss Hospital Miguel Servet a\u00f1o 2014.<\/li>\n<\/ul>\n<p><a href=\"\/wp-content\/uploads\/cvblasco-.pdf\" target=\"_blank\"><i class=\"uk-icon-cloud-download\"><\/i> Descargar CV de\u00a0Alejandro Blasco Mart\u00ednez<\/a><\/p>\n<p>&nbsp;<\/p>\n","protected":false},"excerpt":{"rendered":"<p>FORMACI\u00d3N Diplomado \u00d3ptico &#8211; Optometrista por la Universidad de Zaragoza (2008-11). Graduado en \u00d3ptica y Optometr\u00eda por la Universidad de Santiago de Compostela (2016). M\u00e1ster Universitario de Investigaci\u00f3n en Ciencias&#8230; <a style=\"color: #e4262b\" class=\"read-more\" href=\"https:\/\/gimsoaragon.com\/en\/curriculum-vitae\/alejandro-blasco-martinez\/\">more<\/a><\/p>\n","protected":false},"author":1,"featured_media":0,"parent":1275,"menu_order":0,"comment_status":"closed","ping_status":"closed","template":"","meta":{"_acf_changed":false,"footnotes":""},"class_list":["post-1268","page","type-page","status-publish","hentry"],"acf":[],"_links":{"self":[{"href":"https:\/\/gimsoaragon.com\/en\/wp-json\/wp\/v2\/pages\/1268","targetHints":{"allow":["GET"]}}],"collection":[{"href":"https:\/\/gimsoaragon.com\/en\/wp-json\/wp\/v2\/pages"}],"about":[{"href":"https:\/\/gimsoaragon.com\/en\/wp-json\/wp\/v2\/types\/page"}],"author":[{"embeddable":true,"href":"https:\/\/gimsoaragon.com\/en\/wp-json\/wp\/v2\/users\/1"}],"replies":[{"embeddable":true,"href":"https:\/\/gimsoaragon.com\/en\/wp-json\/wp\/v2\/comments?post=1268"}],"version-history":[{"count":3,"href":"https:\/\/gimsoaragon.com\/en\/wp-json\/wp\/v2\/pages\/1268\/revisions"}],"predecessor-version":[{"id":1631,"href":"https:\/\/gimsoaragon.com\/en\/wp-json\/wp\/v2\/pages\/1268\/revisions\/1631"}],"up":[{"embeddable":true,"href":"https:\/\/gimsoaragon.com\/en\/wp-json\/wp\/v2\/pages\/1275"}],"wp:attachment":[{"href":"https:\/\/gimsoaragon.com\/en\/wp-json\/wp\/v2\/media?parent=1268"}],"curies":[{"name":"wp","href":"https:\/\/api.w.org\/{rel}","templated":true}]}}