{"id":1269,"date":"2017-05-24T08:54:00","date_gmt":"2017-05-24T08:54:00","guid":{"rendered":"https:\/\/gimsoaragon.com\/carmen-almarcegui-lafita\/"},"modified":"2017-09-21T08:09:24","modified_gmt":"2017-09-21T08:09:24","slug":"carmen-almarcegui-lafita","status":"publish","type":"page","link":"https:\/\/gimsoaragon.com\/en\/curriculum-vitae\/carmen-almarcegui-lafita\/","title":{"rendered":"Carmen Alm\u00e1rcegui Lafita"},"content":{"rendered":"<h4>FORMACI\u00d3N<\/h4>\n<ul>\n<li>Especialista en Neurofisiolog\u00eda Cl\u00ednica v\u00eda MIR (1988-1992) en Hospital Universitario Miguel Servet de Zaragoza.<\/li>\n<li>Facultativo especialista en Neurofisiolog\u00eda Cl\u00ednica (desde 1993) en Hospital Universitario Miguel Servet de Zaragoza. Estatutario fijo desde 2002.<\/li>\n<li>Doctora en Medicina y Cirug\u00eda (1993) en la Universidad de Zaragoza, con calificaci\u00f3n \u201ccum laude\u201d.<\/li>\n<\/ul>\n<h4>L\u00cdNEAS DE INVESTIGACI\u00d3N<\/h4>\n<ul>\n<li>Participaci\u00f3n en 9 proyectos de investigaci\u00f3n.<\/li>\n<\/ul>\n<h4>PRINCIPALES M\u00c9RITOS<\/h4>\n<ul>\n<li>Autora de 6 cap\u00edtulos de libros (5 como autora principal, 1 como coautora).<\/li>\n<li>Participaci\u00f3n en 52 art\u00edculos cient\u00edficos (8 como autor principal; de los cuales 43 est\u00e1n incluidos en Pubmed).<\/li>\n<li>Directora de 2 tesis doctorales en Neuro-oftalmolog\u00eda, todas ellas calificadas con Cum Laudem.<\/li>\n<li>Participaci\u00f3n en congresos cient\u00edficos: Participaci\u00f3n en 25 comunicaciones orales y 22 posters.<\/li>\n<li>Miembro de la Comisi\u00f3n Nacional de Neurofisiolog\u00eda Cl\u00ednica.<\/li>\n<\/ul>\n<p><a href=\"\/wp-content\/uploads\/cvalmarcegui.pdf\" target=\"_blank\" rel=\"noopener noreferrer\"><i class=\"uk-icon-cloud-download\"><\/i> Descargar CV de\u00a0Carmen Alm\u00e1rcegui Lafita<\/a><\/p>\n<p>&nbsp;<\/p>\n","protected":false},"excerpt":{"rendered":"<p>FORMACI\u00d3N Especialista en Neurofisiolog\u00eda Cl\u00ednica v\u00eda MIR (1988-1992) en Hospital Universitario Miguel Servet de Zaragoza. Facultativo especialista en Neurofisiolog\u00eda Cl\u00ednica (desde 1993) en Hospital Universitario Miguel Servet de Zaragoza. Estatutario&#8230; <a style=\"color: #e4262b\" class=\"read-more\" href=\"https:\/\/gimsoaragon.com\/en\/curriculum-vitae\/carmen-almarcegui-lafita\/\">more<\/a><\/p>\n","protected":false},"author":1,"featured_media":0,"parent":1275,"menu_order":0,"comment_status":"closed","ping_status":"closed","template":"","meta":{"_acf_changed":false,"footnotes":""},"class_list":["post-1269","page","type-page","status-publish","hentry"],"acf":[],"_links":{"self":[{"href":"https:\/\/gimsoaragon.com\/en\/wp-json\/wp\/v2\/pages\/1269","targetHints":{"allow":["GET"]}}],"collection":[{"href":"https:\/\/gimsoaragon.com\/en\/wp-json\/wp\/v2\/pages"}],"about":[{"href":"https:\/\/gimsoaragon.com\/en\/wp-json\/wp\/v2\/types\/page"}],"author":[{"embeddable":true,"href":"https:\/\/gimsoaragon.com\/en\/wp-json\/wp\/v2\/users\/1"}],"replies":[{"embeddable":true,"href":"https:\/\/gimsoaragon.com\/en\/wp-json\/wp\/v2\/comments?post=1269"}],"version-history":[{"count":1,"href":"https:\/\/gimsoaragon.com\/en\/wp-json\/wp\/v2\/pages\/1269\/revisions"}],"predecessor-version":[{"id":1281,"href":"https:\/\/gimsoaragon.com\/en\/wp-json\/wp\/v2\/pages\/1269\/revisions\/1281"}],"up":[{"embeddable":true,"href":"https:\/\/gimsoaragon.com\/en\/wp-json\/wp\/v2\/pages\/1275"}],"wp:attachment":[{"href":"https:\/\/gimsoaragon.com\/en\/wp-json\/wp\/v2\/media?parent=1269"}],"curies":[{"name":"wp","href":"https:\/\/api.w.org\/{rel}","templated":true}]}}