{"id":1270,"date":"2017-05-24T08:46:07","date_gmt":"2017-05-24T08:46:07","guid":{"rendered":"https:\/\/gimsoaragon.com\/beatriz-abadia-alvarez\/"},"modified":"2017-09-21T08:09:00","modified_gmt":"2017-09-21T08:09:00","slug":"beatriz-abadia-alvarez","status":"publish","type":"page","link":"https:\/\/gimsoaragon.com\/en\/curriculum-vitae\/beatriz-abadia-alvarez\/","title":{"rendered":"Beatriz Abad\u00eda \u00c1lvarez"},"content":{"rendered":"<h4>FORMACI\u00d3N<\/h4>\n<ul>\n<li>M\u00e9dico Especialista en Oftalmolog\u00eda (Zaragoza, 2012-2016).<\/li>\n<li>M\u00e1ster en Direcci\u00f3n M\u00e9dica y Gesti\u00f3n Cl\u00ednica (UNED, 2011-2013).<\/li>\n<li>T\u00edtulo de Doctora en Medicina y Cirug\u00eda \u201cCum Laude\u201d (Zaragoza, 2011).<\/li>\n<li>Examen Europeo de Anestesiolog\u00eda (2011).<\/li>\n<li>T\u00edtulo Europeo de Ecocardiograf\u00eda Transesof\u00e1gica en el adulto (2010).<\/li>\n<li>M\u00e9dico Especialista en Anestesiolog\u00eda, Reanimaci\u00f3n y Terapia del dolor (Zaragoza, 2005-2009).<\/li>\n<li>Licenciada en Medicina y Cirug\u00eda (Zaragoza, 1998-2004). 15 Matr\u00edculas de Honor, 13 Sobresalientes y 4 Notables.<\/li>\n<li>Estancias Centros Internacionales:<\/li>\n<ul>\n<li>Observer de 3 semanas en Septiembre de 2014 en Corneal Service Toronto Western Hospital.<\/li>\n<li>Observer de 2 semanas en Mayo 2013 en Retinal Service Toronto Western Hospital.<\/li>\n<li>Estancia de 8 semanas en Toronto General Hospital (Toronto, Canad\u00e1) como observer en las secciones de Anestesia Cardiaca y Tor\u00e1cica. Julio y Agosto 2011.<\/li>\n<\/ul>\n<li>Estancias Centros Nacionales:<\/li>\n<ul>\n<li>Estancia de 2 meses, Diciembre 2015, Enero 2016 en Hospital Clinic de Barcelona, en secci\u00f3n neurooftalmolog\u00eda, Uveitis y Oculoplastia.<\/li>\n<li>Estancia de 2 meses, Junio y Julio de 2015 en el instituto oftalmol\u00f3gico Castiella en Bilbao especializado en estrabismos adulto e infantil.<\/li>\n<li>Estancia de 1 mes en Mayo 2014 en Hopital Clinico Universitario de Madrid en la Unidad de Superficie e inflamaci\u00f3n Ocular.<\/li>\n<li>Programa-Estancia (Superespecializaci\u00f3n) en anestesia cardiovascular y tor\u00e1cica con aprendizaje de ecocardiograf\u00eda transesofag\u00edca en Hospital Cl\u00ednic de Barcelona de Junio a Octubre (ambos inclusives) de 2009.<\/li>\n<li>Estancia en el Hospital Gregorio Mara\u00f1\u00f3n de Madrid durante el a\u00f1o 2010 para recogida de 125 casos de ecocardiograf\u00eda trasesof\u00e1gica.<\/li>\n<\/ul>\n<\/ul>\n<h4>L\u00cdNEAS DE INVESTIGACI\u00d3N<\/h4>\n<ul>\n<li>Participaci\u00f3n en 5 proyectos de investigaci\u00f3n de financiaci\u00f3n p\u00fablica.<\/li>\n<li>Participaci\u00f3n en 6 ensayos cl\u00ednicos en colaboraci\u00f3n con entidades privadas.<\/li>\n<\/ul>\n<h4>PRINCIPALES M\u00c9RITOS<\/h4>\n<ul>\n<li>Tercer premio a la mejor presentaci\u00f3n en panel presentada en las jornadas nacionales para m\u00e9dicos residentes en oftalmolog\u00eda. Madrid 12-13 junio 2015.<\/li>\n<li>VI premio Alcon a la Excelencia investigadora en glaucoma 2015 en la categor\u00eda de Equipo consolidado en Investigaci\u00f3n. 10\u00ba Congreso de la Sociedad Espa\u00f1ola de Glaucoma. Madrid 6 de Marzo de 2015.<\/li>\n<li>Primer premio en el VIII Certamen de Casos Cl\u00ednicos en Superficie Ocular en Octubre 2014 en el 90\u00ba Congreso de la sociedad espa\u00f1ola de oftalmolog\u00eda con el caso cl\u00ednico: Erosiones corneales recurrentes y queratitis lamelar difusa tras cirug\u00eda LASIK.<\/li>\n<li>Tercer premio en investigaci\u00f3n en medicina 2010-2011 convocados por el colegio Oficial de M\u00e9dicos de Valladolid a trav\u00e9s de su fundaci\u00f3n para la formaci\u00f3n por el trabajo Reproducibilidad del tom\u00f3grafo de alta resoluci\u00f3n Spectralis para el diagn\u00f3stico del glaucoma.<\/li>\n<li>Becas Fundaci\u00f3n instituto de investigaci\u00f3n sanitaria de Arag\u00f3n (IIS Arag\u00f3n) ayuda al residente investigador. Noviembre 2015.<\/li>\n<li>Beca de la Sociedad aragonesa de oftalmolog\u00eda. Octubre 2015.<\/li>\n<li>Beca de colaboraci\u00f3n en Departamento de Fisiolog\u00eda en la Universidad de Zaragoza (2003-2004).<\/li>\n<li>14 Publicaciones indexadas (PubMed) con factor de impacto, 28 Comunicaciones a congresos internacionales, 50 Comunicaciones a congresos nacionales.<\/li>\n<\/ul>\n<p><a href=\"\/wp-content\/uploads\/cvabadia.pdf\" target=\"_blank\"><i class=\"uk-icon-cloud-download\"><\/i> Descargar CV de\u00a0Beatriz Abad\u00eda \u00c1lvarez<\/a><\/p>\n<p>&nbsp;<\/p>\n","protected":false},"excerpt":{"rendered":"<p>FORMACI\u00d3N M\u00e9dico Especialista en Oftalmolog\u00eda (Zaragoza, 2012-2016). M\u00e1ster en Direcci\u00f3n M\u00e9dica y Gesti\u00f3n Cl\u00ednica (UNED, 2011-2013). T\u00edtulo de Doctora en Medicina y Cirug\u00eda \u201cCum Laude\u201d (Zaragoza, 2011). Examen Europeo de&#8230; <a style=\"color: #e4262b\" class=\"read-more\" href=\"https:\/\/gimsoaragon.com\/en\/curriculum-vitae\/beatriz-abadia-alvarez\/\">more<\/a><\/p>\n","protected":false},"author":1,"featured_media":0,"parent":1275,"menu_order":0,"comment_status":"closed","ping_status":"closed","template":"","meta":{"_acf_changed":false,"footnotes":""},"class_list":["post-1270","page","type-page","status-publish","hentry"],"acf":[],"_links":{"self":[{"href":"https:\/\/gimsoaragon.com\/en\/wp-json\/wp\/v2\/pages\/1270","targetHints":{"allow":["GET"]}}],"collection":[{"href":"https:\/\/gimsoaragon.com\/en\/wp-json\/wp\/v2\/pages"}],"about":[{"href":"https:\/\/gimsoaragon.com\/en\/wp-json\/wp\/v2\/types\/page"}],"author":[{"embeddable":true,"href":"https:\/\/gimsoaragon.com\/en\/wp-json\/wp\/v2\/users\/1"}],"replies":[{"embeddable":true,"href":"https:\/\/gimsoaragon.com\/en\/wp-json\/wp\/v2\/comments?post=1270"}],"version-history":[{"count":1,"href":"https:\/\/gimsoaragon.com\/en\/wp-json\/wp\/v2\/pages\/1270\/revisions"}],"predecessor-version":[{"id":1279,"href":"https:\/\/gimsoaragon.com\/en\/wp-json\/wp\/v2\/pages\/1270\/revisions\/1279"}],"up":[{"embeddable":true,"href":"https:\/\/gimsoaragon.com\/en\/wp-json\/wp\/v2\/pages\/1275"}],"wp:attachment":[{"href":"https:\/\/gimsoaragon.com\/en\/wp-json\/wp\/v2\/media?parent=1270"}],"curies":[{"name":"wp","href":"https:\/\/api.w.org\/{rel}","templated":true}]}}