{"id":1271,"date":"2017-05-22T14:18:11","date_gmt":"2017-05-22T14:18:11","guid":{"rendered":"https:\/\/gimsoaragon.com\/vicente-polo\/"},"modified":"2017-09-21T08:10:24","modified_gmt":"2017-09-21T08:10:24","slug":"vicente-polo","status":"publish","type":"page","link":"https:\/\/gimsoaragon.com\/en\/curriculum-vitae\/vicente-polo\/","title":{"rendered":"Vicente Polo"},"content":{"rendered":"<h4>FORMACI\u00d3N<\/h4>\n<ul>\n<li>Especialista en Oftalmolog\u00eda v\u00eda MIR (1994-1997) en Hospital Universitario Miguel Servet de Zaragoza.<\/li>\n<li>Facultativo especialista en Oftalmolog\u00eda (desde 1998) en Hospital Universitario Miguel Servet de Zaragoza. Estatutario fijo desde 2005.<\/li>\n<li>Jefe de Secci\u00f3n de Glaucoma (desde 2014), Hospital Universitario Miguel Servet de Zaragoza.<\/li>\n<li>Doctor en Medicina y Cirug\u00eda (1997) en la Universidad de Zaragoza, con calificaci\u00f3n Sobresaliente \u201ccum laude\u201d.<\/li>\n<li>Premio Extraordinario de Doctorado (1998) en la Universidad de Zaragoza.<\/li>\n<li>Profesor Titular de Oftalmolog\u00eda, Universidad de Zaragoza (2008).<\/li>\n<li>Responsable de la Unidad de Pregrado de la Universidad de Zaragoza en el Hospital Universitario \u201cMiguel Servet\u201d (desde 2012).<\/li>\n<li>Coordinador de la Unidad Universitaria de Funci\u00f3n Visual de la Universidad de Zaragoza en el Hospital Universitario \u201cMiguel Servet\u201d (desde 2012).<\/li>\n<li>Estancia en Centro International, Royal Victoria University Hospital y Queen\u00b4s University, Belfast, UK.<\/li>\n<\/ul>\n<h4>L\u00cdNEAS DE INVESTIGACI\u00d3N<\/h4>\n<ul>\n<li>Participaci\u00f3n en 29 proyectos de investigaci\u00f3n de financiaci\u00f3n publica.<\/li>\n<li>Participaci\u00f3n en 42 proyectos de investigaci\u00f3n de financiaci\u00f3n privada.<\/li>\n<li>2 Tramos de evaluaci\u00f3n positiva de la Comisi\u00f3n Nacional Evaluadora de la Actividad Investigadora (1996-2001 y 2002-2008).<\/li>\n<\/ul>\n<h4>PRINCIPALES M\u00c9RITOS<\/h4>\n<ul>\n<li>Autor de 94 art\u00edculos cient\u00edficos indexados y con FI; 36 art\u00edculos cient\u00edficos indexados; y 62 art\u00edculos cient\u00edficos no indexados.<\/li>\n<li>Autor de + 40 cap\u00edtulos de libros y 2 libros.<\/li>\n<li>+ 400 Comunicaciones en Congresos Nacionales e Internacionales.<\/li>\n<li>Director de 15 tesis doctorales.<\/li>\n<\/ul>\n<p><a href=\"\/wp-content\/uploads\/cvpolo.pdf\" target=\"_blank\"><i class=\"uk-icon-cloud-download\"><\/i> Descargar CV de\u00a0Vicente Polo<\/a><\/p>\n<p>&nbsp;<\/p>\n","protected":false},"excerpt":{"rendered":"<p>FORMACI\u00d3N Especialista en Oftalmolog\u00eda v\u00eda MIR (1994-1997) en Hospital Universitario Miguel Servet de Zaragoza. Facultativo especialista en Oftalmolog\u00eda (desde 1998) en Hospital Universitario Miguel Servet de Zaragoza. Estatutario fijo desde&#8230; <a style=\"color: #e4262b\" class=\"read-more\" href=\"https:\/\/gimsoaragon.com\/en\/curriculum-vitae\/vicente-polo\/\">more<\/a><\/p>\n","protected":false},"author":2,"featured_media":0,"parent":1275,"menu_order":0,"comment_status":"closed","ping_status":"closed","template":"","meta":{"_acf_changed":false,"footnotes":""},"class_list":["post-1271","page","type-page","status-publish","hentry"],"acf":[],"_links":{"self":[{"href":"https:\/\/gimsoaragon.com\/en\/wp-json\/wp\/v2\/pages\/1271","targetHints":{"allow":["GET"]}}],"collection":[{"href":"https:\/\/gimsoaragon.com\/en\/wp-json\/wp\/v2\/pages"}],"about":[{"href":"https:\/\/gimsoaragon.com\/en\/wp-json\/wp\/v2\/types\/page"}],"author":[{"embeddable":true,"href":"https:\/\/gimsoaragon.com\/en\/wp-json\/wp\/v2\/users\/2"}],"replies":[{"embeddable":true,"href":"https:\/\/gimsoaragon.com\/en\/wp-json\/wp\/v2\/comments?post=1271"}],"version-history":[{"count":1,"href":"https:\/\/gimsoaragon.com\/en\/wp-json\/wp\/v2\/pages\/1271\/revisions"}],"predecessor-version":[{"id":1312,"href":"https:\/\/gimsoaragon.com\/en\/wp-json\/wp\/v2\/pages\/1271\/revisions\/1312"}],"up":[{"embeddable":true,"href":"https:\/\/gimsoaragon.com\/en\/wp-json\/wp\/v2\/pages\/1275"}],"wp:attachment":[{"href":"https:\/\/gimsoaragon.com\/en\/wp-json\/wp\/v2\/media?parent=1271"}],"curies":[{"name":"wp","href":"https:\/\/api.w.org\/{rel}","templated":true}]}}