{"id":1272,"date":"2017-05-22T13:44:32","date_gmt":"2017-05-22T13:44:32","guid":{"rendered":"https:\/\/gimsoaragon.com\/luis-e-pablo-julvez\/"},"modified":"2017-09-21T08:09:53","modified_gmt":"2017-09-21T08:09:53","slug":"luis-e-pablo-julvez","status":"publish","type":"page","link":"https:\/\/gimsoaragon.com\/en\/curriculum-vitae\/luis-e-pablo-julvez\/","title":{"rendered":"Luis E. Pablo J\u00falvez"},"content":{"rendered":"<h4>FORMACI\u00d3N<\/h4>\n<ul>\n<li>Especialista en oftalmolog\u00eda v\u00eda MIR (1990-1993) en el Hospital Universitario Miguel Servet de Zaragoza.<\/li>\n<li>Doctor en Medicina y Cirug\u00eda por la Universidad de Zaragoza (1994) con calificaci\u00f3n Cum Laude.<\/li>\n<li>Curso de Programaci\u00f3n, organizaci\u00f3n y gesti\u00f3n de servicios m\u00e9dicos hospitalarios. Fundaci\u00f3n Rey Alfonso XIII, Zaragoza 1997.<\/li>\n<li>Experto Universitario en Gestion cl\u00ednica. Escuela Nacional de Sanidad, Fundaci\u00f3n Empresa Universidad 1999-2000.<\/li>\n<li>M\u00e1ster en Gesti\u00f3n Cl\u00ednica. Instituto de Salud Carlos III. 2004-2005.<\/li>\n<\/ul>\n<h4>L\u00cdNEAS DE INVESTIGACI\u00d3N<\/h4>\n<ul>\n<li>Investigador en 35 proyectos de Investigaci\u00f3n financiados por entidades p\u00fablicas, 13 de ellos como investigador principal.<\/li>\n<li>Investigador en 32 proyectos de investigaci\u00f3n financiados por entidades privadas, 6 de ellos como investigador principal.<\/li>\n<li>Explotaci\u00f3n de 2 patentes.<\/li>\n<\/ul>\n<h4>PRINCIPALES M\u00c9RITOS<\/h4>\n<ul>\n<li>Catedr\u00e1tico de Oftalmolog\u00eda, Universidad de Zaragoza (2013-presente). Jefe de departamento \u201cCirug\u00eda, Obstetricia y ginecolog\u00eda\u201d de la Universidad de Zaragoza (2015-presente). Jefe de servicio de Oftalmolog\u00eda del Hospital Miguel Servet, Hospital Royo Villanova y Hospital Nuestra se\u00f1ora de Gracia, de Zaragoza.<\/li>\n<li>Director de 9 tesis doctorales, todas ellas calificadas \u201cCum Laude\u201d. Director de 4 cursos monogr\u00e1ficos de doctorado, profesor asociado de 7 cursos de doctorado. Organizador de 10 cursos formativos para oftalm\u00f3logos (1995-2010) y profesor colaborador en 34 cursos formativos para oftalm\u00f3lgos (1992-2015). Director de 12 proyectos de innovaci\u00f3n formativa, adjudicados por concurso p\u00fablico (2006-2016).<\/li>\n<li>Subdirector m\u00e9dico del Instituto de Investigaci\u00f3n Sanitaria de Arag\u00f3n (IIS-A).<\/li>\n<li>Autor de 154 art\u00edculos indexados en PubMed (63 de ellos como autor principal). Autor\/editor de 5 libros cient\u00edficos. Coautor de 32 cap\u00edtulos de libros cient\u00edficos indexados.<\/li>\n<li>Ponente invitado en 58 congresos\/reuniones nacionales, 27 en congresos internacionales. 217 comunicaciones a congresos internacionales. 135 a congresos nacionales.<\/li>\n<li>Galardonado con 12 premios de investigaci\u00f3n, entre ellos el premio Arruga (mejor carrera oftalmol\u00f3gica en menores de 40 a\u00f1os) de la Sociedad Espa\u00f1ola de Oftalmolog\u00eda, 2001.<\/li>\n<li>Miembro del Comit\u00e9 \u00c9tico de Investigaci\u00f3n del Hospital Cl\u00ednico de Zaragoza (2001-2004). Presidente del Comit\u00e9 de Investigaci\u00f3n del Hospital Universitario Miguel Servet (2004-presente). Miembro del comit\u00e9 de investigaci\u00f3n del Instituto Aragones de Ciencias de la Salud (2003-2010). Evaluador de proyectos FIS del Instituto de Salud Carlos III (2005-presente).<\/li>\n<\/ul>\n<p><a href=\"\/wp-content\/uploads\/cvpablo.pdf\" target=\"_blank\"><i class=\"uk-icon-cloud-download\"><\/i> Descargar CV de\u00a0Luis E. Pablo J\u00falvez<\/a><\/p>\n<p>&nbsp;<\/p>\n","protected":false},"excerpt":{"rendered":"<p>FORMACI\u00d3N Especialista en oftalmolog\u00eda v\u00eda MIR (1990-1993) en el Hospital Universitario Miguel Servet de Zaragoza. Doctor en Medicina y Cirug\u00eda por la Universidad de Zaragoza (1994) con calificaci\u00f3n Cum Laude&#8230;. <a style=\"color: #e4262b\" class=\"read-more\" href=\"https:\/\/gimsoaragon.com\/en\/curriculum-vitae\/luis-e-pablo-julvez\/\">more<\/a><\/p>\n","protected":false},"author":2,"featured_media":0,"parent":1275,"menu_order":0,"comment_status":"closed","ping_status":"closed","template":"","meta":{"_acf_changed":false,"footnotes":""},"class_list":["post-1272","page","type-page","status-publish","hentry"],"acf":[],"_links":{"self":[{"href":"https:\/\/gimsoaragon.com\/en\/wp-json\/wp\/v2\/pages\/1272","targetHints":{"allow":["GET"]}}],"collection":[{"href":"https:\/\/gimsoaragon.com\/en\/wp-json\/wp\/v2\/pages"}],"about":[{"href":"https:\/\/gimsoaragon.com\/en\/wp-json\/wp\/v2\/types\/page"}],"author":[{"embeddable":true,"href":"https:\/\/gimsoaragon.com\/en\/wp-json\/wp\/v2\/users\/2"}],"replies":[{"embeddable":true,"href":"https:\/\/gimsoaragon.com\/en\/wp-json\/wp\/v2\/comments?post=1272"}],"version-history":[{"count":1,"href":"https:\/\/gimsoaragon.com\/en\/wp-json\/wp\/v2\/pages\/1272\/revisions"}],"predecessor-version":[{"id":1300,"href":"https:\/\/gimsoaragon.com\/en\/wp-json\/wp\/v2\/pages\/1272\/revisions\/1300"}],"up":[{"embeddable":true,"href":"https:\/\/gimsoaragon.com\/en\/wp-json\/wp\/v2\/pages\/1275"}],"wp:attachment":[{"href":"https:\/\/gimsoaragon.com\/en\/wp-json\/wp\/v2\/media?parent=1272"}],"curies":[{"name":"wp","href":"https:\/\/api.w.org\/{rel}","templated":true}]}}