{"id":699,"date":"2017-06-06T15:15:53","date_gmt":"2017-06-06T15:15:53","guid":{"rendered":"http:\/\/gimsoaragon.com\/?page_id=699\/"},"modified":"2017-09-21T08:07:58","modified_gmt":"2017-09-21T08:07:58","slug":"beatriz-cameo-gracia","status":"publish","type":"page","link":"https:\/\/gimsoaragon.com\/en\/curriculum-vitae\/beatriz-cameo-gracia\/","title":{"rendered":"Beatriz Cameo Gracia"},"content":{"rendered":"<h4>FORMACI\u00d3N<\/h4>\n<ul>\n<li>Diplomada en \u00d3ptica y Optometr\u00eda por la Universidad de Zaragoza. (2008-2011).<\/li>\n<li>Graduada en \u00d3ptica y Optometr\u00eda por la Universidad Europea de Madrid (2012-2013).<\/li>\n<li>M\u00e1ster oficial en Optometr\u00eda Cl\u00ednica por la Universidad Europea de Madrid. (2011-2012).<\/li>\n<li>Actualmente cursando el Doctorado a trav\u00e9s de la Universidad de Zaragoza. (Octubre 2016).<\/li>\n<\/ul>\n<h4>L\u00cdNEAS DE INVESTIGACI\u00d3N<\/h4>\n<ul>\n<li>Participaci\u00f3n en proyectos de Investigaci\u00f3n de la Secci\u00f3n de Glaucoma del Hospital Universitario Miguel Servet de Zaragoza.<\/li>\n<li>Participaci\u00f3n en 42 proyectos de investigaci\u00f3n de financiaci\u00f3n privada.<\/li>\n<li>2 Tramos de evaluaci\u00f3n positiva de la Comisi\u00f3n Nacional Evaluadora de la Actividad Investigadora (1996-2001 y 2002-2008).<\/li>\n<\/ul>\n<h4>PRINCIPALES M\u00c9RITOS<\/h4>\n<ul>\n<li>Colaborador docente de la Universidad de Zaragoza (Cursos 2015-2016 y 2016-2017).<\/li>\n<li>Tutora Profesional de pr\u00e1cticas para alumnos de 4\u00ba curso del Grado de \u00d3ptica y Optometr\u00eda de la Universidad de Zaragoza, a trav\u00e9s del Hospital Universitario Miguel Servet. (Cursos 2015-2016 y 2016-2017).<\/li>\n<li>Actualmente \u201cStudy Coordinator Ophthalmology\u201d de 5 Ensayos Cl\u00ednicos a nivel internacional:\n<ul>\n<li>CP10-002 Hydrus III Trial Study (Ivantis)<\/li>\n<li>CP-11-001 Hydrus 4 Study(Ivantis)<\/li>\n<li>CP-12-001 HydrusV Study (Ivantis)<\/li>\n<li>Artemis. Estudio 192024-091 (Allergan)<\/li>\n<li>Piromelatine-IOP1 (QPS)<\/li>\n<\/ul>\n<\/li>\n<li>Co-autora de 4 Art\u00edculos Cient\u00edficos:\n<ul>\n<li>\u201cEvaluation of the Macular Ganglion Cell-Inner Plexiform Layer and the Circumpapillary Retinal Nerve Fiber Layer in Early to Se vere Stages of Glaucoma: Correlation with Central Visual Function and Visual Field Indexes\u201d. [10\/01\/2017].<\/li>\n<li>\u201cEvaluation of Contrast Sensivity, Chromatic Vision, and Reading Ability in Patients with Primary Open Angle Glaucoma\u201d [2016].<\/li>\n<li>\u201cDiagn\u00f3stico de fibrosis en ampolla de trabeculectom\u00eda mediante OCT de segmento anterior: a prop\u00f3sito de un caso\u201d [2016].<\/li>\n<li>\u201cUtilidades del OCT de segmento anterior en el seguimiento de pacientes con glaucoma\u201d. [2016].<\/li>\n<\/ul>\n<\/li>\n<li>Participaci\u00f3n en congresos cient\u00edficos: 9 comunicaciones orales, 2 comunicaciones en panel.<\/li>\n<li>Otros cursos:\n<ul>\n<li>Curso Modular \u201cGesti\u00f3n Integral de una unidad de alta resoluci\u00f3n de cirug\u00eda de catarata\u201d (ISS Arag\u00f3n) [2016].<\/li>\n<li>Curso de \u201cOptometr\u00eda Pedi\u00e1trica\u201d (CNOO, delegaci\u00f3n de Arag\u00f3n) [2015].<\/li>\n<li>Curso de \u201c Disfunciones Binoculares. Diagn\u00f3stico y Terapia\u201d (CNOO, delegaci\u00f3n de Arag\u00f3n) [2015].<\/li>\n<li>Jornadas Cl\u00ednicas CNOO: C\u00f3rnea, lentes de contacto y tecnolog\u00edas refractivas. [2013]. [2016]<\/li>\n<li>Curso \u201cAn\u00e1lisis y valoraci\u00f3n de la Visi\u00f3n Geri\u00e1trica: Atenci\u00f3n Primaria\u201d. [2013].<\/li>\n<li>Jornadas de actualizaci\u00f3n en Superficie Ocular y Lentes de Contacto. [2012].<\/li>\n<li>Jornadas de Formaci\u00f3n Continuada en \u201coptometr\u00eda Pedi\u00e1trica y Terapia Visual. [2012].<\/li>\n<\/ul>\n<\/li>\n<\/ul>\n<p><a href=\"\/wp-content\/uploads\/cvcameo.pdf\" target=\"_blank\"><i class=\"uk-icon-cloud-download\"><\/i> Descargar CV de\u00a0Beatriz Cameo Gracia<\/a><\/p>\n<p>&nbsp;<\/p>\n","protected":false},"excerpt":{"rendered":"<p>FORMACI\u00d3N Diplomada en \u00d3ptica y Optometr\u00eda por la Universidad de Zaragoza. (2008-2011). Graduada en \u00d3ptica y Optometr\u00eda por la Universidad Europea de Madrid (2012-2013). M\u00e1ster oficial en Optometr\u00eda Cl\u00ednica por&#8230; <a style=\"color: #e4262b\" class=\"read-more\" href=\"https:\/\/gimsoaragon.com\/en\/curriculum-vitae\/beatriz-cameo-gracia\/\">more<\/a><\/p>\n","protected":false},"author":2,"featured_media":0,"parent":1275,"menu_order":0,"comment_status":"closed","ping_status":"closed","template":"","meta":{"_acf_changed":false,"footnotes":""},"class_list":["post-699","page","type-page","status-publish","hentry"],"acf":[],"_links":{"self":[{"href":"https:\/\/gimsoaragon.com\/en\/wp-json\/wp\/v2\/pages\/699","targetHints":{"allow":["GET"]}}],"collection":[{"href":"https:\/\/gimsoaragon.com\/en\/wp-json\/wp\/v2\/pages"}],"about":[{"href":"https:\/\/gimsoaragon.com\/en\/wp-json\/wp\/v2\/types\/page"}],"author":[{"embeddable":true,"href":"https:\/\/gimsoaragon.com\/en\/wp-json\/wp\/v2\/users\/2"}],"replies":[{"embeddable":true,"href":"https:\/\/gimsoaragon.com\/en\/wp-json\/wp\/v2\/comments?post=699"}],"version-history":[{"count":1,"href":"https:\/\/gimsoaragon.com\/en\/wp-json\/wp\/v2\/pages\/699\/revisions"}],"predecessor-version":[{"id":763,"href":"https:\/\/gimsoaragon.com\/en\/wp-json\/wp\/v2\/pages\/699\/revisions\/763"}],"up":[{"embeddable":true,"href":"https:\/\/gimsoaragon.com\/en\/wp-json\/wp\/v2\/pages\/1275"}],"wp:attachment":[{"href":"https:\/\/gimsoaragon.com\/en\/wp-json\/wp\/v2\/media?parent=699"}],"curies":[{"name":"wp","href":"https:\/\/api.w.org\/{rel}","templated":true}]}}